{"id":906,"date":"2019-06-17T05:59:11","date_gmt":"2019-06-17T05:59:11","guid":{"rendered":"http:\/\/bodybagstock.com\/?post_type=product&#038;p=906"},"modified":"2019-12-02T10:17:15","modified_gmt":"2019-12-02T10:17:15","slug":"bd21-12mil-300micron-adults-peva-body-bag","status":"publish","type":"product","link":"https:\/\/bodybagstock.com\/fr\/produit\/bd21-12mil-300micron-adultes-peva-body-bag\/","title":{"rendered":"BD21 12mil 300micron adultes PEVA body bag"},"content":{"rendered":"<p>BD21 12mil 300micron adultes PEVA body bag<br \/>\n- PEVA lin\u00e9aire renforc\u00e9 pour usage intensif<br \/>\n- noir blanc, opaque ou autres couleurs<br \/>\n- \u00e9paisseur 300micron, 12mil<br \/>\n- non biod\u00e9gradable<br \/>\n- imperm\u00e9able<br \/>\n- r\u00e9sistant \u00e0 la d\u00e9chirure<br \/>\n- 8 poign\u00e9es anti-\u00e9clats, soudure int\u00e9rieure s\u00e9parant les poign\u00e9es du sac<br \/>\n- coutures imperm\u00e9ables, double \u00e9paisseur,<br \/>\n- Fermeture \u00e9clair en U<br \/>\n- pochette \u00e0 documents<\/p>","protected":false},"excerpt":{"rendered":"<p>BD21 12mil 300micron adults PEVA body bag &#8211; linear reinforced heavy duty PEVA &#8211; black&#8230;<\/p>","protected":false},"featured_media":907,"comment_status":"open","ping_status":"closed","template":"","meta":{"_seopress_robots_primary_cat":"","_seopress_titles_title":"","_seopress_titles_desc":"","_seopress_robots_index":""},"_links":{"self":[{"href":"https:\/\/bodybagstock.com\/fr\/wp-json\/wp\/v2\/product\/906"}],"collection":[{"href":"https:\/\/bodybagstock.com\/fr\/wp-json\/wp\/v2\/product"}],"about":[{"href":"https:\/\/bodybagstock.com\/fr\/wp-json\/wp\/v2\/types\/product"}],"replies":[{"embeddable":true,"href":"https:\/\/bodybagstock.com\/fr\/wp-json\/wp\/v2\/comments?post=906"}],"wp:featuredmedia":[{"embeddable":true,"href":"https:\/\/bodybagstock.com\/fr\/wp-json\/wp\/v2\/media\/907"}],"wp:attachment":[{"href":"https:\/\/bodybagstock.com\/fr\/wp-json\/wp\/v2\/media?parent=906"}],"curies":[{"name":"wp","href":"https:\/\/api.w.org\/{rel}","templated":true}]}}