{"id":904,"date":"2019-06-17T05:58:36","date_gmt":"2019-06-17T05:58:36","guid":{"rendered":"http:\/\/bodybagstock.com\/?post_type=product&#038;p=904"},"modified":"2019-12-02T10:17:53","modified_gmt":"2019-12-02T10:17:53","slug":"bd20-stereo-metric-formula-pvc-body-bag","status":"publish","type":"product","link":"https:\/\/bodybagstock.com\/fr\/produit\/bd20-stereo-metric-formula-pvc-body-bag\/","title":{"rendered":"BD20 Formule st\u00e9r\u00e9o-m\u00e9trique Sacoche en PVC"},"content":{"rendered":"<p>BD20 Formule st\u00e9r\u00e9o-m\u00e9trique Sacoche en PVC<\/p>\n<p>1) formule st\u00e9r\u00e9om\u00e9trique sac de corps en pvc, 4 poign\u00e9es<br \/>\n2) taille : 230x80x25cm ou selon la demande des acheteurs<br \/>\n3) \u00e9tanche<\/p>","protected":false},"excerpt":{"rendered":"<p>BD20 Stereo-metric formula PVC body bag 1) stereometric formula pvc body bag, 4 handles 2)&#8230;<\/p>","protected":false},"featured_media":905,"comment_status":"open","ping_status":"closed","template":"","meta":{"_seopress_robots_primary_cat":"","_seopress_titles_title":"","_seopress_titles_desc":"","_seopress_robots_index":""},"_links":{"self":[{"href":"https:\/\/bodybagstock.com\/fr\/wp-json\/wp\/v2\/product\/904"}],"collection":[{"href":"https:\/\/bodybagstock.com\/fr\/wp-json\/wp\/v2\/product"}],"about":[{"href":"https:\/\/bodybagstock.com\/fr\/wp-json\/wp\/v2\/types\/product"}],"replies":[{"embeddable":true,"href":"https:\/\/bodybagstock.com\/fr\/wp-json\/wp\/v2\/comments?post=904"}],"wp:featuredmedia":[{"embeddable":true,"href":"https:\/\/bodybagstock.com\/fr\/wp-json\/wp\/v2\/media\/905"}],"wp:attachment":[{"href":"https:\/\/bodybagstock.com\/fr\/wp-json\/wp\/v2\/media?parent=904"}],"curies":[{"name":"wp","href":"https:\/\/api.w.org\/{rel}","templated":true}]}}