{"id":898,"date":"2019-06-17T05:56:07","date_gmt":"2019-06-17T05:56:07","guid":{"rendered":"http:\/\/bodybagstock.com\/?post_type=product&#038;p=898"},"modified":"2019-12-02T10:20:24","modified_gmt":"2019-12-02T10:20:24","slug":"bd17-straight-zipper-adult-body-bag","status":"publish","type":"product","link":"https:\/\/bodybagstock.com\/fr\/produit\/bd17-straight-zipper-adult-body-bag\/","title":{"rendered":"BD17 Fermeture \u00e9clair droite Sac de corps pour adultes"},"content":{"rendered":"<p>BD17 Fermeture \u00e9clair droite Sac de corps pour adultes<br \/>\n1) PP WOVEN+PE, \u00e9paisseur : 155gsm<br \/>\n2) Fermeture \u00e0 glissi\u00e8re droite,<\/p>","protected":false},"excerpt":{"rendered":"<p>BD17 Sac de corps pour adulte \u00e0 fermeture \u00e9clair droite 1) PP WOVEN+PE, \u00e9paisseur : 155gsm 2) Fermeture \u00e9clair droite,<\/p>","protected":false},"featured_media":899,"comment_status":"open","ping_status":"closed","template":"","meta":{"_seopress_robots_primary_cat":"","_seopress_titles_title":"","_seopress_titles_desc":"","_seopress_robots_index":""},"_links":{"self":[{"href":"https:\/\/bodybagstock.com\/fr\/wp-json\/wp\/v2\/product\/898"}],"collection":[{"href":"https:\/\/bodybagstock.com\/fr\/wp-json\/wp\/v2\/product"}],"about":[{"href":"https:\/\/bodybagstock.com\/fr\/wp-json\/wp\/v2\/types\/product"}],"replies":[{"embeddable":true,"href":"https:\/\/bodybagstock.com\/fr\/wp-json\/wp\/v2\/comments?post=898"}],"wp:featuredmedia":[{"embeddable":true,"href":"https:\/\/bodybagstock.com\/fr\/wp-json\/wp\/v2\/media\/899"}],"wp:attachment":[{"href":"https:\/\/bodybagstock.com\/fr\/wp-json\/wp\/v2\/media?parent=898"}],"curies":[{"name":"wp","href":"https:\/\/api.w.org\/{rel}","templated":true}]}}