{"id":890,"date":"2019-06-17T05:52:47","date_gmt":"2019-06-17T05:52:47","guid":{"rendered":"http:\/\/bodybagstock.com\/?post_type=product&#038;p=890"},"modified":"2019-12-02T10:22:38","modified_gmt":"2019-12-02T10:22:38","slug":"bd13-non-woven-4-handles-body-bag","status":"publish","type":"product","link":"https:\/\/bodybagstock.com\/fr\/produit\/bd13-non-tisse-4-poignees-sac-de-corps\/","title":{"rendered":"BD13 Sac de corps non tiss\u00e9 \u00e0 4 anses"},"content":{"rendered":"<p>BD13 Sac de corps non tiss\u00e9 \u00e0 4 anses<\/p>\n<p>1)pp+pe(pe recouvert de non-tiss\u00e9)<br \/>\n2)\u00e9paisseur:60gsm<br \/>\n3)taille 220\u00d785<br \/>\n4)4 poign\u00e9es<br \/>\n5) Ce type de sac convient \u00e0 la cr\u00e9mation d'enfants et d'animaux. Il peut contenir 70 kg.<\/p>","protected":false},"excerpt":{"rendered":"<p>BD13 Non-woven 4 handles body bag 1)pp+pe(non-woven covered pe) 2)thickness:60gsm 3)size 220&#215;85 4)4 handles 5)this&#8230;<\/p>","protected":false},"featured_media":891,"comment_status":"open","ping_status":"closed","template":"","meta":{"_seopress_robots_primary_cat":"","_seopress_titles_title":"","_seopress_titles_desc":"","_seopress_robots_index":""},"_links":{"self":[{"href":"https:\/\/bodybagstock.com\/fr\/wp-json\/wp\/v2\/product\/890"}],"collection":[{"href":"https:\/\/bodybagstock.com\/fr\/wp-json\/wp\/v2\/product"}],"about":[{"href":"https:\/\/bodybagstock.com\/fr\/wp-json\/wp\/v2\/types\/product"}],"replies":[{"embeddable":true,"href":"https:\/\/bodybagstock.com\/fr\/wp-json\/wp\/v2\/comments?post=890"}],"wp:featuredmedia":[{"embeddable":true,"href":"https:\/\/bodybagstock.com\/fr\/wp-json\/wp\/v2\/media\/891"}],"wp:attachment":[{"href":"https:\/\/bodybagstock.com\/fr\/wp-json\/wp\/v2\/media?parent=890"}],"curies":[{"name":"wp","href":"https:\/\/api.w.org\/{rel}","templated":true}]}}