{"id":884,"date":"2019-06-17T05:50:37","date_gmt":"2019-06-17T05:50:37","guid":{"rendered":"http:\/\/bodybagstock.com\/?post_type=product&#038;p=884"},"modified":"2021-05-23T01:54:24","modified_gmt":"2021-05-23T01:54:24","slug":"bd10-4-handles-peva-body-bag-material-peva","status":"publish","type":"product","link":"https:\/\/bodybagstock.com\/fr\/produit\/bd10-4-handles-peva-body-bag-material-peva\/","title":{"rendered":"BD10 Sac de corps \u00e0 4 poign\u00e9es en PEVA Mat\u00e9riau : PEVA"},"content":{"rendered":"<p>BD10 Sac de corps \u00e0 4 poign\u00e9es en PEVA Mat\u00e9riau : PEVA, 300 MIRCONS. TAILLE : 220X100CM, AVEC POCHETTE D'IDENTIFICATION, FERMETURE \u00c9CLAIR EN FORME DE U, \u00c9TANCHE,<br \/>\nTAILLE DU CARTON : 58X38X18 10PCS PAR CARTON, POIDS BRUT:14.8KGS<\/p>","protected":false},"excerpt":{"rendered":"<p>BD10 4 handles PEVA body bag Material: PEVA, 300 MIRCONS. SIZE: 220X100CM, WITH ID POUCH,&#8230;<\/p>","protected":false},"featured_media":885,"comment_status":"open","ping_status":"closed","template":"","meta":{"_seopress_robots_primary_cat":"","_seopress_titles_title":"","_seopress_titles_desc":"","_seopress_robots_index":""},"_links":{"self":[{"href":"https:\/\/bodybagstock.com\/fr\/wp-json\/wp\/v2\/product\/884"}],"collection":[{"href":"https:\/\/bodybagstock.com\/fr\/wp-json\/wp\/v2\/product"}],"about":[{"href":"https:\/\/bodybagstock.com\/fr\/wp-json\/wp\/v2\/types\/product"}],"replies":[{"embeddable":true,"href":"https:\/\/bodybagstock.com\/fr\/wp-json\/wp\/v2\/comments?post=884"}],"wp:featuredmedia":[{"embeddable":true,"href":"https:\/\/bodybagstock.com\/fr\/wp-json\/wp\/v2\/media\/885"}],"wp:attachment":[{"href":"https:\/\/bodybagstock.com\/fr\/wp-json\/wp\/v2\/media?parent=884"}],"curies":[{"name":"wp","href":"https:\/\/api.w.org\/{rel}","templated":true}]}}