{"id":882,"date":"2019-06-17T05:49:45","date_gmt":"2019-06-17T05:49:45","guid":{"rendered":"http:\/\/bodybagstock.com\/?post_type=product&#038;p=882"},"modified":"2019-12-02T10:24:30","modified_gmt":"2019-12-02T10:24:30","slug":"bd9-200-mircons-pvc-body-bag-size-230x92cm","status":"publish","type":"product","link":"https:\/\/bodybagstock.com\/fr\/produit\/bd9-200-mircons-pvc-body-bag-size-230x92cm\/","title":{"rendered":"BD9 200 MIRCONS Sac de corps en PVC TAILLE 230X92CM"},"content":{"rendered":"<p>BD9 200 MIRCONS Sac de corps en PVC TAILLE 230X92CM, ZIPPER en forme de U,<br \/>\n6 POIGN\u00c9ES, \u00c9TANCHE, AVEC FEN\u00caTRE TRANSPARENTE, TAILLE DU CARTON :<br \/>\n58X33X27 , 18PCS, POIDS BRUT 18.8KGS<\/p>","protected":false},"excerpt":{"rendered":"<p>BD9 200 MIRCONS PVC body bag SIZE 230X92CM, U SHAPE ZIPPER, 6HANDLES, LEAKPROOF, WITH CLEAR&#8230;<\/p>","protected":false},"featured_media":883,"comment_status":"open","ping_status":"closed","template":"","meta":{"_seopress_robots_primary_cat":"","_seopress_titles_title":"","_seopress_titles_desc":"","_seopress_robots_index":""},"_links":{"self":[{"href":"https:\/\/bodybagstock.com\/fr\/wp-json\/wp\/v2\/product\/882"}],"collection":[{"href":"https:\/\/bodybagstock.com\/fr\/wp-json\/wp\/v2\/product"}],"about":[{"href":"https:\/\/bodybagstock.com\/fr\/wp-json\/wp\/v2\/types\/product"}],"replies":[{"embeddable":true,"href":"https:\/\/bodybagstock.com\/fr\/wp-json\/wp\/v2\/comments?post=882"}],"wp:featuredmedia":[{"embeddable":true,"href":"https:\/\/bodybagstock.com\/fr\/wp-json\/wp\/v2\/media\/883"}],"wp:attachment":[{"href":"https:\/\/bodybagstock.com\/fr\/wp-json\/wp\/v2\/media?parent=882"}],"curies":[{"name":"wp","href":"https:\/\/api.w.org\/{rel}","templated":true}]}}