{"id":880,"date":"2019-06-17T05:49:06","date_gmt":"2019-06-17T05:49:06","guid":{"rendered":"http:\/\/bodybagstock.com\/?post_type=product&#038;p=880"},"modified":"2019-12-02T10:24:59","modified_gmt":"2019-12-02T10:24:59","slug":"bd8-peva-body-bag-for-child-12080cm","status":"publish","type":"product","link":"https:\/\/bodybagstock.com\/fr\/produit\/bd8-peva-body-bag-pour-enfant-12080cm\/","title":{"rendered":"BD8 Sac PEVA pour enfant 120*80cm"},"content":{"rendered":"<p>BD8 Sac PEVA pour enfant 120*80cm<br \/>\nTaille 120*80 pour un enfant. Peut contenir 100-125 kilos (200-250 lbs). Ne contient pas de chlorures ou de carbones : les chlorures et les carbones polluent l'environnement et peuvent endommager les chambres de cornue. Les housses mortuaires ne sont pas canc\u00e9rig\u00e8nes pour la sant\u00e9 des employ\u00e9s des pompes fun\u00e8bres lorsqu'elles sont utilis\u00e9es pour les cr\u00e9mations.<br \/>\n6 poign\u00e9es lat\u00e9rales incluses dans le sac mortuaire pour permettre \u00e0 l'\u00e9quipe d'inhumation de le porter \u00e0 la main en toute s\u00e9curit\u00e9<br \/>\nScell\u00e9 \u00e0 chaud : pour garantir une r\u00e9sistance et une s\u00e9curit\u00e9 sup\u00e9rieures<br \/>\nAssurer un confinement total des agents pathog\u00e8nes transmissibles par le sang<br \/>\nPoint de fissuration de -25 \u00e0 -32\u00b0C<br \/>\nFermeture \u00e9clair en forme de U<br \/>\nNon biod\u00e9gradable<br \/>\nR\u00e9tention de liquide, sans fuite<\/p>","protected":false},"excerpt":{"rendered":"<p>BD8 PEVA body bag for child 120*80cm Size 120*80 for child OK to hold 100-125&#8230;<\/p>","protected":false},"featured_media":881,"comment_status":"open","ping_status":"closed","template":"","meta":{"_seopress_robots_primary_cat":"","_seopress_titles_title":"","_seopress_titles_desc":"","_seopress_robots_index":""},"_links":{"self":[{"href":"https:\/\/bodybagstock.com\/fr\/wp-json\/wp\/v2\/product\/880"}],"collection":[{"href":"https:\/\/bodybagstock.com\/fr\/wp-json\/wp\/v2\/product"}],"about":[{"href":"https:\/\/bodybagstock.com\/fr\/wp-json\/wp\/v2\/types\/product"}],"replies":[{"embeddable":true,"href":"https:\/\/bodybagstock.com\/fr\/wp-json\/wp\/v2\/comments?post=880"}],"wp:featuredmedia":[{"embeddable":true,"href":"https:\/\/bodybagstock.com\/fr\/wp-json\/wp\/v2\/media\/881"}],"wp:attachment":[{"href":"https:\/\/bodybagstock.com\/fr\/wp-json\/wp\/v2\/media?parent=880"}],"curies":[{"name":"wp","href":"https:\/\/api.w.org\/{rel}","templated":true}]}}