{"id":878,"date":"2019-06-17T05:48:19","date_gmt":"2019-06-17T05:48:19","guid":{"rendered":"http:\/\/bodybagstock.com\/?post_type=product&#038;p=878"},"modified":"2021-05-23T01:54:24","modified_gmt":"2021-05-23T01:54:24","slug":"bd7-peva-chlorine-free-body-bag-for-adult-230x110cm","status":"publish","type":"product","link":"https:\/\/bodybagstock.com\/fr\/produit\/bd7-peva-sac-de-corps-sans-chlore-pour-adulte-230x110cm\/","title":{"rendered":"BD7 PEVA SANS CHLORURE sac de corps pour adulte 230x110cm"},"content":{"rendered":"<p>BD7 PEVA SANS CHLORURE sac de corps pour adulte 230x110cm<br \/>\nTaille 230 x 100 cm pour les adultes Capacit\u00e9 de 100-125 kilos sans chlorures ni carbones : les chlorures et les carbones polluent l'environnement et peuvent endommager les chambres de recomposition. Les housses mortuaires ne sont pas canc\u00e9rig\u00e8nes pour la sant\u00e9 des employ\u00e9s des pompes fun\u00e8bres lorsqu'elles sont utilis\u00e9es pour les cr\u00e9mations.<br \/>\n6 poign\u00e9es lat\u00e9rales incluses dans le sac mortuaire pour permettre \u00e0 l'\u00e9quipe d'inhumation de le porter \u00e0 la main en toute s\u00e9curit\u00e9<br \/>\nScell\u00e9 \u00e0 chaud : pour garantir une r\u00e9sistance et une s\u00e9curit\u00e9 sup\u00e9rieures<br \/>\nAssurer un confinement total des agents pathog\u00e8nes transmissibles par le sang<br \/>\nPoint de fissuration de -25 \u00e0 -32\u00b0C<br \/>\nFermeture \u00e9clair en forme de U<br \/>\nNon biod\u00e9gradable<br \/>\nR\u00e9tention de liquide, sans fuite<\/p>","protected":false},"excerpt":{"rendered":"<p>BD7 PEVA CHLORINE-FREE body bag for adult 230x110cm Size 230 x 100 cm for adults&#8230;<\/p>","protected":false},"featured_media":879,"comment_status":"open","ping_status":"closed","template":"","meta":{"_seopress_robots_primary_cat":"","_seopress_titles_title":"","_seopress_titles_desc":"","_seopress_robots_index":""},"_links":{"self":[{"href":"https:\/\/bodybagstock.com\/fr\/wp-json\/wp\/v2\/product\/878"}],"collection":[{"href":"https:\/\/bodybagstock.com\/fr\/wp-json\/wp\/v2\/product"}],"about":[{"href":"https:\/\/bodybagstock.com\/fr\/wp-json\/wp\/v2\/types\/product"}],"replies":[{"embeddable":true,"href":"https:\/\/bodybagstock.com\/fr\/wp-json\/wp\/v2\/comments?post=878"}],"wp:featuredmedia":[{"embeddable":true,"href":"https:\/\/bodybagstock.com\/fr\/wp-json\/wp\/v2\/media\/879"}],"wp:attachment":[{"href":"https:\/\/bodybagstock.com\/fr\/wp-json\/wp\/v2\/media?parent=878"}],"curies":[{"name":"wp","href":"https:\/\/api.w.org\/{rel}","templated":true}]}}