{"id":1554,"date":"2022-08-19T07:05:02","date_gmt":"2022-08-19T07:05:02","guid":{"rendered":"http:\/\/bodybagstock.com\/?post_type=product&#038;p=1554"},"modified":"2022-08-19T07:05:02","modified_gmt":"2022-08-19T07:05:02","slug":"body-bag","status":"publish","type":"product","link":"https:\/\/bodybagstock.com\/fr\/produit\/sac-de-corps\/","title":{"rendered":"Sac de corps"},"content":{"rendered":"<p><strong data-rich-text-format-boundary=\"true\">Informations g\u00e9n\u00e9rales<\/strong> Sacs non-PVC pour les cadavres. Gardez \u00e0 l'esprit l'utilisation finale : -H\u00f4pitaux (sans poign\u00e9es) : WSANBODBUSH -Collections sur le terrain (avec poign\u00e9es) : WSANBODBHW ou HB -Maladies infectieuses (avec poign\u00e9es) : WSANBODBHWEB -Les coutumes fun\u00e9raires, en termes de choix de couleurs.<\/p>\n<p><strong>Sp\u00e9cifications<\/strong> Couleur : blanc ou noir Mat\u00e9riau sp\u00e9cial renforc\u00e9 (2plis) Taille : 2150 x 1100mm Epaisseur : 300micron Fermeture \u00e9clair en forme de U avec 2 glissi\u00e8res avec de grandes boucles m\u00e9talliques sur chaque glissi\u00e8re 6 poign\u00e9es anti-\u00e9clats Non-PVC et non d\u00e9gradable Biod\u00e9gradable : non Dans le sol, le sac mortuaire restera solide pendant une p\u00e9riode de 7 \u00e0 10 ans Dur\u00e9e de conservation : 10 ans Certificat d'origine Carton d'exportation de 5 plis 5 pi\u00e8ces\/bo\u00eete<\/p>\n<p><strong>SAC DE CORPS, 200micron<\/strong> Couleur blanc EVA doux et silencieux Taille 2150 x 1000mm Epaisseur : 200micron Fermeture \u00e0 glissi\u00e8re en forme de U avec 2 glissi\u00e8res avec de grandes boucles m\u00e9talliques sur chaque glissi\u00e8re Non-PVC et non d\u00e9gradable Biod\u00e9gradable : non Dans le sol, le sac mortuaire restera solide pendant une p\u00e9riode allant de 2 \u00e0 5 ans Dur\u00e9e de conservation 10 ans Certificat d'origine Carton d'exportation de 5 plis 5 pi\u00e8ces\/bo\u00eete<\/p>\n<p><strong>BODY BAG, maladies infectieuses, 300micron<\/strong> 100% sac de corps sans fuite Couleur Blanc Mat\u00e9riau sp\u00e9cial renforc\u00e9 (2plis) Taille 2500 x 1200mm Epaisseur : 300micron 2 soudures sur la longueur \u00e0 50mm du c\u00f4t\u00e9 Fermeture \u00e0 glissi\u00e8re en forme de U : fermeture \u00e0 glissi\u00e8re compl\u00e8tement libre avec 2 glissi\u00e8res avec des boucles d'attache sur chaque glissi\u00e8re 6 poign\u00e9es non \u00e9clatantes Non-PVC et non d\u00e9gradable Biod\u00e9gradable : non Dans le sol, le sac mortuaire restera solide pendant une p\u00e9riode de 7 \u00e0 10 ans Dur\u00e9e de conservation 10 ans Certificat d'origine Carton d'exportation de 5 plis 5 pi\u00e8ces\/bo\u00eete<\/p>","protected":false},"excerpt":{"rendered":"<p>General information Non-PVC bags for corpses. Keep end-use in mind: -Hospitals (without grips): WSANBODBUSH -Field&#8230;<\/p>","protected":false},"featured_media":1555,"comment_status":"closed","ping_status":"closed","template":"","meta":{"_seopress_robots_primary_cat":"","_seopress_titles_title":"","_seopress_titles_desc":"","_seopress_robots_index":""},"_links":{"self":[{"href":"https:\/\/bodybagstock.com\/fr\/wp-json\/wp\/v2\/product\/1554"}],"collection":[{"href":"https:\/\/bodybagstock.com\/fr\/wp-json\/wp\/v2\/product"}],"about":[{"href":"https:\/\/bodybagstock.com\/fr\/wp-json\/wp\/v2\/types\/product"}],"replies":[{"embeddable":true,"href":"https:\/\/bodybagstock.com\/fr\/wp-json\/wp\/v2\/comments?post=1554"}],"wp:featuredmedia":[{"embeddable":true,"href":"https:\/\/bodybagstock.com\/fr\/wp-json\/wp\/v2\/media\/1555"}],"wp:attachment":[{"href":"https:\/\/bodybagstock.com\/fr\/wp-json\/wp\/v2\/media?parent=1554"}],"curies":[{"name":"wp","href":"https:\/\/api.w.org\/{rel}","templated":true}]}}