{"id":1524,"date":"2022-03-17T07:39:49","date_gmt":"2022-03-17T07:39:49","guid":{"rendered":"http:\/\/bodybagstock.com\/?post_type=product&#038;p=1524"},"modified":"2022-03-17T07:49:17","modified_gmt":"2022-03-17T07:49:17","slug":"pet-bag-1-woven-fabric-pe-white-c-zipper-small-60x38cm","status":"publish","type":"product","link":"https:\/\/bodybagstock.com\/fr\/produit\/sac-pour-animaux-1-tissu-pe-blanc-c-fermeture-a-glissiere-petit-60x38cm\/","title":{"rendered":"Sac pour animaux de compagnie 1 tissu PE blanc C fermeture \u00e0 glissi\u00e8re petit 60X38CM"},"content":{"rendered":"<p>Sac pour animaux de compagnie 1 tissu PE blanc C fermeture \u00e0 glissi\u00e8re petit 60X38CM<\/p>\n<div id='gallery-1' class='gallery galleryid-1524 gallery-columns-3 gallery-size-thumbnail'><figure class='gallery-item'>\n\t\t\t<div class='gallery-icon landscape'>\n\t\t\t\t<a href='https:\/\/bodybagstock.com\/fr\/?attachment_id=1525'><img decoding=\"async\" width=\"150\" height=\"150\" src=\"https:\/\/bodybagstock.com\/wp-content\/uploads\/2022\/03\/bodybag_PW6038BTU-1-150x150.jpg\" class=\"attachment-thumbnail size-thumbnail\" alt=\"sac de corps_PW6038BTU (1)\" aria-describedby=\"gallery-1-1525\" srcset=\"https:\/\/bodybagstock.com\/wp-content\/uploads\/2022\/03\/bodybag_PW6038BTU-1-150x150.jpg 150w, https:\/\/bodybagstock.com\/wp-content\/uploads\/2022\/03\/bodybag_PW6038BTU-1-300x300.jpg 300w, https:\/\/bodybagstock.com\/wp-content\/uploads\/2022\/03\/bodybag_PW6038BTU-1-1024x1024.jpg 1024w, https:\/\/bodybagstock.com\/wp-content\/uploads\/2022\/03\/bodybag_PW6038BTU-1-768x768.jpg 768w, https:\/\/bodybagstock.com\/wp-content\/uploads\/2022\/03\/bodybag_PW6038BTU-1-1292x1292.jpg 1292w, https:\/\/bodybagstock.com\/wp-content\/uploads\/2022\/03\/bodybag_PW6038BTU-1-936x936.jpg 936w, https:\/\/bodybagstock.com\/wp-content\/uploads\/2022\/03\/bodybag_PW6038BTU-1-600x600.jpg 600w, https:\/\/bodybagstock.com\/wp-content\/uploads\/2022\/03\/bodybag_PW6038BTU-1-100x100.jpg 100w, https:\/\/bodybagstock.com\/wp-content\/uploads\/2022\/03\/bodybag_PW6038BTU-1.jpg 1500w\" sizes=\"(max-width: 150px) 100vw, 150px\" \/><\/a>\n\t\t\t<\/div>\n\t\t\t\t<figcaption class='wp-caption-text gallery-caption' id='gallery-1-1525'>\n\t\t\t\tsac de corps_PW6038BTU (1)\n\t\t\t\t<\/figcaption><\/figure><figure class='gallery-item'>\n\t\t\t<div class='gallery-icon landscape'>\n\t\t\t\t<a href='https:\/\/bodybagstock.com\/fr\/?attachment_id=1526'><img decoding=\"async\" width=\"150\" height=\"150\" src=\"https:\/\/bodybagstock.com\/wp-content\/uploads\/2022\/03\/bodybag_PW6038BTU-2-150x150.jpg\" class=\"attachment-thumbnail size-thumbnail\" alt=\"\" srcset=\"https:\/\/bodybagstock.com\/wp-content\/uploads\/2022\/03\/bodybag_PW6038BTU-2-150x150.jpg 150w, https:\/\/bodybagstock.com\/wp-content\/uploads\/2022\/03\/bodybag_PW6038BTU-2-300x300.jpg 300w, https:\/\/bodybagstock.com\/wp-content\/uploads\/2022\/03\/bodybag_PW6038BTU-2-1024x1024.jpg 1024w, https:\/\/bodybagstock.com\/wp-content\/uploads\/2022\/03\/bodybag_PW6038BTU-2-768x768.jpg 768w, https:\/\/bodybagstock.com\/wp-content\/uploads\/2022\/03\/bodybag_PW6038BTU-2-1292x1292.jpg 1292w, https:\/\/bodybagstock.com\/wp-content\/uploads\/2022\/03\/bodybag_PW6038BTU-2-936x936.jpg 936w, https:\/\/bodybagstock.com\/wp-content\/uploads\/2022\/03\/bodybag_PW6038BTU-2-600x600.jpg 600w, https:\/\/bodybagstock.com\/wp-content\/uploads\/2022\/03\/bodybag_PW6038BTU-2-100x100.jpg 100w, https:\/\/bodybagstock.com\/wp-content\/uploads\/2022\/03\/bodybag_PW6038BTU-2.jpg 1500w\" sizes=\"(max-width: 150px) 100vw, 150px\" \/><\/a>\n\t\t\t<\/div><\/figure><figure class='gallery-item'>\n\t\t\t<div class='gallery-icon landscape'>\n\t\t\t\t<a href='https:\/\/bodybagstock.com\/fr\/?attachment_id=1527'><img decoding=\"async\" width=\"150\" height=\"150\" src=\"https:\/\/bodybagstock.com\/wp-content\/uploads\/2022\/03\/bodybag_PW6038BTU-3-150x150.jpg\" class=\"attachment-thumbnail size-thumbnail\" alt=\"\" srcset=\"https:\/\/bodybagstock.com\/wp-content\/uploads\/2022\/03\/bodybag_PW6038BTU-3-150x150.jpg 150w, https:\/\/bodybagstock.com\/wp-content\/uploads\/2022\/03\/bodybag_PW6038BTU-3-300x300.jpg 300w, https:\/\/bodybagstock.com\/wp-content\/uploads\/2022\/03\/bodybag_PW6038BTU-3-1024x1024.jpg 1024w, https:\/\/bodybagstock.com\/wp-content\/uploads\/2022\/03\/bodybag_PW6038BTU-3-768x768.jpg 768w, https:\/\/bodybagstock.com\/wp-content\/uploads\/2022\/03\/bodybag_PW6038BTU-3-1292x1292.jpg 1292w, https:\/\/bodybagstock.com\/wp-content\/uploads\/2022\/03\/bodybag_PW6038BTU-3-936x936.jpg 936w, https:\/\/bodybagstock.com\/wp-content\/uploads\/2022\/03\/bodybag_PW6038BTU-3-600x600.jpg 600w, https:\/\/bodybagstock.com\/wp-content\/uploads\/2022\/03\/bodybag_PW6038BTU-3-100x100.jpg 100w, https:\/\/bodybagstock.com\/wp-content\/uploads\/2022\/03\/bodybag_PW6038BTU-3.jpg 1500w\" sizes=\"(max-width: 150px) 100vw, 150px\" \/><\/a>\n\t\t\t<\/div><\/figure><figure class='gallery-item'>\n\t\t\t<div class='gallery-icon landscape'>\n\t\t\t\t<a href='https:\/\/bodybagstock.com\/fr\/?attachment_id=1528'><img loading=\"lazy\" decoding=\"async\" width=\"150\" height=\"150\" src=\"https:\/\/bodybagstock.com\/wp-content\/uploads\/2022\/03\/bodybag_PW6038BTU-4-150x150.jpg\" class=\"attachment-thumbnail size-thumbnail\" alt=\"\" srcset=\"https:\/\/bodybagstock.com\/wp-content\/uploads\/2022\/03\/bodybag_PW6038BTU-4-150x150.jpg 150w, https:\/\/bodybagstock.com\/wp-content\/uploads\/2022\/03\/bodybag_PW6038BTU-4-300x300.jpg 300w, https:\/\/bodybagstock.com\/wp-content\/uploads\/2022\/03\/bodybag_PW6038BTU-4-1024x1024.jpg 1024w, https:\/\/bodybagstock.com\/wp-content\/uploads\/2022\/03\/bodybag_PW6038BTU-4-768x768.jpg 768w, https:\/\/bodybagstock.com\/wp-content\/uploads\/2022\/03\/bodybag_PW6038BTU-4-1292x1292.jpg 1292w, https:\/\/bodybagstock.com\/wp-content\/uploads\/2022\/03\/bodybag_PW6038BTU-4-936x936.jpg 936w, https:\/\/bodybagstock.com\/wp-content\/uploads\/2022\/03\/bodybag_PW6038BTU-4-600x600.jpg 600w, https:\/\/bodybagstock.com\/wp-content\/uploads\/2022\/03\/bodybag_PW6038BTU-4-100x100.jpg 100w, https:\/\/bodybagstock.com\/wp-content\/uploads\/2022\/03\/bodybag_PW6038BTU-4.jpg 1500w\" sizes=\"(max-width: 150px) 100vw, 150px\" \/><\/a>\n\t\t\t<\/div><\/figure><figure class='gallery-item'>\n\t\t\t<div class='gallery-icon landscape'>\n\t\t\t\t<a href='https:\/\/bodybagstock.com\/fr\/?attachment_id=1529'><img loading=\"lazy\" decoding=\"async\" width=\"150\" height=\"150\" src=\"https:\/\/bodybagstock.com\/wp-content\/uploads\/2022\/03\/bodybag_PW6038BTU-5-150x150.jpg\" class=\"attachment-thumbnail size-thumbnail\" alt=\"\" srcset=\"https:\/\/bodybagstock.com\/wp-content\/uploads\/2022\/03\/bodybag_PW6038BTU-5-150x150.jpg 150w, https:\/\/bodybagstock.com\/wp-content\/uploads\/2022\/03\/bodybag_PW6038BTU-5-300x300.jpg 300w, https:\/\/bodybagstock.com\/wp-content\/uploads\/2022\/03\/bodybag_PW6038BTU-5-1024x1024.jpg 1024w, https:\/\/bodybagstock.com\/wp-content\/uploads\/2022\/03\/bodybag_PW6038BTU-5-768x768.jpg 768w, https:\/\/bodybagstock.com\/wp-content\/uploads\/2022\/03\/bodybag_PW6038BTU-5-1292x1292.jpg 1292w, https:\/\/bodybagstock.com\/wp-content\/uploads\/2022\/03\/bodybag_PW6038BTU-5-936x936.jpg 936w, https:\/\/bodybagstock.com\/wp-content\/uploads\/2022\/03\/bodybag_PW6038BTU-5-600x600.jpg 600w, https:\/\/bodybagstock.com\/wp-content\/uploads\/2022\/03\/bodybag_PW6038BTU-5-100x100.jpg 100w, https:\/\/bodybagstock.com\/wp-content\/uploads\/2022\/03\/bodybag_PW6038BTU-5.jpg 1500w\" sizes=\"(max-width: 150px) 100vw, 150px\" \/><\/a>\n\t\t\t<\/div><\/figure><figure class='gallery-item'>\n\t\t\t<div class='gallery-icon landscape'>\n\t\t\t\t<a href='https:\/\/bodybagstock.com\/fr\/?attachment_id=1530'><img loading=\"lazy\" decoding=\"async\" width=\"150\" height=\"150\" src=\"https:\/\/bodybagstock.com\/wp-content\/uploads\/2022\/03\/bodybag_PW6038BTU-6-150x150.jpg\" class=\"attachment-thumbnail size-thumbnail\" alt=\"\" srcset=\"https:\/\/bodybagstock.com\/wp-content\/uploads\/2022\/03\/bodybag_PW6038BTU-6-150x150.jpg 150w, https:\/\/bodybagstock.com\/wp-content\/uploads\/2022\/03\/bodybag_PW6038BTU-6-300x300.jpg 300w, https:\/\/bodybagstock.com\/wp-content\/uploads\/2022\/03\/bodybag_PW6038BTU-6-1024x1024.jpg 1024w, https:\/\/bodybagstock.com\/wp-content\/uploads\/2022\/03\/bodybag_PW6038BTU-6-768x768.jpg 768w, https:\/\/bodybagstock.com\/wp-content\/uploads\/2022\/03\/bodybag_PW6038BTU-6-1292x1292.jpg 1292w, https:\/\/bodybagstock.com\/wp-content\/uploads\/2022\/03\/bodybag_PW6038BTU-6-936x936.jpg 936w, https:\/\/bodybagstock.com\/wp-content\/uploads\/2022\/03\/bodybag_PW6038BTU-6-600x600.jpg 600w, https:\/\/bodybagstock.com\/wp-content\/uploads\/2022\/03\/bodybag_PW6038BTU-6-100x100.jpg 100w, https:\/\/bodybagstock.com\/wp-content\/uploads\/2022\/03\/bodybag_PW6038BTU-6.jpg 1500w\" sizes=\"(max-width: 150px) 100vw, 150px\" \/><\/a>\n\t\t\t<\/div><\/figure><figure class='gallery-item'>\n\t\t\t<div class='gallery-icon landscape'>\n\t\t\t\t<a href='https:\/\/bodybagstock.com\/fr\/?attachment_id=1531'><img loading=\"lazy\" decoding=\"async\" width=\"150\" height=\"150\" src=\"https:\/\/bodybagstock.com\/wp-content\/uploads\/2022\/03\/bodybag_PW6038BTU-7-150x150.jpg\" class=\"attachment-thumbnail size-thumbnail\" alt=\"\" srcset=\"https:\/\/bodybagstock.com\/wp-content\/uploads\/2022\/03\/bodybag_PW6038BTU-7-150x150.jpg 150w, https:\/\/bodybagstock.com\/wp-content\/uploads\/2022\/03\/bodybag_PW6038BTU-7-300x300.jpg 300w, https:\/\/bodybagstock.com\/wp-content\/uploads\/2022\/03\/bodybag_PW6038BTU-7-1024x1024.jpg 1024w, https:\/\/bodybagstock.com\/wp-content\/uploads\/2022\/03\/bodybag_PW6038BTU-7-768x768.jpg 768w, https:\/\/bodybagstock.com\/wp-content\/uploads\/2022\/03\/bodybag_PW6038BTU-7-1292x1292.jpg 1292w, https:\/\/bodybagstock.com\/wp-content\/uploads\/2022\/03\/bodybag_PW6038BTU-7-936x936.jpg 936w, https:\/\/bodybagstock.com\/wp-content\/uploads\/2022\/03\/bodybag_PW6038BTU-7-600x600.jpg 600w, https:\/\/bodybagstock.com\/wp-content\/uploads\/2022\/03\/bodybag_PW6038BTU-7-100x100.jpg 100w, https:\/\/bodybagstock.com\/wp-content\/uploads\/2022\/03\/bodybag_PW6038BTU-7.jpg 1500w\" sizes=\"(max-width: 150px) 100vw, 150px\" \/><\/a>\n\t\t\t<\/div><\/figure>\n\t\t<\/div>","protected":false},"excerpt":{"rendered":"<p>Sp\u00e9cificit\u00e9s :<br \/>\n1. Mat\u00e9riau : Tissu enduit de PE<br \/>\n2. \u00c9paisseur :<br \/>\n3. Taille : 60*38cm<br \/>\n4. Couleur : blanc<br \/>\n5. c fermeture \u00e9clair<br \/>\n6. Aucune Poign\u00e9e<br \/>\n7. La pochette d'identification est facultative<\/p>","protected":false},"featured_media":1525,"comment_status":"closed","ping_status":"closed","template":"","meta":{"_seopress_robots_primary_cat":"","_seopress_titles_title":"","_seopress_titles_desc":"","_seopress_robots_index":""},"_links":{"self":[{"href":"https:\/\/bodybagstock.com\/fr\/wp-json\/wp\/v2\/product\/1524"}],"collection":[{"href":"https:\/\/bodybagstock.com\/fr\/wp-json\/wp\/v2\/product"}],"about":[{"href":"https:\/\/bodybagstock.com\/fr\/wp-json\/wp\/v2\/types\/product"}],"replies":[{"embeddable":true,"href":"https:\/\/bodybagstock.com\/fr\/wp-json\/wp\/v2\/comments?post=1524"}],"wp:featuredmedia":[{"embeddable":true,"href":"https:\/\/bodybagstock.com\/fr\/wp-json\/wp\/v2\/media\/1525"}],"wp:attachment":[{"href":"https:\/\/bodybagstock.com\/fr\/wp-json\/wp\/v2\/media?parent=1524"}],"curies":[{"name":"wp","href":"https:\/\/api.w.org\/{rel}","templated":true}]}}