{"id":1437,"date":"2022-03-17T02:07:31","date_gmt":"2022-03-17T02:07:31","guid":{"rendered":"http:\/\/bodybagstock.com\/?post_type=product&#038;p=1437"},"modified":"2022-03-17T02:07:31","modified_gmt":"2022-03-17T02:07:31","slug":"economy-standard-white-body-bag-u-zipper-adult-size","status":"publish","type":"product","link":"https:\/\/bodybagstock.com\/fr\/produit\/economy-standard-white-body-bag-u-zipper-adult-size\/","title":{"rendered":"SAC ECONOMIQUE STANDARD BLANC - Fermeture \u00e9clair en U - TAILLE ADULTE"},"content":{"rendered":"<p>SAC ECONOMIQUE STANDARD BLANC - Fermeture \u00e9clair en U - TAILLE ADULTE<\/p>\n<div id='gallery-1' class='gallery galleryid-1437 gallery-columns-3 gallery-size-thumbnail'><figure class='gallery-item'>\n\t\t\t<div class='gallery-icon landscape'>\n\t\t\t\t<a href='https:\/\/bodybagstock.com\/fr\/?attachment_id=1438'><img decoding=\"async\" width=\"150\" height=\"150\" src=\"https:\/\/bodybagstock.com\/wp-content\/uploads\/2022\/03\/bodybag_N23090H6BT100UI-1-150x150.jpg\" class=\"attachment-thumbnail size-thumbnail\" alt=\"bodybag_N23090H6BT100UI (1)\" aria-describedby=\"gallery-1-1438\" srcset=\"https:\/\/bodybagstock.com\/wp-content\/uploads\/2022\/03\/bodybag_N23090H6BT100UI-1-150x150.jpg 150w, https:\/\/bodybagstock.com\/wp-content\/uploads\/2022\/03\/bodybag_N23090H6BT100UI-1-300x300.jpg 300w, https:\/\/bodybagstock.com\/wp-content\/uploads\/2022\/03\/bodybag_N23090H6BT100UI-1-1024x1024.jpg 1024w, https:\/\/bodybagstock.com\/wp-content\/uploads\/2022\/03\/bodybag_N23090H6BT100UI-1-768x768.jpg 768w, https:\/\/bodybagstock.com\/wp-content\/uploads\/2022\/03\/bodybag_N23090H6BT100UI-1-1292x1292.jpg 1292w, https:\/\/bodybagstock.com\/wp-content\/uploads\/2022\/03\/bodybag_N23090H6BT100UI-1-936x936.jpg 936w, https:\/\/bodybagstock.com\/wp-content\/uploads\/2022\/03\/bodybag_N23090H6BT100UI-1-600x600.jpg 600w, https:\/\/bodybagstock.com\/wp-content\/uploads\/2022\/03\/bodybag_N23090H6BT100UI-1-100x100.jpg 100w, https:\/\/bodybagstock.com\/wp-content\/uploads\/2022\/03\/bodybag_N23090H6BT100UI-1.jpg 1500w\" sizes=\"(max-width: 150px) 100vw, 150px\" \/><\/a>\n\t\t\t<\/div>\n\t\t\t\t<figcaption class='wp-caption-text gallery-caption' id='gallery-1-1438'>\n\t\t\t\tbodybag_N23090H6BT100UI (1)\n\t\t\t\t<\/figcaption><\/figure><figure class='gallery-item'>\n\t\t\t<div class='gallery-icon landscape'>\n\t\t\t\t<a href='https:\/\/bodybagstock.com\/fr\/?attachment_id=1439'><img decoding=\"async\" width=\"150\" height=\"150\" src=\"https:\/\/bodybagstock.com\/wp-content\/uploads\/2022\/03\/bodybag_N23090H6BT100UI-2-150x150.jpg\" class=\"attachment-thumbnail size-thumbnail\" alt=\"bodybag_N23090H6BT100UI (2)\" aria-describedby=\"gallery-1-1439\" srcset=\"https:\/\/bodybagstock.com\/wp-content\/uploads\/2022\/03\/bodybag_N23090H6BT100UI-2-150x150.jpg 150w, https:\/\/bodybagstock.com\/wp-content\/uploads\/2022\/03\/bodybag_N23090H6BT100UI-2-300x300.jpg 300w, https:\/\/bodybagstock.com\/wp-content\/uploads\/2022\/03\/bodybag_N23090H6BT100UI-2-1024x1024.jpg 1024w, https:\/\/bodybagstock.com\/wp-content\/uploads\/2022\/03\/bodybag_N23090H6BT100UI-2-768x768.jpg 768w, https:\/\/bodybagstock.com\/wp-content\/uploads\/2022\/03\/bodybag_N23090H6BT100UI-2-1292x1292.jpg 1292w, https:\/\/bodybagstock.com\/wp-content\/uploads\/2022\/03\/bodybag_N23090H6BT100UI-2-936x936.jpg 936w, https:\/\/bodybagstock.com\/wp-content\/uploads\/2022\/03\/bodybag_N23090H6BT100UI-2-600x600.jpg 600w, https:\/\/bodybagstock.com\/wp-content\/uploads\/2022\/03\/bodybag_N23090H6BT100UI-2-100x100.jpg 100w, https:\/\/bodybagstock.com\/wp-content\/uploads\/2022\/03\/bodybag_N23090H6BT100UI-2.jpg 1500w\" sizes=\"(max-width: 150px) 100vw, 150px\" \/><\/a>\n\t\t\t<\/div>\n\t\t\t\t<figcaption class='wp-caption-text gallery-caption' id='gallery-1-1439'>\n\t\t\t\tbodybag_N23090H6BT100UI (2)\n\t\t\t\t<\/figcaption><\/figure><figure class='gallery-item'>\n\t\t\t<div class='gallery-icon landscape'>\n\t\t\t\t<a href='https:\/\/bodybagstock.com\/fr\/?attachment_id=1440'><img decoding=\"async\" width=\"150\" height=\"150\" src=\"https:\/\/bodybagstock.com\/wp-content\/uploads\/2022\/03\/bodybag_N23090H6BT100UI-3-150x150.jpg\" class=\"attachment-thumbnail size-thumbnail\" alt=\"bodybag_N23090H6BT100UI (3)\" aria-describedby=\"gallery-1-1440\" srcset=\"https:\/\/bodybagstock.com\/wp-content\/uploads\/2022\/03\/bodybag_N23090H6BT100UI-3-150x150.jpg 150w, https:\/\/bodybagstock.com\/wp-content\/uploads\/2022\/03\/bodybag_N23090H6BT100UI-3-300x300.jpg 300w, https:\/\/bodybagstock.com\/wp-content\/uploads\/2022\/03\/bodybag_N23090H6BT100UI-3-1024x1024.jpg 1024w, https:\/\/bodybagstock.com\/wp-content\/uploads\/2022\/03\/bodybag_N23090H6BT100UI-3-768x768.jpg 768w, https:\/\/bodybagstock.com\/wp-content\/uploads\/2022\/03\/bodybag_N23090H6BT100UI-3-1292x1292.jpg 1292w, https:\/\/bodybagstock.com\/wp-content\/uploads\/2022\/03\/bodybag_N23090H6BT100UI-3-936x936.jpg 936w, https:\/\/bodybagstock.com\/wp-content\/uploads\/2022\/03\/bodybag_N23090H6BT100UI-3-600x600.jpg 600w, https:\/\/bodybagstock.com\/wp-content\/uploads\/2022\/03\/bodybag_N23090H6BT100UI-3-100x100.jpg 100w, https:\/\/bodybagstock.com\/wp-content\/uploads\/2022\/03\/bodybag_N23090H6BT100UI-3.jpg 1500w\" sizes=\"(max-width: 150px) 100vw, 150px\" \/><\/a>\n\t\t\t<\/div>\n\t\t\t\t<figcaption class='wp-caption-text gallery-caption' id='gallery-1-1440'>\n\t\t\t\tbodybag_N23090H6BT100UI (3)\n\t\t\t\t<\/figcaption><\/figure><figure class='gallery-item'>\n\t\t\t<div class='gallery-icon landscape'>\n\t\t\t\t<a href='https:\/\/bodybagstock.com\/fr\/?attachment_id=1441'><img loading=\"lazy\" decoding=\"async\" width=\"150\" height=\"150\" src=\"https:\/\/bodybagstock.com\/wp-content\/uploads\/2022\/03\/bodybag_N23090H6BT100UI-4-150x150.jpg\" class=\"attachment-thumbnail size-thumbnail\" alt=\"bodybag_N23090H6BT100UI (4)\" aria-describedby=\"gallery-1-1441\" srcset=\"https:\/\/bodybagstock.com\/wp-content\/uploads\/2022\/03\/bodybag_N23090H6BT100UI-4-150x150.jpg 150w, https:\/\/bodybagstock.com\/wp-content\/uploads\/2022\/03\/bodybag_N23090H6BT100UI-4-300x300.jpg 300w, https:\/\/bodybagstock.com\/wp-content\/uploads\/2022\/03\/bodybag_N23090H6BT100UI-4-1024x1024.jpg 1024w, https:\/\/bodybagstock.com\/wp-content\/uploads\/2022\/03\/bodybag_N23090H6BT100UI-4-768x768.jpg 768w, https:\/\/bodybagstock.com\/wp-content\/uploads\/2022\/03\/bodybag_N23090H6BT100UI-4-1292x1292.jpg 1292w, https:\/\/bodybagstock.com\/wp-content\/uploads\/2022\/03\/bodybag_N23090H6BT100UI-4-936x936.jpg 936w, https:\/\/bodybagstock.com\/wp-content\/uploads\/2022\/03\/bodybag_N23090H6BT100UI-4-600x600.jpg 600w, https:\/\/bodybagstock.com\/wp-content\/uploads\/2022\/03\/bodybag_N23090H6BT100UI-4-100x100.jpg 100w, https:\/\/bodybagstock.com\/wp-content\/uploads\/2022\/03\/bodybag_N23090H6BT100UI-4.jpg 1500w\" sizes=\"(max-width: 150px) 100vw, 150px\" \/><\/a>\n\t\t\t<\/div>\n\t\t\t\t<figcaption class='wp-caption-text gallery-caption' id='gallery-1-1441'>\n\t\t\t\tbodybag_N23090H6BT100UI (4)\n\t\t\t\t<\/figcaption><\/figure><figure class='gallery-item'>\n\t\t\t<div class='gallery-icon landscape'>\n\t\t\t\t<a href='https:\/\/bodybagstock.com\/fr\/?attachment_id=1442'><img loading=\"lazy\" decoding=\"async\" width=\"150\" height=\"150\" src=\"https:\/\/bodybagstock.com\/wp-content\/uploads\/2022\/03\/bodybag_N23090H6BT100UI-5-150x150.jpg\" class=\"attachment-thumbnail size-thumbnail\" alt=\"bodybag_N23090H6BT100UI (4)\" aria-describedby=\"gallery-1-1442\" srcset=\"https:\/\/bodybagstock.com\/wp-content\/uploads\/2022\/03\/bodybag_N23090H6BT100UI-5-150x150.jpg 150w, https:\/\/bodybagstock.com\/wp-content\/uploads\/2022\/03\/bodybag_N23090H6BT100UI-5-300x300.jpg 300w, https:\/\/bodybagstock.com\/wp-content\/uploads\/2022\/03\/bodybag_N23090H6BT100UI-5-1024x1024.jpg 1024w, https:\/\/bodybagstock.com\/wp-content\/uploads\/2022\/03\/bodybag_N23090H6BT100UI-5-768x768.jpg 768w, https:\/\/bodybagstock.com\/wp-content\/uploads\/2022\/03\/bodybag_N23090H6BT100UI-5-1292x1292.jpg 1292w, https:\/\/bodybagstock.com\/wp-content\/uploads\/2022\/03\/bodybag_N23090H6BT100UI-5-936x936.jpg 936w, https:\/\/bodybagstock.com\/wp-content\/uploads\/2022\/03\/bodybag_N23090H6BT100UI-5-600x600.jpg 600w, https:\/\/bodybagstock.com\/wp-content\/uploads\/2022\/03\/bodybag_N23090H6BT100UI-5-100x100.jpg 100w, https:\/\/bodybagstock.com\/wp-content\/uploads\/2022\/03\/bodybag_N23090H6BT100UI-5.jpg 1500w\" sizes=\"(max-width: 150px) 100vw, 150px\" \/><\/a>\n\t\t\t<\/div>\n\t\t\t\t<figcaption class='wp-caption-text gallery-caption' id='gallery-1-1442'>\n\t\t\t\tbodybag_N23090H6BT100UI (4)\n\t\t\t\t<\/figcaption><\/figure>\n\t\t<\/div>","protected":false},"excerpt":{"rendered":"<p>Sp\u00e9cificit\u00e9s :<\/p>\n<p>1. Mat\u00e9riau : Non-tiss\u00e9+PE<\/p>\n<p>2. \u00c9paisseur : 100GSM<\/p>\n<p>3. Taille : 220*90cm<\/p>\n<p>4. Couleur : blanc<\/p>\n<p>5. Fermeture \u00e9clair en U<\/p>\n<p>6. Poign\u00e9es \u00e0 6 brins<\/p>\n<p>7. Poche d'identification s\u00e9par\u00e9e sur la fermeture \u00e0 glissi\u00e8re<\/p>\n<p>8. 0,8kg\/pc<\/p>","protected":false},"featured_media":1444,"comment_status":"closed","ping_status":"closed","template":"","meta":{"_seopress_robots_primary_cat":"","_seopress_titles_title":"","_seopress_titles_desc":"","_seopress_robots_index":""},"_links":{"self":[{"href":"https:\/\/bodybagstock.com\/fr\/wp-json\/wp\/v2\/product\/1437"}],"collection":[{"href":"https:\/\/bodybagstock.com\/fr\/wp-json\/wp\/v2\/product"}],"about":[{"href":"https:\/\/bodybagstock.com\/fr\/wp-json\/wp\/v2\/types\/product"}],"replies":[{"embeddable":true,"href":"https:\/\/bodybagstock.com\/fr\/wp-json\/wp\/v2\/comments?post=1437"}],"wp:featuredmedia":[{"embeddable":true,"href":"https:\/\/bodybagstock.com\/fr\/wp-json\/wp\/v2\/media\/1444"}],"wp:attachment":[{"href":"https:\/\/bodybagstock.com\/fr\/wp-json\/wp\/v2\/media?parent=1437"}],"curies":[{"name":"wp","href":"https:\/\/api.w.org\/{rel}","templated":true}]}}