{"id":1378,"date":"2022-03-16T10:39:00","date_gmt":"2022-03-16T10:39:00","guid":{"rendered":"http:\/\/bodybagstock.com\/?post_type=product&#038;p=1378"},"modified":"2022-03-16T10:39:01","modified_gmt":"2022-03-16T10:39:01","slug":"black-6-handles-body-bag-adult-size","status":"publish","type":"product","link":"https:\/\/bodybagstock.com\/fr\/produit\/noir-6-poignees-sac-de-corps-taille-adulte\/","title":{"rendered":"NOIR-6 POIGN\u00c9ES-SAC \u00c0 DOS - TAILLE ADULTE"},"content":{"rendered":"<p>NOIR-6 POIGN\u00c9ES-SAC \u00c0 DOS - TAILLE ADULTE<img fetchpriority=\"high\" decoding=\"async\" class=\"alignnone size-medium wp-image-1383\" src=\"http:\/\/bodybagstock.com\/wp-content\/uploads\/2022\/03\/bodybag_A220100H6BT300UIW-1-1-300x300.jpg\" alt=\"\" width=\"300\" height=\"300\" srcset=\"https:\/\/bodybagstock.com\/wp-content\/uploads\/2022\/03\/bodybag_A220100H6BT300UIW-1-1-300x300.jpg 300w, https:\/\/bodybagstock.com\/wp-content\/uploads\/2022\/03\/bodybag_A220100H6BT300UIW-1-1-1024x1024.jpg 1024w, https:\/\/bodybagstock.com\/wp-content\/uploads\/2022\/03\/bodybag_A220100H6BT300UIW-1-1-150x150.jpg 150w, https:\/\/bodybagstock.com\/wp-content\/uploads\/2022\/03\/bodybag_A220100H6BT300UIW-1-1-768x768.jpg 768w, https:\/\/bodybagstock.com\/wp-content\/uploads\/2022\/03\/bodybag_A220100H6BT300UIW-1-1-1292x1292.jpg 1292w, https:\/\/bodybagstock.com\/wp-content\/uploads\/2022\/03\/bodybag_A220100H6BT300UIW-1-1-936x936.jpg 936w, https:\/\/bodybagstock.com\/wp-content\/uploads\/2022\/03\/bodybag_A220100H6BT300UIW-1-1-600x600.jpg 600w, https:\/\/bodybagstock.com\/wp-content\/uploads\/2022\/03\/bodybag_A220100H6BT300UIW-1-1-100x100.jpg 100w, https:\/\/bodybagstock.com\/wp-content\/uploads\/2022\/03\/bodybag_A220100H6BT300UIW-1-1.jpg 1500w\" sizes=\"(max-width: 300px) 100vw, 300px\" \/> <img decoding=\"async\" class=\"alignnone size-medium wp-image-1384\" src=\"http:\/\/bodybagstock.com\/wp-content\/uploads\/2022\/03\/bodybag_A220100H6BT300UIW-2-1-300x300.jpg\" alt=\"\" width=\"300\" height=\"300\" srcset=\"https:\/\/bodybagstock.com\/wp-content\/uploads\/2022\/03\/bodybag_A220100H6BT300UIW-2-1-300x300.jpg 300w, https:\/\/bodybagstock.com\/wp-content\/uploads\/2022\/03\/bodybag_A220100H6BT300UIW-2-1-1024x1024.jpg 1024w, https:\/\/bodybagstock.com\/wp-content\/uploads\/2022\/03\/bodybag_A220100H6BT300UIW-2-1-150x150.jpg 150w, https:\/\/bodybagstock.com\/wp-content\/uploads\/2022\/03\/bodybag_A220100H6BT300UIW-2-1-768x768.jpg 768w, https:\/\/bodybagstock.com\/wp-content\/uploads\/2022\/03\/bodybag_A220100H6BT300UIW-2-1-1292x1292.jpg 1292w, https:\/\/bodybagstock.com\/wp-content\/uploads\/2022\/03\/bodybag_A220100H6BT300UIW-2-1-936x936.jpg 936w, https:\/\/bodybagstock.com\/wp-content\/uploads\/2022\/03\/bodybag_A220100H6BT300UIW-2-1-600x600.jpg 600w, https:\/\/bodybagstock.com\/wp-content\/uploads\/2022\/03\/bodybag_A220100H6BT300UIW-2-1-100x100.jpg 100w, https:\/\/bodybagstock.com\/wp-content\/uploads\/2022\/03\/bodybag_A220100H6BT300UIW-2-1.jpg 1500w\" sizes=\"(max-width: 300px) 100vw, 300px\" \/> <img decoding=\"async\" class=\"alignnone size-medium wp-image-1385\" src=\"http:\/\/bodybagstock.com\/wp-content\/uploads\/2022\/03\/bodybag_A220100H6BT300UIW-3-1-300x300.jpg\" alt=\"\" width=\"300\" height=\"300\" srcset=\"https:\/\/bodybagstock.com\/wp-content\/uploads\/2022\/03\/bodybag_A220100H6BT300UIW-3-1-300x300.jpg 300w, https:\/\/bodybagstock.com\/wp-content\/uploads\/2022\/03\/bodybag_A220100H6BT300UIW-3-1-1024x1024.jpg 1024w, https:\/\/bodybagstock.com\/wp-content\/uploads\/2022\/03\/bodybag_A220100H6BT300UIW-3-1-150x150.jpg 150w, https:\/\/bodybagstock.com\/wp-content\/uploads\/2022\/03\/bodybag_A220100H6BT300UIW-3-1-768x768.jpg 768w, https:\/\/bodybagstock.com\/wp-content\/uploads\/2022\/03\/bodybag_A220100H6BT300UIW-3-1-1292x1292.jpg 1292w, https:\/\/bodybagstock.com\/wp-content\/uploads\/2022\/03\/bodybag_A220100H6BT300UIW-3-1-936x936.jpg 936w, https:\/\/bodybagstock.com\/wp-content\/uploads\/2022\/03\/bodybag_A220100H6BT300UIW-3-1-600x600.jpg 600w, https:\/\/bodybagstock.com\/wp-content\/uploads\/2022\/03\/bodybag_A220100H6BT300UIW-3-1-100x100.jpg 100w, https:\/\/bodybagstock.com\/wp-content\/uploads\/2022\/03\/bodybag_A220100H6BT300UIW-3-1.jpg 1500w\" sizes=\"(max-width: 300px) 100vw, 300px\" \/><\/p>\n<figure id=\"attachment_1386\" aria-describedby=\"caption-attachment-1386\" style=\"width: 300px\" class=\"wp-caption alignnone\"><img loading=\"lazy\" decoding=\"async\" class=\"size-medium wp-image-1386\" src=\"http:\/\/bodybagstock.com\/wp-content\/uploads\/2022\/03\/bodybag_A220100H6BT300UIW-4-1-300x300.jpg\" alt=\"bodybag_A220100H6BT300UIW (4)\" width=\"300\" height=\"300\" srcset=\"https:\/\/bodybagstock.com\/wp-content\/uploads\/2022\/03\/bodybag_A220100H6BT300UIW-4-1-300x300.jpg 300w, https:\/\/bodybagstock.com\/wp-content\/uploads\/2022\/03\/bodybag_A220100H6BT300UIW-4-1-1024x1024.jpg 1024w, https:\/\/bodybagstock.com\/wp-content\/uploads\/2022\/03\/bodybag_A220100H6BT300UIW-4-1-150x150.jpg 150w, https:\/\/bodybagstock.com\/wp-content\/uploads\/2022\/03\/bodybag_A220100H6BT300UIW-4-1-768x768.jpg 768w, https:\/\/bodybagstock.com\/wp-content\/uploads\/2022\/03\/bodybag_A220100H6BT300UIW-4-1-1292x1292.jpg 1292w, https:\/\/bodybagstock.com\/wp-content\/uploads\/2022\/03\/bodybag_A220100H6BT300UIW-4-1-936x936.jpg 936w, https:\/\/bodybagstock.com\/wp-content\/uploads\/2022\/03\/bodybag_A220100H6BT300UIW-4-1-600x600.jpg 600w, https:\/\/bodybagstock.com\/wp-content\/uploads\/2022\/03\/bodybag_A220100H6BT300UIW-4-1-100x100.jpg 100w, https:\/\/bodybagstock.com\/wp-content\/uploads\/2022\/03\/bodybag_A220100H6BT300UIW-4-1.jpg 1500w\" sizes=\"(max-width: 300px) 100vw, 300px\" \/><figcaption id=\"caption-attachment-1386\" class=\"wp-caption-text\">bodybag_A220100H6BT300UIW (4)<\/figcaption><\/figure>","protected":false},"excerpt":{"rendered":"<p>Sp\u00e9cificit\u00e9s :<br \/>\n1. Mat\u00e9riau : PEVA<br \/>\n2. \u00c9paisseur : 300 microns<br \/>\n3. Taille : 220*100cm<br \/>\n4. Couleur : noir<br \/>\n5. Fermeture \u00e9clair en U<br \/>\n6. 6 poign\u00e9es int\u00e9gr\u00e9es<br \/>\n7. avec pochette d'identification<br \/>\n8. avec fen\u00eatre frontale trasparente<\/p>","protected":false},"featured_media":1386,"comment_status":"closed","ping_status":"closed","template":"","meta":{"_seopress_robots_primary_cat":"","_seopress_titles_title":"","_seopress_titles_desc":"","_seopress_robots_index":""},"_links":{"self":[{"href":"https:\/\/bodybagstock.com\/fr\/wp-json\/wp\/v2\/product\/1378"}],"collection":[{"href":"https:\/\/bodybagstock.com\/fr\/wp-json\/wp\/v2\/product"}],"about":[{"href":"https:\/\/bodybagstock.com\/fr\/wp-json\/wp\/v2\/types\/product"}],"replies":[{"embeddable":true,"href":"https:\/\/bodybagstock.com\/fr\/wp-json\/wp\/v2\/comments?post=1378"}],"wp:featuredmedia":[{"embeddable":true,"href":"https:\/\/bodybagstock.com\/fr\/wp-json\/wp\/v2\/media\/1386"}],"wp:attachment":[{"href":"https:\/\/bodybagstock.com\/fr\/wp-json\/wp\/v2\/media?parent=1378"}],"curies":[{"name":"wp","href":"https:\/\/api.w.org\/{rel}","templated":true}]}}