{"id":1299,"date":"2022-03-14T03:19:02","date_gmt":"2022-03-14T03:19:02","guid":{"rendered":"http:\/\/bodybagstock.com\/?post_type=product&#038;p=1299"},"modified":"2022-03-14T03:21:27","modified_gmt":"2022-03-14T03:21:27","slug":"outbreak-response-body-bag%ef%bc%88include-inner-pad%ef%bc%89-300-micron-4-handle-child-size","status":"publish","type":"product","link":"https:\/\/bodybagstock.com\/fr\/produit\/sac-de-protection-contre-les-epidemies\uff08inclut-un-coussin-interieur\uff09-300-microns-4-poignees-taille-enfant\/","title":{"rendered":"SAC DE PROTECTION CONTRE LES \u00c9PID\u00c9MIES\uff08INCLUT UN COUSSIN INT\u00c9RIEUR\uff09 - 300 MICRONS - 4 POIGN\u00c9ES - TAILLE ENFANT"},"content":{"rendered":"<p>SAC DE PROTECTION CONTRE LES \u00c9PID\u00c9MIES\uff08INCLUT UN COUSSIN INT\u00c9RIEUR\uff09 - 300 MICRONS - 4 POIGN\u00c9ES - TAILLE ENFANT<\/p>\n<div id='gallery-1' class='gallery galleryid-1299 gallery-columns-3 gallery-size-thumbnail'><figure class='gallery-item'>\n\t\t\t<div class='gallery-icon landscape'>\n\t\t\t\t<a href='https:\/\/bodybagstock.com\/fr\/?attachment_id=1300'><img decoding=\"async\" width=\"150\" height=\"150\" src=\"https:\/\/bodybagstock.com\/wp-content\/uploads\/2022\/03\/bodybag_A150100H4BT300UI-1-150x150.jpg\" class=\"attachment-thumbnail size-thumbnail\" alt=\"bodybag_A150100H4BT300UI (1)\" aria-describedby=\"gallery-1-1300\" srcset=\"https:\/\/bodybagstock.com\/wp-content\/uploads\/2022\/03\/bodybag_A150100H4BT300UI-1-150x150.jpg 150w, https:\/\/bodybagstock.com\/wp-content\/uploads\/2022\/03\/bodybag_A150100H4BT300UI-1-300x300.jpg 300w, https:\/\/bodybagstock.com\/wp-content\/uploads\/2022\/03\/bodybag_A150100H4BT300UI-1-1024x1024.jpg 1024w, https:\/\/bodybagstock.com\/wp-content\/uploads\/2022\/03\/bodybag_A150100H4BT300UI-1-768x768.jpg 768w, https:\/\/bodybagstock.com\/wp-content\/uploads\/2022\/03\/bodybag_A150100H4BT300UI-1-1292x1292.jpg 1292w, https:\/\/bodybagstock.com\/wp-content\/uploads\/2022\/03\/bodybag_A150100H4BT300UI-1-936x936.jpg 936w, https:\/\/bodybagstock.com\/wp-content\/uploads\/2022\/03\/bodybag_A150100H4BT300UI-1-600x600.jpg 600w, https:\/\/bodybagstock.com\/wp-content\/uploads\/2022\/03\/bodybag_A150100H4BT300UI-1-100x100.jpg 100w, https:\/\/bodybagstock.com\/wp-content\/uploads\/2022\/03\/bodybag_A150100H4BT300UI-1.jpg 1500w\" sizes=\"(max-width: 150px) 100vw, 150px\" \/><\/a>\n\t\t\t<\/div>\n\t\t\t\t<figcaption class='wp-caption-text gallery-caption' id='gallery-1-1300'>\n\t\t\t\tbodybag_A150100H4BT300UI (1)\n\t\t\t\t<\/figcaption><\/figure><figure class='gallery-item'>\n\t\t\t<div class='gallery-icon landscape'>\n\t\t\t\t<a href='https:\/\/bodybagstock.com\/fr\/?attachment_id=1301'><img decoding=\"async\" width=\"150\" height=\"150\" src=\"https:\/\/bodybagstock.com\/wp-content\/uploads\/2022\/03\/bodybag_A150100H4BT300UI-2-150x150.jpg\" class=\"attachment-thumbnail size-thumbnail\" alt=\"bodybag_A150100H4BT300UI (2)\" aria-describedby=\"gallery-1-1301\" srcset=\"https:\/\/bodybagstock.com\/wp-content\/uploads\/2022\/03\/bodybag_A150100H4BT300UI-2-150x150.jpg 150w, https:\/\/bodybagstock.com\/wp-content\/uploads\/2022\/03\/bodybag_A150100H4BT300UI-2-300x300.jpg 300w, https:\/\/bodybagstock.com\/wp-content\/uploads\/2022\/03\/bodybag_A150100H4BT300UI-2-1024x1024.jpg 1024w, https:\/\/bodybagstock.com\/wp-content\/uploads\/2022\/03\/bodybag_A150100H4BT300UI-2-768x768.jpg 768w, https:\/\/bodybagstock.com\/wp-content\/uploads\/2022\/03\/bodybag_A150100H4BT300UI-2-1292x1292.jpg 1292w, https:\/\/bodybagstock.com\/wp-content\/uploads\/2022\/03\/bodybag_A150100H4BT300UI-2-936x936.jpg 936w, https:\/\/bodybagstock.com\/wp-content\/uploads\/2022\/03\/bodybag_A150100H4BT300UI-2-600x600.jpg 600w, https:\/\/bodybagstock.com\/wp-content\/uploads\/2022\/03\/bodybag_A150100H4BT300UI-2-100x100.jpg 100w, https:\/\/bodybagstock.com\/wp-content\/uploads\/2022\/03\/bodybag_A150100H4BT300UI-2.jpg 1500w\" sizes=\"(max-width: 150px) 100vw, 150px\" \/><\/a>\n\t\t\t<\/div>\n\t\t\t\t<figcaption class='wp-caption-text gallery-caption' id='gallery-1-1301'>\n\t\t\t\tbodybag_A150100H4BT300UI (2)\n\t\t\t\t<\/figcaption><\/figure><figure class='gallery-item'>\n\t\t\t<div class='gallery-icon landscape'>\n\t\t\t\t<a href='https:\/\/bodybagstock.com\/fr\/?attachment_id=1302'><img decoding=\"async\" width=\"150\" height=\"150\" src=\"https:\/\/bodybagstock.com\/wp-content\/uploads\/2022\/03\/bodybag_A150100H4BT300UI-3-150x150.jpg\" class=\"attachment-thumbnail size-thumbnail\" alt=\"bodybag_A150100H4BT300UI (3)\" aria-describedby=\"gallery-1-1302\" srcset=\"https:\/\/bodybagstock.com\/wp-content\/uploads\/2022\/03\/bodybag_A150100H4BT300UI-3-150x150.jpg 150w, https:\/\/bodybagstock.com\/wp-content\/uploads\/2022\/03\/bodybag_A150100H4BT300UI-3-300x300.jpg 300w, https:\/\/bodybagstock.com\/wp-content\/uploads\/2022\/03\/bodybag_A150100H4BT300UI-3-1024x1024.jpg 1024w, https:\/\/bodybagstock.com\/wp-content\/uploads\/2022\/03\/bodybag_A150100H4BT300UI-3-768x768.jpg 768w, https:\/\/bodybagstock.com\/wp-content\/uploads\/2022\/03\/bodybag_A150100H4BT300UI-3-1292x1292.jpg 1292w, https:\/\/bodybagstock.com\/wp-content\/uploads\/2022\/03\/bodybag_A150100H4BT300UI-3-936x936.jpg 936w, https:\/\/bodybagstock.com\/wp-content\/uploads\/2022\/03\/bodybag_A150100H4BT300UI-3-600x600.jpg 600w, https:\/\/bodybagstock.com\/wp-content\/uploads\/2022\/03\/bodybag_A150100H4BT300UI-3-100x100.jpg 100w, https:\/\/bodybagstock.com\/wp-content\/uploads\/2022\/03\/bodybag_A150100H4BT300UI-3.jpg 1500w\" sizes=\"(max-width: 150px) 100vw, 150px\" \/><\/a>\n\t\t\t<\/div>\n\t\t\t\t<figcaption class='wp-caption-text gallery-caption' id='gallery-1-1302'>\n\t\t\t\tbodybag_A150100H4BT300UI (3)\n\t\t\t\t<\/figcaption><\/figure>\n\t\t<\/div>","protected":false},"excerpt":{"rendered":"<p>1. Mat\u00e9riau : PEVA<br \/>\n2. \u00c9paisseur : 300 microns<br \/>\n3. taille : 150*100cm<br \/>\n4. couleur : blanc<br \/>\n5. Fermeture \u00e9clair en U<br \/>\n6. 4 poign\u00e9es rembourr\u00e9es<br \/>\n7. pochette d'identification<br \/>\n8. avec tampon absorbant<br \/>\n9. 1,1kgs\/pc<br \/>\n10.INCLURE LE COUSSIN INT\u00c9RIEUR<\/p>","protected":false},"featured_media":1302,"comment_status":"closed","ping_status":"closed","template":"","meta":{"_seopress_robots_primary_cat":"","_seopress_titles_title":"","_seopress_titles_desc":"","_seopress_robots_index":""},"_links":{"self":[{"href":"https:\/\/bodybagstock.com\/fr\/wp-json\/wp\/v2\/product\/1299"}],"collection":[{"href":"https:\/\/bodybagstock.com\/fr\/wp-json\/wp\/v2\/product"}],"about":[{"href":"https:\/\/bodybagstock.com\/fr\/wp-json\/wp\/v2\/types\/product"}],"replies":[{"embeddable":true,"href":"https:\/\/bodybagstock.com\/fr\/wp-json\/wp\/v2\/comments?post=1299"}],"wp:featuredmedia":[{"embeddable":true,"href":"https:\/\/bodybagstock.com\/fr\/wp-json\/wp\/v2\/media\/1302"}],"wp:attachment":[{"href":"https:\/\/bodybagstock.com\/fr\/wp-json\/wp\/v2\/media?parent=1299"}],"curies":[{"name":"wp","href":"https:\/\/api.w.org\/{rel}","templated":true}]}}