{"id":1077,"date":"2021-03-19T10:29:23","date_gmt":"2021-03-19T10:29:23","guid":{"rendered":"http:\/\/bodybagstock.com\/?post_type=product&#038;p=1077"},"modified":"2021-03-19T10:29:23","modified_gmt":"2021-03-19T10:29:23","slug":"disaster-body-bag-bd29","status":"publish","type":"product","link":"https:\/\/bodybagstock.com\/fr\/produit\/sac-de-desastre-bd29\/","title":{"rendered":"Sac de corps de catastrophe BD29"},"content":{"rendered":"<p>Sac de corps de catastrophe<\/p>\n<p>Dimensions : L225 x L99 cm<\/p>\n<p>Epaisseur : 200 mic<\/p>\n<p>Couleur : noir ou autres couleurs<\/p>\n<p>\u00c9quip\u00e9 d'une boucle de sangle de chaque c\u00f4t\u00e9 et d'une boucle de sangle dans chacun des quatre coins.<\/p>\n<p>Mat\u00e9riau : PVC<\/p>\n<p>Fermeture \u00e9clair en forme de G<\/p>\n<p>Capacit\u00e9 : 200 KG<\/p>\n<p>Dur\u00e9e de conservation : 3 ans<\/p>","protected":false},"excerpt":{"rendered":"<p>Disaster Body Bag Dimensions: L225 x W99 cm Thickness: 200 mic Colour: Black or other&#8230;<\/p>","protected":false},"featured_media":1078,"comment_status":"open","ping_status":"closed","template":"","meta":{"_seopress_robots_primary_cat":"","_seopress_titles_title":"","_seopress_titles_desc":"","_seopress_robots_index":""},"_links":{"self":[{"href":"https:\/\/bodybagstock.com\/fr\/wp-json\/wp\/v2\/product\/1077"}],"collection":[{"href":"https:\/\/bodybagstock.com\/fr\/wp-json\/wp\/v2\/product"}],"about":[{"href":"https:\/\/bodybagstock.com\/fr\/wp-json\/wp\/v2\/types\/product"}],"replies":[{"embeddable":true,"href":"https:\/\/bodybagstock.com\/fr\/wp-json\/wp\/v2\/comments?post=1077"}],"wp:featuredmedia":[{"embeddable":true,"href":"https:\/\/bodybagstock.com\/fr\/wp-json\/wp\/v2\/media\/1078"}],"wp:attachment":[{"href":"https:\/\/bodybagstock.com\/fr\/wp-json\/wp\/v2\/media?parent=1077"}],"curies":[{"name":"wp","href":"https:\/\/api.w.org\/{rel}","templated":true}]}}