{"id":1071,"date":"2021-03-19T10:11:45","date_gmt":"2021-03-19T10:11:45","guid":{"rendered":"http:\/\/bodybagstock.com\/?post_type=product&#038;p=1071"},"modified":"2021-03-19T10:17:45","modified_gmt":"2021-03-19T10:17:45","slug":"biodegradable-peva-cadaver-bag-bd28","status":"publish","type":"product","link":"https:\/\/bodybagstock.com\/fr\/produit\/sac-biodegradable-pour-cadavres-peva-bd28\/","title":{"rendered":"Sac biod\u00e9gradable pour cadavres en PEVA - BD28"},"content":{"rendered":"<p>Sac biod\u00e9gradable pour cadavres en PEVA - BD28<\/p>\n<p>Coutures thermosoud\u00e9es, 100% \u00e9tanche Conforme au r\u00e8glement OSHA 3130 (exposition professionnelle aux agents pathog\u00e8nes v\u00e9hicul\u00e9s par le sang)<\/p>\n<p>Fabriqu\u00e9 en PEVA noir<\/p>\n<p>Fermeture \u00e0 glissi\u00e8re courb\u00e9e renforc\u00e9e (C), deux tirettes de fermeture \u00e0 glissi\u00e8re \u00e0 l'\u00e9preuve de la rouille, boucle de verrouillage de la fermeture \u00e0 glissi\u00e8re<\/p>\n<p>Scell\u00e9 \u00e0 la chaleur sur les 4 c\u00f4t\u00e9s<\/p>\n<p>3 \u00e9tiquettes d'orteil incluses<\/p>\n<p>Capacit\u00e9 de poids : 400 lbs<\/p>","protected":false},"excerpt":{"rendered":"<p>Sac biod\u00e9gradable pour cadavres en PEVA - BD28<\/p>","protected":false},"featured_media":1074,"comment_status":"open","ping_status":"closed","template":"","meta":{"_seopress_robots_primary_cat":"","_seopress_titles_title":"","_seopress_titles_desc":"","_seopress_robots_index":""},"_links":{"self":[{"href":"https:\/\/bodybagstock.com\/fr\/wp-json\/wp\/v2\/product\/1071"}],"collection":[{"href":"https:\/\/bodybagstock.com\/fr\/wp-json\/wp\/v2\/product"}],"about":[{"href":"https:\/\/bodybagstock.com\/fr\/wp-json\/wp\/v2\/types\/product"}],"replies":[{"embeddable":true,"href":"https:\/\/bodybagstock.com\/fr\/wp-json\/wp\/v2\/comments?post=1071"}],"wp:featuredmedia":[{"embeddable":true,"href":"https:\/\/bodybagstock.com\/fr\/wp-json\/wp\/v2\/media\/1074"}],"wp:attachment":[{"href":"https:\/\/bodybagstock.com\/fr\/wp-json\/wp\/v2\/media?parent=1071"}],"curies":[{"name":"wp","href":"https:\/\/api.w.org\/{rel}","templated":true}]}}