{"id":1067,"date":"2021-03-19T08:13:42","date_gmt":"2021-03-19T08:13:42","guid":{"rendered":"http:\/\/bodybagstock.com\/?post_type=product&#038;p=1067"},"modified":"2021-03-19T08:24:54","modified_gmt":"2021-03-19T08:24:54","slug":"body-bag-human-remains-400-mic","status":"publish","type":"product","link":"https:\/\/bodybagstock.com\/fr\/produit\/sac-mortuaire-restes-humains-400-mic\/","title":{"rendered":"Sac mortuaire Restes humains - 400 MIC - BD24"},"content":{"rendered":"<p><em><strong>Sac mortuaire Restes humains - 400 MIC<\/strong><\/em><\/p>\n<p>Longueur : 95 pouces (240 cm). Largeur : 40 pouces (100cm)<\/p>\n<p>Fabriqu\u00e9 en PEVA 400 microm\u00e8tres tr\u00e8s r\u00e9sistant et sans chlore.<\/p>\n<p>\u00c9quip\u00e9 d'une boucle de sangle de chaque c\u00f4t\u00e9 et d'une boucle de sangle dans chacun des quatre coins.<\/p>\n<p>Fermeture \u00e0 glissi\u00e8re renforc\u00e9e, deux tirettes de fermeture \u00e0 l'\u00e9preuve de la rouille<\/p>\n<p>Scell\u00e9 \u00e0 chaud, 100% \u00c9tanche<\/p>\n<p>Capacit\u00e9 de charge : 220 kg.<\/p>\n<p>3 \u00e9tiquettes d'orteil incluses<\/p>","protected":false},"excerpt":{"rendered":"<p>Body Bag Human Remains &#8211; 400 MIC Length 95 inches (240 cm). Width: 40 inches&#8230;<\/p>","protected":false},"featured_media":1068,"comment_status":"open","ping_status":"closed","template":"","meta":{"_seopress_robots_primary_cat":"","_seopress_titles_title":"","_seopress_titles_desc":"","_seopress_robots_index":""},"_links":{"self":[{"href":"https:\/\/bodybagstock.com\/fr\/wp-json\/wp\/v2\/product\/1067"}],"collection":[{"href":"https:\/\/bodybagstock.com\/fr\/wp-json\/wp\/v2\/product"}],"about":[{"href":"https:\/\/bodybagstock.com\/fr\/wp-json\/wp\/v2\/types\/product"}],"replies":[{"embeddable":true,"href":"https:\/\/bodybagstock.com\/fr\/wp-json\/wp\/v2\/comments?post=1067"}],"wp:featuredmedia":[{"embeddable":true,"href":"https:\/\/bodybagstock.com\/fr\/wp-json\/wp\/v2\/media\/1068"}],"wp:attachment":[{"href":"https:\/\/bodybagstock.com\/fr\/wp-json\/wp\/v2\/media?parent=1067"}],"curies":[{"name":"wp","href":"https:\/\/api.w.org\/{rel}","templated":true}]}}