{"id":1064,"date":"2021-03-19T03:27:34","date_gmt":"2021-03-19T03:27:34","guid":{"rendered":"http:\/\/bodybagstock.com\/?post_type=product&#038;p=1064"},"modified":"2021-03-19T08:25:18","modified_gmt":"2021-03-19T08:25:18","slug":"blue-disaster-bag-with-inner-liner-8-handle-adult-size","status":"publish","type":"product","link":"https:\/\/bodybagstock.com\/fr\/produit\/sac-de-catastrophe-bleu-avec-doublure-interieure-8-poignees-taille-adulte\/","title":{"rendered":"Sac de d\u00e9sastre bleu avec doublure int\u00e9rieure - 8 poign\u00e9es - Taille adulte - BD23"},"content":{"rendered":"<p>Sac de catastrophe bleu avec doublure int\u00e9rieure - 8 poign\u00e9es<\/p>\n<p>Fabriqu\u00e9 en vinyle bleu \/ PVC 15 mil tr\u00e8s r\u00e9sistant<\/p>\n<p>6 poign\u00e9es renforc\u00e9es<\/p>\n<p>Fermeture \u00e0 glissi\u00e8re droite, deux tirettes antirouille, boucle de verrouillage de la fermeture \u00e0 glissi\u00e8re<\/p>\n<p>Scell\u00e9 \u00e0 chaud, 100% \u00c9tanche<\/p>\n<p>3 \u00e9tiquettes d'orteil incluses<\/p>","protected":false},"excerpt":{"rendered":"<p>Blue Disaster Bag with Inner Liner &#8211; 8 Handle Constructed Of Heavy Duty 15 Mil&#8230;<\/p>","protected":false},"featured_media":1065,"comment_status":"open","ping_status":"closed","template":"","meta":{"_seopress_robots_primary_cat":"","_seopress_titles_title":"","_seopress_titles_desc":"","_seopress_robots_index":""},"_links":{"self":[{"href":"https:\/\/bodybagstock.com\/fr\/wp-json\/wp\/v2\/product\/1064"}],"collection":[{"href":"https:\/\/bodybagstock.com\/fr\/wp-json\/wp\/v2\/product"}],"about":[{"href":"https:\/\/bodybagstock.com\/fr\/wp-json\/wp\/v2\/types\/product"}],"replies":[{"embeddable":true,"href":"https:\/\/bodybagstock.com\/fr\/wp-json\/wp\/v2\/comments?post=1064"}],"wp:featuredmedia":[{"embeddable":true,"href":"https:\/\/bodybagstock.com\/fr\/wp-json\/wp\/v2\/media\/1065"}],"wp:attachment":[{"href":"https:\/\/bodybagstock.com\/fr\/wp-json\/wp\/v2\/media?parent=1064"}],"curies":[{"name":"wp","href":"https:\/\/api.w.org\/{rel}","templated":true}]}}