{"id":525,"date":"2021-03-19T07:31:12","date_gmt":"2021-03-19T07:31:12","guid":{"rendered":"http:\/\/localhost\/furniture\/wordpress\/?page_id=525"},"modified":"2021-03-22T10:47:53","modified_gmt":"2021-03-22T10:47:53","slug":"faq","status":"publish","type":"page","link":"https:\/\/bodybagstock.com\/fr\/faq\/","title":{"rendered":"FAQ"},"content":{"rendered":"<div class=\"vc_row wpb_row vc_row-fluid remove-header-padding\"><div class=\"wpb_column vc_column_container vc_col-sm-12\"><div class=\"vc_column-inner\"><div class=\"wpb_wrapper\"><\/div><\/div><\/div><\/div><div class=\"vc_row wpb_row vc_row-fluid mb10\"><div class=\"wpb_column vc_column_container vc_col-sm-12\"><div class=\"vc_column-inner\"><div class=\"wpb_wrapper\"><h3 style=\"color: #070e1e;text-align: left\" class=\"vc_custom_heading\" >Informations sur l'exp\u00e9dition<\/h3><\/div><\/div><\/div><\/div><div class=\"vc_row wpb_row vc_row-fluid mb40\"><div class=\"wpb_column vc_column_container vc_col-sm-12\"><div class=\"vc_column-inner\"><div class=\"wpb_wrapper\"><div class=\"icon-layout-2 mb30\">\r\n                         <div class=\"d_flex icon-block flex-column align-items-start\">\r\n        <div class=\"icon-wrap\"><\/div>\r\n         <div class=\"icon-content d_flex flex-column align-items-start\">\r\n         <h5 >Vous soutenez la conception de produits et d'emballages sp\u00e9ciaux ?<\/h5>         \r\n         <div style=\"color: #1c5b23;\">Bien entendu, nous pouvons concevoir des mod\u00e8les sp\u00e9ciaux de sacs de corps en fonction de la demande du client. Par exemple, nous pouvons ajuster les poign\u00e9es et les fermetures \u00e0 glissi\u00e8re. <\/div>\r\n         <\/div>\r\n        <\/div>\r\n                    <\/div><div class=\"icon-layout-2 mb30\">\r\n                         <div class=\"d_flex icon-block flex-column align-items-start\">\r\n        <div class=\"icon-wrap\"><\/div>\r\n         <div class=\"icon-content d_flex flex-column align-items-start\">\r\n         <h5 >Quel est le d\u00e9lai de livraison ?<\/h5>         \r\n         <div style=\"color: #2c7a25;\">Le d\u00e9lai de livraison normal est d'un mois pour les quantit\u00e9s inf\u00e9rieures \u00e0 10000 pi\u00e8ces pour les poign\u00e9es soud\u00e9es. Le d\u00e9lai de livraison pour les poign\u00e9es cousues est d'environ 1 \u00e0 2 mois, en particulier pour les mat\u00e9riaux tiss\u00e9s. <\/div>\r\n         <\/div>\r\n        <\/div>\r\n                    <\/div><div class=\"icon-layout-2 mb30\">\r\n                         <div class=\"d_flex icon-block flex-column align-items-start\">\r\n        <div class=\"icon-wrap\"><\/div>\r\n         <div class=\"icon-content d_flex flex-column align-items-start\">\r\n         <h5 >Livrez-vous \u00e0 l'\u00e9tranger ?<\/h5>         \r\n         <div style=\"color: #237230;\">Nos housses mortuaires sont exp\u00e9di\u00e9es dans le monde entier. Con\u00e7us pour un usage humain et animal. <\/div>\r\n         <\/div>\r\n        <\/div>\r\n                    <\/div><div class=\"icon-layout-2 mb30\">\r\n                         <div class=\"d_flex icon-block flex-column align-items-start\">\r\n        <div class=\"icon-wrap\"><\/div>\r\n         <div class=\"icon-content d_flex flex-column align-items-start\">\r\n         <h5 >Qu'en est-il du MOQ ?<\/h5>         \r\n         <div style=\"color: #295e1d;\">Normalement, le MOQ est de 100 pi\u00e8ces pour les mat\u00e9riaux PVC et PEVA, sur la base d'une conception simple. Les couleurs sont le blanc ou le noir. Si la conception et la couleur sont sp\u00e9ciales, le MOQ sera d'au moins 500 pi\u00e8ces. <\/div>\r\n         <\/div>\r\n        <\/div>\r\n                    <\/div><\/div><\/div><\/div><\/div><div data-vc-full-width=\"true\" data-vc-full-width-init=\"false\" data-vc-stretch-content=\"true\" class=\"vc_row wpb_row vc_row-fluid vc_custom_1550569922468 vc_row-has-fill vc_row-no-padding\"><div class=\"wpb_column vc_column_container vc_col-sm-3\"><div class=\"vc_column-inner\"><div class=\"wpb_wrapper\"><\/div><\/div><\/div><div class=\"pt60 pb60 wpb_column vc_column_container vc_col-sm-6\"><div class=\"vc_column-inner\"><div class=\"wpb_wrapper\"><h4 style=\"color: #222222;text-align: left\" class=\"vc_custom_heading mb10\" >Si vous ne trouvez pas votre question, envoyez-moi un email : sales@bodybagstock.com<\/h4><\/div><\/div><\/div><div class=\"wpb_column vc_column_container vc_col-sm-3\"><div class=\"vc_column-inner\"><div class=\"wpb_wrapper\"><\/div><\/div><\/div><\/div><div class=\"vc_row-full-width vc_clearfix\"><\/div><div class=\"vc_row wpb_row vc_row-fluid mt70 mb30\"><div class=\"wpb_column vc_column_container vc_col-sm-2\"><div class=\"vc_column-inner\"><div class=\"wpb_wrapper\"><\/div><\/div><\/div><div class=\"wpb_column vc_column_container vc_col-sm-2\"><div class=\"vc_column-inner\"><div class=\"wpb_wrapper\"><\/div><\/div><\/div><\/div>","protected":false},"excerpt":{"rendered":"Shipping Information Do you support special design for products &amp; packaging? Of course we can...","protected":false},"author":1,"featured_media":0,"parent":0,"menu_order":0,"comment_status":"closed","ping_status":"closed","template":"","meta":{"_seopress_robots_primary_cat":"","_seopress_titles_title":"","_seopress_titles_desc":"","_seopress_robots_index":"","footnotes":""},"_links":{"self":[{"href":"https:\/\/bodybagstock.com\/fr\/wp-json\/wp\/v2\/pages\/525"}],"collection":[{"href":"https:\/\/bodybagstock.com\/fr\/wp-json\/wp\/v2\/pages"}],"about":[{"href":"https:\/\/bodybagstock.com\/fr\/wp-json\/wp\/v2\/types\/page"}],"author":[{"embeddable":true,"href":"https:\/\/bodybagstock.com\/fr\/wp-json\/wp\/v2\/users\/1"}],"replies":[{"embeddable":true,"href":"https:\/\/bodybagstock.com\/fr\/wp-json\/wp\/v2\/comments?post=525"}],"version-history":[{"count":17,"href":"https:\/\/bodybagstock.com\/fr\/wp-json\/wp\/v2\/pages\/525\/revisions"}],"predecessor-version":[{"id":1176,"href":"https:\/\/bodybagstock.com\/fr\/wp-json\/wp\/v2\/pages\/525\/revisions\/1176"}],"wp:attachment":[{"href":"https:\/\/bodybagstock.com\/fr\/wp-json\/wp\/v2\/media?parent=525"}],"curies":[{"name":"wp","href":"https:\/\/api.w.org\/{rel}","templated":true}]}}