{"id":483,"date":"2019-02-19T05:33:45","date_gmt":"2019-02-19T05:33:45","guid":{"rendered":"http:\/\/localhost\/furniture\/wordpress\/?page_id=483"},"modified":"2023-06-28T10:43:56","modified_gmt":"2023-06-28T10:43:56","slug":"contact-us","status":"publish","type":"page","link":"https:\/\/bodybagstock.com\/fr\/nous-contacter\/","title":{"rendered":"Nous contacter"},"content":{"rendered":"<div class=\"vc_row wpb_row vc_row-fluid\"><div class=\"wpb_column vc_column_container vc_col-sm-12\"><div class=\"vc_column-inner\"><div class=\"wpb_wrapper\">\n\t<div class=\"wpb_text_column wpb_content_element\" >\n\t\t<div class=\"wpb_wrapper\">\n\t\t\t<div class=\"wpb_text_column wpb_content_element\">\n<div class=\"wpb_wrapper\">\n<p>N'h\u00e9sitez pas \u00e0 nous contacter. Nous vous r\u00e9pondrons dans un d\u00e9lai d'un jour ouvrable.<\/p>\n<\/div>\n<\/div>\n<div class=\"wpb_raw_code wpb_content_element wpb_raw_html\">\n<div class=\"wpb_wrapper\">\n<div class=\"contact-box\">\n<div class=\"contact-info\"><span class=\"info-name\">Adresse<\/span>\u00a0<span class=\"info-value\">No. 85, Longsheng Road, Jiangning District, Nanjing City, Jiangsu, P.R.China.<\/span><\/div>\n<div><\/div>\n<div><strong>ATTN : David Teng - Directeur des ventes<\/strong><\/div>\n<div><\/div>\n<div class=\"contact-info\"><span class=\"info-name\">T\u00e9l\u00e9phone<\/span>\u00a0<span class=\"info-value\"><a href=\"tel: \u202d86-151 9595 2141\u202c\">+86-18913840078<\/a><\/span><\/div>\n<p><span class=\"info-name\">Courriel<\/span>\u00a0<span class=\"info-value\"><a href=\"mailto:sale@bodybagstock.com\">sales@bodybagstock.com<\/a><\/span><\/p>\n<\/div>\n<\/div>\n<\/div>\n\n\t\t<\/div>\n\t<\/div>\n<\/div><\/div><\/div><\/div><div data-vc-full-width=\"true\" data-vc-full-width-init=\"false\" data-vc-stretch-content=\"true\" class=\"vc_row wpb_row vc_row-fluid vc_custom_1550558364317 vc_row-no-padding\"><div class=\"wpb_column vc_column_container vc_col-sm-12\"><div class=\"vc_column-inner\"><div class=\"wpb_wrapper\">\t\t        \r\n        <div class=\"map-container\">\r\n            <div id=\"map\"><iframe src=\"https:\/\/www.google.com\/maps\/embed?pb=!1m18!1m12!1m3!1d1728.29701884823!2d-74.10697170290337!3d43.238058635558296!2m3!1f0!2f0!3f0!3m2!1i1024!2i768!4f13.1!3m3!1m2!1s0x89de539a44c51ed3%3A0xc396b12a4dad63a8!2zU21hbGwgUmQsIEVkaW5idXJnLCBOWSAxMjEzNCwg4Kau4Ka-4Kaw4KeN4KaV4Ka_4KaoIOCmr-CngeCmleCnjeCmpOCmsOCmvuCmt-CnjeCmn-CnjeCmsA!5e0!3m2!1sbn!2sbd!4v1551003347061\" width=\"100%\" height=\"750\" frameborder=\"0\" style=\"border:0\" allowfullscreen><\/iframe><\/div><!-- End #map -->\r\n            <div id=\"demo\" class=\"form-container google-map\">\r\n                <h2 class=\"fs36\">Prendre contact<\/h2>\r\n                <div role=\"form\" class=\"wpcf7\" id=\"wpcf7-f482-o1\" lang=\"en-US\" dir=\"ltr\">\n<div class=\"screen-reader-response\"><p role=\"status\" aria-live=\"polite\" aria-atomic=\"true\"><\/p> <ul><\/ul><\/div>\n<form action=\"\/fr\/wp-json\/wp\/v2\/pages\/483#wpcf7-f482-o1\" method=\"post\" class=\"wpcf7-form init\" novalidate=\"novalidate\" data-status=\"init\" data-trp-original-action=\"\/fr\/wp-json\/wp\/v2\/pages\/483#wpcf7-f482-o1\">\n<div style=\"display: none;\">\n<input type=\"hidden\" name=\"_wpcf7\" value=\"482\" \/>\n<input type=\"hidden\" name=\"_wpcf7_version\" value=\"5.3.1\" \/>\n<input type=\"hidden\" name=\"_wpcf7_locale\" value=\"en_US\" \/>\n<input type=\"hidden\" name=\"_wpcf7_unit_tag\" value=\"wpcf7-f482-o1\" \/>\n<input type=\"hidden\" name=\"_wpcf7_container_post\" value=\"0\" \/>\n<input type=\"hidden\" name=\"_wpcf7_posted_data_hash\" value=\"\" \/>\n<\/div>\n<p><label> Votre nom (obligatoire)<br \/>\n    <span class=\"wpcf7-form-control-wrap your-name\"><input type=\"text\" name=\"your-name\" value=\"\" size=\"40\" class=\"wpcf7-form-control wpcf7-text wpcf7-validates-as-required\" aria-required=\"true\" aria-invalid=\"false\" \/><\/span> <\/label><\/p>\n<p><label> Votre adresse \u00e9lectronique (obligatoire)<br \/>\n    <span class=\"wpcf7-form-control-wrap your-email\"><input type=\"email\" name=\"your-email\" value=\"\" size=\"40\" class=\"wpcf7-form-control wpcf7-text wpcf7-email wpcf7-validates-as-required wpcf7-validates-as-email\" aria-required=\"true\" aria-invalid=\"false\" \/><\/span> <\/label><\/p>\n<p><label> Sujet<br \/>\n    <span class=\"wpcf7-form-control-wrap your-subject\"><input type=\"text\" name=\"your-subject\" value=\"\" size=\"40\" class=\"wpcf7-form-control wpcf7-text\" aria-invalid=\"false\" \/><\/span> <\/label><\/p>\n<p><label> Votre message<br \/>\n    <span class=\"wpcf7-form-control-wrap your-message\"><textarea name=\"your-message\" cols=\"40\" rows=\"10\" class=\"wpcf7-form-control wpcf7-textarea\" aria-invalid=\"false\"><\/textarea><\/span> <\/label><\/p>\n<p><input type=\"submit\" value=\"Envoyer un message\" class=\"wpcf7-form-control wpcf7-submit\" \/><\/p>\n<div class=\"wpcf7-response-output\" aria-hidden=\"true\"><\/div><input type=\"hidden\" name=\"trp-form-language\" value=\"fr\"\/><\/form><\/div>            <\/div><!-- End .form-container -->\r\n        <\/div>\r\n\r\n        <\/div><\/div><\/div><\/div><div class=\"vc_row-full-width vc_clearfix\"><\/div>","protected":false},"excerpt":{"rendered":"Welcome to contact us. We will reply to you within one business day. Address\u00a0No. 85,...","protected":false},"author":1,"featured_media":0,"parent":0,"menu_order":0,"comment_status":"closed","ping_status":"closed","template":"","meta":{"_seopress_robots_primary_cat":"","_seopress_titles_title":"","_seopress_titles_desc":"","_seopress_robots_index":"","footnotes":""},"_links":{"self":[{"href":"https:\/\/bodybagstock.com\/fr\/wp-json\/wp\/v2\/pages\/483"}],"collection":[{"href":"https:\/\/bodybagstock.com\/fr\/wp-json\/wp\/v2\/pages"}],"about":[{"href":"https:\/\/bodybagstock.com\/fr\/wp-json\/wp\/v2\/types\/page"}],"author":[{"embeddable":true,"href":"https:\/\/bodybagstock.com\/fr\/wp-json\/wp\/v2\/users\/1"}],"replies":[{"embeddable":true,"href":"https:\/\/bodybagstock.com\/fr\/wp-json\/wp\/v2\/comments?post=483"}],"version-history":[{"count":7,"href":"https:\/\/bodybagstock.com\/fr\/wp-json\/wp\/v2\/pages\/483\/revisions"}],"predecessor-version":[{"id":1564,"href":"https:\/\/bodybagstock.com\/fr\/wp-json\/wp\/v2\/pages\/483\/revisions\/1564"}],"wp:attachment":[{"href":"https:\/\/bodybagstock.com\/fr\/wp-json\/wp\/v2\/media?parent=483"}],"curies":[{"name":"wp","href":"https:\/\/api.w.org\/{rel}","templated":true}]}}