{"id":172,"date":"2019-02-14T07:33:24","date_gmt":"2019-02-14T07:33:24","guid":{"rendered":"http:\/\/localhost\/furniture\/wordpress\/?page_id=172"},"modified":"2021-06-02T15:28:23","modified_gmt":"2021-06-02T15:28:23","slug":"home-page","status":"publish","type":"page","link":"https:\/\/bodybagstock.com\/fr\/","title":{"rendered":"Accueil"},"content":{"rendered":"<div class=\"vc_row wpb_row vc_row-fluid mb100 remove-header-padding mb60-md mb40-sm\"><div class=\"wpb_column vc_column_container vc_col-sm-3\"><div class=\"vc_column-inner\"><div class=\"wpb_wrapper\">           \r\n            \r\n                <div class=\"cats-menu widget woocommerce widget_product_categories wow  style-1\" >\r\n                                       <h4 class=\"widget-title\">Cat\u00e9gories de produits<\/h4>\r\n                    <ul class=\"product-categories\"><li class=\"cat-item cat-item-56 cat-parent\"><a href=\"https:\/\/bodybagstock.com\/fr\/categorie-produit\/bodybag\/\">Sac de corps<\/a> <span class=\"count\">(76)<\/span><ul class='children'>\n<li class=\"cat-item cat-item-62 cat-parent\"><a href=\"https:\/\/bodybagstock.com\/fr\/categorie-produit\/bodybag\/cdc-approved-body-bag-for-ebola-covid-19\/\">Le CDC a approuv\u00e9 un sac mortuaire pour Ebola\/Covid-19<\/a> <span class=\"count\">(29)<\/span>\t<ul class='children'>\n<li class=\"cat-item cat-item-15\"><a href=\"https:\/\/bodybagstock.com\/fr\/categorie-produit\/bodybag\/cdc-approved-body-bag-for-ebola-covid-19\/others\/\">Autres<\/a> <span class=\"count\">(29)<\/span><\/li>\n\t<\/ul>\n<\/li>\n<li class=\"cat-item cat-item-64 cat-parent\"><a href=\"https:\/\/bodybagstock.com\/fr\/categorie-produit\/bodybag\/handles\/\">POIGN\u00c9ES<\/a> <span class=\"count\">(70)<\/span>\t<ul class='children'>\n<li class=\"cat-item cat-item-74\"><a href=\"https:\/\/bodybagstock.com\/fr\/categorie-produit\/bodybag\/handles\/10-handers-bodybag\/\">Sac de corps 10 mains<\/a> <span class=\"count\">(2)<\/span><\/li>\n<li class=\"cat-item cat-item-60\"><a href=\"https:\/\/bodybagstock.com\/fr\/categorie-produit\/bodybag\/handles\/4-handlers-bodybag\/\">Sac de transport pour 4 personnes<\/a> <span class=\"count\">(13)<\/span><\/li>\n<li class=\"cat-item cat-item-61\"><a href=\"https:\/\/bodybagstock.com\/fr\/categorie-produit\/bodybag\/handles\/6-handlers-bodybag\/\">6 handlers bodybag<\/a> <span class=\"count\">(34)<\/span><\/li>\n<li class=\"cat-item cat-item-71\"><a href=\"https:\/\/bodybagstock.com\/fr\/categorie-produit\/bodybag\/handles\/8-handers-bodybag\/\">Sac de corps \u00e0 8 mains<\/a> <span class=\"count\">(3)<\/span><\/li>\n<li class=\"cat-item cat-item-66\"><a href=\"https:\/\/bodybagstock.com\/fr\/categorie-produit\/bodybag\/handles\/without-handles\/\">Sans poign\u00e9es<\/a> <span class=\"count\">(18)<\/span><\/li>\n\t<\/ul>\n<\/li>\n<li class=\"cat-item cat-item-63 cat-parent\"><a href=\"https:\/\/bodybagstock.com\/fr\/categorie-produit\/bodybag\/materials\/\">MAT\u00c9RIAUX<\/a> <span class=\"count\">(63)<\/span>\t<ul class='children'>\n<li class=\"cat-item cat-item-72\"><a href=\"https:\/\/bodybagstock.com\/fr\/categorie-produit\/bodybag\/materials\/ldpe\/\">LDPE<\/a> <span class=\"count\">(1)<\/span><\/li>\n<li class=\"cat-item cat-item-70\"><a href=\"https:\/\/bodybagstock.com\/fr\/categorie-produit\/bodybag\/materials\/non-woven-pp\/\">Non-tiss\u00e9 PP<\/a> <span class=\"count\">(5)<\/span><\/li>\n<li class=\"cat-item cat-item-79\"><a href=\"https:\/\/bodybagstock.com\/fr\/categorie-produit\/bodybag\/materials\/non-wovenpe\/\">Non-tiss\u00e9+PE<\/a> <span class=\"count\">(11)<\/span><\/li>\n<li class=\"cat-item cat-item-59\"><a href=\"https:\/\/bodybagstock.com\/fr\/categorie-produit\/bodybag\/materials\/peva-bodybag\/\">Sac de transport PEVA - EVA+PE<\/a> <span class=\"count\">(6)<\/span><\/li>\n<li class=\"cat-item cat-item-73\"><a href=\"https:\/\/bodybagstock.com\/fr\/categorie-produit\/bodybag\/materials\/peva-chlorine-free\/\">PEVA SANS CHLORE<\/a> <span class=\"count\">(20)<\/span><\/li>\n<li class=\"cat-item cat-item-58\"><a href=\"https:\/\/bodybagstock.com\/fr\/categorie-produit\/bodybag\/materials\/pvc-bodybag\/\">Sac de corps en PVC<\/a> <span class=\"count\">(19)<\/span><\/li>\n<li class=\"cat-item cat-item-75\"><a href=\"https:\/\/bodybagstock.com\/fr\/categorie-produit\/bodybag\/materials\/woven-synthetic-fabric\/\">Tissu synth\u00e9tique tiss\u00e9<\/a> <span class=\"count\">(2)<\/span><\/li>\n\t<\/ul>\n<\/li>\n<li class=\"cat-item cat-item-65 cat-parent\"><a href=\"https:\/\/bodybagstock.com\/fr\/categorie-produit\/bodybag\/size\/\">TAILLE<\/a> <span class=\"count\">(68)<\/span>\t<ul class='children'>\n<li class=\"cat-item cat-item-67\"><a href=\"https:\/\/bodybagstock.com\/fr\/categorie-produit\/bodybag\/size\/adult\/\">Adulte<\/a> <span class=\"count\">(53)<\/span><\/li>\n<li class=\"cat-item cat-item-69\"><a href=\"https:\/\/bodybagstock.com\/fr\/categorie-produit\/bodybag\/size\/animal\/\">Animaux<\/a> <span class=\"count\">(5)<\/span><\/li>\n<li class=\"cat-item cat-item-68\"><a href=\"https:\/\/bodybagstock.com\/fr\/categorie-produit\/bodybag\/size\/child\/\">Enfant<\/a> <span class=\"count\">(12)<\/span><\/li>\n\t<\/ul>\n<\/li>\n<\/ul>\n<\/li>\n<\/ul>                    \r\n                <\/div>\r\n        <\/div><\/div><\/div><div class=\"wpb_column vc_column_container vc_col-sm-9\"><div class=\"vc_column-inner\"><div class=\"wpb_wrapper\">\n<div class=\"vc_grid-container-wrapper vc_clearfix\">\n\t<div class=\"vc_grid-container vc_clearfix wpb_content_element vc_basic_grid\" data-initial-loading-animation=\"fadeIn\" data-vc-grid-settings=\"{&quot;page_id&quot;:172,&quot;style&quot;:&quot;all&quot;,&quot;action&quot;:&quot;vc_get_vc_grid_data&quot;,&quot;shortcode_id&quot;:&quot;1616408964392-3ee51806-5fb9-6&quot;,&quot;tag&quot;:&quot;vc_basic_grid&quot;}\" data-vc-request=\"https:\/\/bodybagstock.com\/wp-admin\/admin-ajax.php\" data-vc-post-id=\"172\" data-vc-public-nonce=\"e25e4b9c32\">\n\t\t<style data-type=\"vc_shortcodes-custom-css\">.vc_custom_1419240516480{background-color: #f9f9f9 !important;}<\/style><div class=\"vc_grid vc_row vc_grid-gutter-30px vc_pageable-wrapper vc_hook_hover\" data-vc-pageable-content=\"true\"><div class=\"vc_pageable-slide-wrapper vc_clearfix\" data-vc-grid-content=\"true\"><div class=\"vc_grid-item vc_clearfix vc_col-sm-4 vc_grid-item-zone-c-bottom\"><div class=\"vc_grid-item-mini vc_clearfix\"><div class=\"vc_gitem-animated-block\" \"><div class=\"vc_gitem-zone vc_gitem-zone-a vc-gitem-zone-height-mode-auto vc-gitem-zone-height-mode-auto-1-1 vc_gitem-is-link\" style=\"background-image: url('https:\/\/bodybagstock.com\/wp-content\/uploads\/2021\/03\/BBAGADULT400-8R-1.jpg') !important;\"><a href=\"https:\/\/bodybagstock.com\/fr\/2021\/03\/20\/sac-de-corps-vert-olive-peva-sans-chlore\/\" title=\"Sac de corps en PEVA sans chlore vert olive\" class=\"vc_gitem-link vc-zone-link\"><\/a><img decoding=\"async\" src=\"https:\/\/bodybagstock.com\/wp-content\/uploads\/2021\/03\/BBAGADULT400-8R-1.jpg\" class=\"vc_gitem-zone-img\" alt=\"\"><div class=\"vc_gitem-zone-mini\"><\/div><\/div><\/div><div class=\"vc_gitem-zone vc_gitem-zone-c vc_custom_1419240516480\"><div class=\"vc_gitem-zone-mini\"><div class=\"vc_gitem_row vc_row vc_gitem-row-position-top\"><div class=\"vc_col-sm-12 vc_gitem-col vc_gitem-col-align-\"><div class=\"vc_custom_heading vc_gitem-post-data vc_gitem-post-data-source-post_title\" ><h4 style=\"text-align: left\" >Sac de corps en PEVA sans chlore vert olive<\/h4><\/div><div class=\"vc_custom_heading vc_gitem-post-data vc_gitem-post-data-source-post_excerpt\" ><p style=\"text-align: left\" ><\/p><\/div><div class=\"vc_btn3-container vc_btn3-left\"><a class=\"vc_general vc_btn3 vc_btn3-size-md vc_btn3-shape-rounded vc_btn3-style-flat vc_btn3-color-juicy-pink\" a href=\"https:\/\/bodybagstock.com\/fr\/2021\/03\/20\/sac-de-corps-vert-olive-peva-sans-chlore\/\" title=\"Lire plus\">Lire plus<\/a><\/div><\/div><\/div><\/div><\/div><\/div><div class=\"vc_clearfix\"><\/div><\/div><div class=\"vc_grid-item vc_clearfix vc_col-sm-4 vc_grid-item-zone-c-bottom\"><div class=\"vc_grid-item-mini vc_clearfix\"><div class=\"vc_gitem-animated-block\" \"><div class=\"vc_gitem-zone vc_gitem-zone-a vc-gitem-zone-height-mode-auto vc-gitem-zone-height-mode-auto-1-1 vc_gitem-is-link\" style=\"background-image: url('https:\/\/bodybagstock.com\/wp-content\/uploads\/2021\/03\/Mortuary-pouch-bag-plastic-BD27-1-1.jpg') !important;\"><a href=\"https:\/\/bodybagstock.com\/fr\/2021\/03\/20\/pochette-mortuaire-sac-plastique\/\" title=\"Pochette mortuaire en plastique\" class=\"vc_gitem-link vc-zone-link\"><\/a><img decoding=\"async\" src=\"https:\/\/bodybagstock.com\/wp-content\/uploads\/2021\/03\/Mortuary-pouch-bag-plastic-BD27-1-1.jpg\" class=\"vc_gitem-zone-img\" alt=\"\"><div class=\"vc_gitem-zone-mini\"><\/div><\/div><\/div><div class=\"vc_gitem-zone vc_gitem-zone-c vc_custom_1419240516480\"><div class=\"vc_gitem-zone-mini\"><div class=\"vc_gitem_row vc_row vc_gitem-row-position-top\"><div class=\"vc_col-sm-12 vc_gitem-col vc_gitem-col-align-\"><div class=\"vc_custom_heading vc_gitem-post-data vc_gitem-post-data-source-post_title\" ><h4 style=\"text-align: left\" >Pochette mortuaire en plastique<\/h4><\/div><div class=\"vc_custom_heading vc_gitem-post-data vc_gitem-post-data-source-post_excerpt\" ><p style=\"text-align: left\" ><\/p><\/div><div class=\"vc_btn3-container vc_btn3-left\"><a class=\"vc_general vc_btn3 vc_btn3-size-md vc_btn3-shape-rounded vc_btn3-style-flat vc_btn3-color-juicy-pink\" a href=\"https:\/\/bodybagstock.com\/fr\/2021\/03\/20\/pochette-mortuaire-sac-plastique\/\" title=\"Lire plus\">Lire plus<\/a><\/div><\/div><\/div><\/div><\/div><\/div><div class=\"vc_clearfix\"><\/div><\/div><div class=\"vc_grid-item vc_clearfix vc_col-sm-4 vc_grid-item-zone-c-bottom\"><div class=\"vc_grid-item-mini vc_clearfix\"><div class=\"vc_gitem-animated-block\" \"><div class=\"vc_gitem-zone vc_gitem-zone-a vc-gitem-zone-height-mode-auto vc-gitem-zone-height-mode-auto-1-1 vc_gitem-is-link\" style=\"background-image: url('https:\/\/bodybagstock.com\/wp-content\/uploads\/2019\/06\/Disaster-Body-Bag-BD29-1.jpg') !important;\"><a href=\"https:\/\/bodybagstock.com\/fr\/2019\/06\/17\/bonjour-le-monde\/\" title=\"Sac de corps de catastrophe\" class=\"vc_gitem-link vc-zone-link\"><\/a><img decoding=\"async\" src=\"https:\/\/bodybagstock.com\/wp-content\/uploads\/2019\/06\/Disaster-Body-Bag-BD29-1.jpg\" class=\"vc_gitem-zone-img\" alt=\"\"><div class=\"vc_gitem-zone-mini\"><\/div><\/div><\/div><div class=\"vc_gitem-zone vc_gitem-zone-c vc_custom_1419240516480\"><div class=\"vc_gitem-zone-mini\"><div class=\"vc_gitem_row vc_row vc_gitem-row-position-top\"><div class=\"vc_col-sm-12 vc_gitem-col vc_gitem-col-align-\"><div class=\"vc_custom_heading vc_gitem-post-data vc_gitem-post-data-source-post_title\" ><h4 style=\"text-align: left\" >Sac de corps de catastrophe<\/h4><\/div><div class=\"vc_custom_heading vc_gitem-post-data vc_gitem-post-data-source-post_excerpt\" ><p style=\"text-align: left\" ><p>Fermeture \u00e9clair en forme de G. 6 poign\u00e9es. Dimensions : L225 x L99 cm : L225 x L99 cm. Mati\u00e8re : PVC<\/p>\n<\/p><\/div><div class=\"vc_btn3-container vc_btn3-left\"><a class=\"vc_general vc_btn3 vc_btn3-size-md vc_btn3-shape-rounded vc_btn3-style-flat vc_btn3-color-juicy-pink\" a href=\"https:\/\/bodybagstock.com\/fr\/2019\/06\/17\/bonjour-le-monde\/\" title=\"Lire plus\">Lire plus<\/a><\/div><\/div><\/div><\/div><\/div><\/div><div class=\"vc_clearfix\"><\/div><\/div><div class=\"vc_grid-item vc_clearfix vc_col-sm-4 vc_grid-item-zone-c-bottom\"><div class=\"vc_grid-item-mini vc_clearfix\"><div class=\"vc_gitem-animated-block\" \"><div class=\"vc_gitem-zone vc_gitem-zone-a vc-gitem-zone-height-mode-auto vc-gitem-zone-height-mode-auto-1-1 vc_gitem-is-link\" style=\"background-image: url('https:\/\/bodybagstock.com\/wp-content\/uploads\/2019\/02\/BD30.jpg') !important;\"><a href=\"https:\/\/bodybagstock.com\/fr\/2019\/02\/16\/la-satisfaction-du-client-est-la-cle-du-succes\/\" title=\"Sac mortuaire Restes humains - 400 MIC\" class=\"vc_gitem-link vc-zone-link\"><\/a><img decoding=\"async\" src=\"https:\/\/bodybagstock.com\/wp-content\/uploads\/2019\/02\/BD30.jpg\" class=\"vc_gitem-zone-img\" alt=\"\"><div class=\"vc_gitem-zone-mini\"><\/div><\/div><\/div><div class=\"vc_gitem-zone vc_gitem-zone-c vc_custom_1419240516480\"><div class=\"vc_gitem-zone-mini\"><div class=\"vc_gitem_row vc_row vc_gitem-row-position-top\"><div class=\"vc_col-sm-12 vc_gitem-col vc_gitem-col-align-\"><div class=\"vc_custom_heading vc_gitem-post-data vc_gitem-post-data-source-post_title\" ><h4 style=\"text-align: left\" >Sac mortuaire Restes humains - 400 MIC<\/h4><\/div><div class=\"vc_custom_heading vc_gitem-post-data vc_gitem-post-data-source-post_excerpt\" ><p style=\"text-align: left\" ><p>Mat\u00e9riau PEVA sans chlore. \u00c9quip\u00e9 d'une fermeture \u00e0 glissi\u00e8re en nylon robuste, r\u00e9sistante \u00e0 la rouille, avec deux...<\/p>\n<\/p><\/div><div class=\"vc_btn3-container vc_btn3-left\"><a class=\"vc_general vc_btn3 vc_btn3-size-md vc_btn3-shape-rounded vc_btn3-style-flat vc_btn3-color-juicy-pink\" a href=\"https:\/\/bodybagstock.com\/fr\/2019\/02\/16\/la-satisfaction-du-client-est-la-cle-du-succes\/\" title=\"Lire plus\">Lire plus<\/a><\/div><\/div><\/div><\/div><\/div><\/div><div class=\"vc_clearfix\"><\/div><\/div><div class=\"vc_grid-item vc_clearfix vc_col-sm-4 vc_grid-item-zone-c-bottom\"><div class=\"vc_grid-item-mini vc_clearfix\"><div class=\"vc_gitem-animated-block\" \"><div class=\"vc_gitem-zone vc_gitem-zone-a vc-gitem-zone-height-mode-auto vc-gitem-zone-height-mode-auto-1-1 vc_gitem-is-link\" style=\"background-image: url('https:\/\/bodybagstock.com\/wp-content\/uploads\/2019\/02\/Biodegradable-PEVA-Cadaver-Bag-BD28-1.jpg') !important;\"><a href=\"https:\/\/bodybagstock.com\/fr\/2019\/02\/16\/lagence-de-creation-a-besoin-dune-reflexion-de-qualite\/\" title=\"Sac biod\u00e9gradable pour cadavres en PEVA\" class=\"vc_gitem-link vc-zone-link\"><\/a><img decoding=\"async\" src=\"https:\/\/bodybagstock.com\/wp-content\/uploads\/2019\/02\/Biodegradable-PEVA-Cadaver-Bag-BD28-1.jpg\" class=\"vc_gitem-zone-img\" alt=\"\"><div class=\"vc_gitem-zone-mini\"><\/div><\/div><\/div><div class=\"vc_gitem-zone vc_gitem-zone-c vc_custom_1419240516480\"><div class=\"vc_gitem-zone-mini\"><div class=\"vc_gitem_row vc_row vc_gitem-row-position-top\"><div class=\"vc_col-sm-12 vc_gitem-col vc_gitem-col-align-\"><div class=\"vc_custom_heading vc_gitem-post-data vc_gitem-post-data-source-post_title\" ><h4 style=\"text-align: left\" >Sac biod\u00e9gradable pour cadavres en PEVA<\/h4><\/div><div class=\"vc_custom_heading vc_gitem-post-data vc_gitem-post-data-source-post_excerpt\" ><p style=\"text-align: left\" ><\/p><\/div><div class=\"vc_btn3-container vc_btn3-left\"><a class=\"vc_general vc_btn3 vc_btn3-size-md vc_btn3-shape-rounded vc_btn3-style-flat vc_btn3-color-juicy-pink\" a href=\"https:\/\/bodybagstock.com\/fr\/2019\/02\/16\/lagence-de-creation-a-besoin-dune-reflexion-de-qualite\/\" title=\"Lire plus\">Lire plus<\/a><\/div><\/div><\/div><\/div><\/div><\/div><div class=\"vc_clearfix\"><\/div><\/div><div class=\"vc_grid-item vc_clearfix vc_col-sm-4 vc_grid-item-zone-c-bottom\"><div class=\"vc_grid-item-mini vc_clearfix\"><div class=\"vc_gitem-animated-block\" \"><div class=\"vc_gitem-zone vc_gitem-zone-a vc-gitem-zone-height-mode-auto vc-gitem-zone-height-mode-auto-1-1 vc_gitem-is-link\" style=\"background-image: url('https:\/\/bodybagstock.com\/wp-content\/uploads\/2019\/02\/PP-Woven-PE-Body-Bag-1.jpg') !important;\"><a href=\"https:\/\/bodybagstock.com\/fr\/2019\/02\/16\/travailler-dur-pour-etre-rapide-et-performant\/\" title=\"PP Woven + PE body bag\" class=\"vc_gitem-link vc-zone-link\"><\/a><img decoding=\"async\" src=\"https:\/\/bodybagstock.com\/wp-content\/uploads\/2019\/02\/PP-Woven-PE-Body-Bag-1.jpg\" class=\"vc_gitem-zone-img\" alt=\"\"><div class=\"vc_gitem-zone-mini\"><\/div><\/div><\/div><div class=\"vc_gitem-zone vc_gitem-zone-c vc_custom_1419240516480\"><div class=\"vc_gitem-zone-mini\"><div class=\"vc_gitem_row vc_row vc_gitem-row-position-top\"><div class=\"vc_col-sm-12 vc_gitem-col vc_gitem-col-align-\"><div class=\"vc_custom_heading vc_gitem-post-data vc_gitem-post-data-source-post_title\" ><h4 style=\"text-align: left\" >PP Woven + PE body bag<\/h4><\/div><div class=\"vc_custom_heading vc_gitem-post-data vc_gitem-post-data-source-post_excerpt\" ><p style=\"text-align: left\" ><\/p><\/div><div class=\"vc_btn3-container vc_btn3-left\"><a class=\"vc_general vc_btn3 vc_btn3-size-md vc_btn3-shape-rounded vc_btn3-style-flat vc_btn3-color-juicy-pink\" a href=\"https:\/\/bodybagstock.com\/fr\/2019\/02\/16\/travailler-dur-pour-etre-rapide-et-performant\/\" title=\"Lire plus\">Lire plus<\/a><\/div><\/div><\/div><\/div><\/div><\/div><div class=\"vc_clearfix\"><\/div><\/div><\/div><\/div>\n\t<\/div>\n<\/div><\/div><\/div><\/div><\/div><div class=\"vc_row wpb_row vc_row-fluid pt50 pt5-md pt0-sm mb45 mb5-md mb0-sm vc_custom_1550663848020 vc_row-has-fill\"><div class=\"wpb_column vc_column_container vc_col-sm-3\"><div class=\"vc_column-inner\"><div class=\"wpb_wrapper\"><div class=\"icon-layout-1\">\r\n                         <div class=\"d_flex icon-block align-items-center\">\r\n        <div class=\"icon-wrap\"><img decoding=\"async\" src=\" https:\/\/bodybagstock.com\/wp-content\/uploads\/2021\/03\/Product-Packaging-1.png \" alt=\"\"\/><\/div>\r\n         <div class=\"icon-content pl25\">\r\n         <h5 style=\"color: #222222;\">Conception de l'emballage des produits<\/h5>         \r\n         <div style=\"color: #878787;\">Conception d'emballages de produits sp\u00e9ciaux <\/div>\r\n         <\/div>\r\n        <\/div>\r\n                    <\/div><\/div><\/div><\/div><div class=\"wpb_column vc_column_container vc_col-sm-3\"><div class=\"vc_column-inner\"><div class=\"wpb_wrapper\"><div class=\"icon-layout-1\">\r\n                         <div class=\"d_flex icon-block align-items-center\">\r\n        <div class=\"icon-wrap\"><img decoding=\"async\" src=\" https:\/\/bodybagstock.com\/wp-content\/uploads\/2021\/03\/Worldwide-Shipping-1.png \" alt=\"\"\/><\/div>\r\n         <div class=\"icon-content pl25\">\r\n         <h5 style=\"color: #222222;\">Exp\u00e9dition dans le monde entier<\/h5>         \r\n         <div style=\"color: #878787;\">Nos produits sont export\u00e9s dans le monde entier. <\/div>\r\n         <\/div>\r\n        <\/div>\r\n                    <\/div><\/div><\/div><\/div><div class=\"wpb_column vc_column_container vc_col-sm-3\"><div class=\"vc_column-inner\"><div class=\"wpb_wrapper\"><div class=\"icon-layout-1\">\r\n                         <div class=\"d_flex icon-block align-items-center\">\r\n        <div class=\"icon-wrap\"><img decoding=\"async\" src=\" https:\/\/bodybagstock.com\/wp-content\/uploads\/2021\/03\/Fast-Delivery-1.png \" alt=\"\"\/><\/div>\r\n         <div class=\"icon-content pl25\">\r\n         <h5 style=\"color: #222222;\">Livraison rapide<\/h5>         \r\n         <div style=\"color: #878787;\">Livraison rapide sur demande sp\u00e9ciale <\/div>\r\n         <\/div>\r\n        <\/div>\r\n                    <\/div><\/div><\/div><\/div><\/div>","protected":false},"excerpt":{"rendered":"Product Categories Bodybag (76) CDC approved Body bag for Ebola\/Covid-19 (29) Others (29) HANDLES (70)...","protected":false},"author":1,"featured_media":0,"parent":0,"menu_order":0,"comment_status":"closed","ping_status":"closed","template":"template-full-width-page.php","meta":{"_seopress_robots_primary_cat":"","_seopress_titles_title":"","_seopress_titles_desc":"","_seopress_robots_index":"","footnotes":""},"_links":{"self":[{"href":"https:\/\/bodybagstock.com\/fr\/wp-json\/wp\/v2\/pages\/172"}],"collection":[{"href":"https:\/\/bodybagstock.com\/fr\/wp-json\/wp\/v2\/pages"}],"about":[{"href":"https:\/\/bodybagstock.com\/fr\/wp-json\/wp\/v2\/types\/page"}],"author":[{"embeddable":true,"href":"https:\/\/bodybagstock.com\/fr\/wp-json\/wp\/v2\/users\/1"}],"replies":[{"embeddable":true,"href":"https:\/\/bodybagstock.com\/fr\/wp-json\/wp\/v2\/comments?post=172"}],"version-history":[{"count":93,"href":"https:\/\/bodybagstock.com\/fr\/wp-json\/wp\/v2\/pages\/172\/revisions"}],"predecessor-version":[{"id":1163,"href":"https:\/\/bodybagstock.com\/fr\/wp-json\/wp\/v2\/pages\/172\/revisions\/1163"}],"wp:attachment":[{"href":"https:\/\/bodybagstock.com\/fr\/wp-json\/wp\/v2\/media?parent=172"}],"curies":[{"name":"wp","href":"https:\/\/api.w.org\/{rel}","templated":true}]}}