{"id":880,"date":"2019-06-17T05:49:06","date_gmt":"2019-06-17T05:49:06","guid":{"rendered":"http:\/\/bodybagstock.com\/?post_type=product&#038;p=880"},"modified":"2019-12-02T10:24:59","modified_gmt":"2019-12-02T10:24:59","slug":"bd8-peva-body-bag-for-child-12080cm","status":"publish","type":"product","link":"https:\/\/bodybagstock.com\/es\/producto\/bd8-peva-body-bag-para-nino-12080cm\/","title":{"rendered":"BD8 Bolsa de PEVA para ni\u00f1o 120*80cm"},"content":{"rendered":"<p>BD8 Bolsa de PEVA para ni\u00f1o 120*80cm<br \/>\nEl tama\u00f1o 120*80 para ni\u00f1o es adecuado para 100-125 kilos (200-250 lbs) no contienen cloruros ni carbonos: los cloruros o el carbono contaminan el medio ambiente y pueden causar da\u00f1os en las c\u00e1maras de autoclave. Las bolsas para cad\u00e1veres no son cancer\u00edgenas para la salud de los trabajadores de las funerarias cuando se utilizan para cremaciones<br \/>\n6 asas laterales incluidas en la bolsa para cad\u00e1veres para que el equipo de inhumaci\u00f3n pueda transportarla a mano con seguridad<br \/>\nTermosellado: para garantizar una mayor resistencia y seguridad<br \/>\nProporcionar contenci\u00f3n total de pat\u00f3genos transmitidos por la sangre<br \/>\nPunto de rotura de -25 a -32\u00b0C<br \/>\nCremallera en forma de U<br \/>\nNo biodegradable<br \/>\nRetenci\u00f3n de l\u00edquidos, sin fugas<\/p>","protected":false},"excerpt":{"rendered":"<p>BD8 PEVA body bag for child 120*80cm Size 120*80 for child OK to hold 100-125&#8230;<\/p>","protected":false},"featured_media":881,"comment_status":"open","ping_status":"closed","template":"","meta":{"_seopress_robots_primary_cat":"","_seopress_titles_title":"","_seopress_titles_desc":"","_seopress_robots_index":""},"_links":{"self":[{"href":"https:\/\/bodybagstock.com\/es\/wp-json\/wp\/v2\/product\/880"}],"collection":[{"href":"https:\/\/bodybagstock.com\/es\/wp-json\/wp\/v2\/product"}],"about":[{"href":"https:\/\/bodybagstock.com\/es\/wp-json\/wp\/v2\/types\/product"}],"replies":[{"embeddable":true,"href":"https:\/\/bodybagstock.com\/es\/wp-json\/wp\/v2\/comments?post=880"}],"wp:featuredmedia":[{"embeddable":true,"href":"https:\/\/bodybagstock.com\/es\/wp-json\/wp\/v2\/media\/881"}],"wp:attachment":[{"href":"https:\/\/bodybagstock.com\/es\/wp-json\/wp\/v2\/media?parent=880"}],"curies":[{"name":"wp","href":"https:\/\/api.w.org\/{rel}","templated":true}]}}