{"id":878,"date":"2019-06-17T05:48:19","date_gmt":"2019-06-17T05:48:19","guid":{"rendered":"http:\/\/bodybagstock.com\/?post_type=product&#038;p=878"},"modified":"2021-05-23T01:54:24","modified_gmt":"2021-05-23T01:54:24","slug":"bd7-peva-chlorine-free-body-bag-for-adult-230x110cm","status":"publish","type":"product","link":"https:\/\/bodybagstock.com\/es\/producto\/bd7-peva-bolsa-de-cuerpo-sin-cloro-para-adulto-230x110cm\/","title":{"rendered":"BD7 Bolsa de PEVA SIN CLORO para adulto 230x110cm"},"content":{"rendered":"<p>BD7 Bolsa de PEVA SIN CLORO para adulto 230x110cm<br \/>\nTama\u00f1o 230 x 100 cm para adultos Soportan entre 100 y 125 kilos No contienen cloruros ni carbonos: los cloruros y el carbono contaminan el medio ambiente y pueden da\u00f1ar las c\u00e1maras de autoclave. Las bolsas para cad\u00e1veres no son cancer\u00edgenas para la salud de los trabajadores funerarios cuando se utilizan para cremaciones<br \/>\n6 asas laterales incluidas en la bolsa para cad\u00e1veres para que el equipo de inhumaci\u00f3n pueda transportarla a mano con seguridad<br \/>\nTermosellado: para garantizar una mayor resistencia y seguridad<br \/>\nProporcionar contenci\u00f3n total de pat\u00f3genos transmitidos por la sangre<br \/>\nPunto de rotura de -25 a -32\u00b0C<br \/>\nCremallera en forma de U<br \/>\nNo biodegradable<br \/>\nRetenci\u00f3n de l\u00edquidos, sin fugas<\/p>","protected":false},"excerpt":{"rendered":"<p>BD7 PEVA CHLORINE-FREE body bag for adult 230x110cm Size 230 x 100 cm for adults&#8230;<\/p>","protected":false},"featured_media":879,"comment_status":"open","ping_status":"closed","template":"","meta":{"_seopress_robots_primary_cat":"","_seopress_titles_title":"","_seopress_titles_desc":"","_seopress_robots_index":""},"_links":{"self":[{"href":"https:\/\/bodybagstock.com\/es\/wp-json\/wp\/v2\/product\/878"}],"collection":[{"href":"https:\/\/bodybagstock.com\/es\/wp-json\/wp\/v2\/product"}],"about":[{"href":"https:\/\/bodybagstock.com\/es\/wp-json\/wp\/v2\/types\/product"}],"replies":[{"embeddable":true,"href":"https:\/\/bodybagstock.com\/es\/wp-json\/wp\/v2\/comments?post=878"}],"wp:featuredmedia":[{"embeddable":true,"href":"https:\/\/bodybagstock.com\/es\/wp-json\/wp\/v2\/media\/879"}],"wp:attachment":[{"href":"https:\/\/bodybagstock.com\/es\/wp-json\/wp\/v2\/media?parent=878"}],"curies":[{"name":"wp","href":"https:\/\/api.w.org\/{rel}","templated":true}]}}