{"id":876,"date":"2019-06-17T05:47:24","date_gmt":"2019-06-17T05:47:24","guid":{"rendered":"http:\/\/bodybagstock.com\/?post_type=product&#038;p=876"},"modified":"2019-12-02T10:27:47","modified_gmt":"2019-12-02T10:27:47","slug":"bd6-germany-style-body-bag-for-adult-size","status":"publish","type":"product","link":"https:\/\/bodybagstock.com\/es\/producto\/bd6-bolsa-estilo-aleman-para-adultos\/","title":{"rendered":"BD6 Bolsa estilo alem\u00e1n - PARA ADULTOS"},"content":{"rendered":"<p>BD6 Bolsa estilo alem\u00e1n - PARA ADULTOS<\/p>\n<p>Body Bag con cierres de cremallera redondeados y 10 asas de PP reforzadas con dobladillo en todos los lados.<br \/>\nTama\u00f1o 225cmx96cm, Color blanco<br \/>\n+ Piso de tejido sint\u00e9tico estable, bolsa cosida alrededor con una costura.<br \/>\n+ La gran capacidad de carga y resistencia a la tracci\u00f3n garantizan un uso estable y seguro.<br \/>\n+ Bolsa de seguridad para documentos que puede cerrarse y precintarse, transparente<br \/>\n+ Modelo estable con adhesivo (cuerpo) y deslizadores met\u00e1licos montados directamente en la bolsa.<br \/>\n+ Envasado al vac\u00edo, aprox. 38 cm x 38 cm cuando est\u00e1 plegado.<br \/>\n+ Carga m\u00e1xima 500 kg.<br \/>\n+ Cremallera met\u00e1lica con etiquetas, por lo que es m\u00e1s f\u00e1cil de abrir y cerrar por ambos lados.<\/p>","protected":false},"excerpt":{"rendered":"<p>BD6 Germany style body bag &#8211; FOR ADULT SIZE Body Bag with rounded zip fasteners&#8230;<\/p>","protected":false},"featured_media":877,"comment_status":"open","ping_status":"closed","template":"","meta":{"_seopress_robots_primary_cat":"","_seopress_titles_title":"","_seopress_titles_desc":"","_seopress_robots_index":""},"_links":{"self":[{"href":"https:\/\/bodybagstock.com\/es\/wp-json\/wp\/v2\/product\/876"}],"collection":[{"href":"https:\/\/bodybagstock.com\/es\/wp-json\/wp\/v2\/product"}],"about":[{"href":"https:\/\/bodybagstock.com\/es\/wp-json\/wp\/v2\/types\/product"}],"replies":[{"embeddable":true,"href":"https:\/\/bodybagstock.com\/es\/wp-json\/wp\/v2\/comments?post=876"}],"wp:featuredmedia":[{"embeddable":true,"href":"https:\/\/bodybagstock.com\/es\/wp-json\/wp\/v2\/media\/877"}],"wp:attachment":[{"href":"https:\/\/bodybagstock.com\/es\/wp-json\/wp\/v2\/media?parent=876"}],"curies":[{"name":"wp","href":"https:\/\/api.w.org\/{rel}","templated":true}]}}