{"id":874,"date":"2019-06-17T05:46:20","date_gmt":"2019-06-17T05:46:20","guid":{"rendered":"http:\/\/bodybagstock.com\/?post_type=product&#038;p=874"},"modified":"2021-05-23T01:56:11","modified_gmt":"2021-05-23T01:56:11","slug":"germany-style-body-bag-for-child-size","status":"publish","type":"product","link":"https:\/\/bodybagstock.com\/es\/producto\/bolsa-de-estilo-aleman-para-ninos\/","title":{"rendered":"BD5 Bolso estilo alem\u00e1n - PARA NI\u00d1O"},"content":{"rendered":"<p>Bolso estilo alem\u00e1n - PARA NI\u00d1OS<br \/>\nBody Bag con cierres de cremallera redondeados y 10 asas de PP reforzadas por todos los lados doblad...<br \/>\nTama\u00f1o 100cmx96cm, Color blanco<br \/>\n+ Piso de tejido sint\u00e9tico estable, bolsa cosida alrededor con una costura.<br \/>\n+ La gran capacidad de carga y resistencia a la tracci\u00f3n garantizan un uso estable y seguro.<br \/>\n+ Bolsa de seguridad para documentos que puede cerrarse y precintarse, transparente<br \/>\n+ Modelo estable con adhesivo (cuerpo) y deslizadores met\u00e1licos montados directamente en la bolsa.<br \/>\n+ Envasado al vac\u00edo, aprox. 38 cm x 38 cm cuando est\u00e1 plegado.<br \/>\n+ Carga m\u00e1xima 500 kg.<br \/>\n+ Cremallera met\u00e1lica con etiquetas, por lo que es m\u00e1s f\u00e1cil de abrir y cerrar por ambos lados.<\/p>","protected":false},"excerpt":{"rendered":"<p>Germany style body bag &#8211; FOR CHILD SIZE Body Bag with rounded zip fasteners and&#8230;<\/p>","protected":false},"featured_media":875,"comment_status":"open","ping_status":"closed","template":"","meta":{"_seopress_robots_primary_cat":"","_seopress_titles_title":"","_seopress_titles_desc":"","_seopress_robots_index":""},"_links":{"self":[{"href":"https:\/\/bodybagstock.com\/es\/wp-json\/wp\/v2\/product\/874"}],"collection":[{"href":"https:\/\/bodybagstock.com\/es\/wp-json\/wp\/v2\/product"}],"about":[{"href":"https:\/\/bodybagstock.com\/es\/wp-json\/wp\/v2\/types\/product"}],"replies":[{"embeddable":true,"href":"https:\/\/bodybagstock.com\/es\/wp-json\/wp\/v2\/comments?post=874"}],"wp:featuredmedia":[{"embeddable":true,"href":"https:\/\/bodybagstock.com\/es\/wp-json\/wp\/v2\/media\/875"}],"wp:attachment":[{"href":"https:\/\/bodybagstock.com\/es\/wp-json\/wp\/v2\/media?parent=874"}],"curies":[{"name":"wp","href":"https:\/\/api.w.org\/{rel}","templated":true}]}}