{"id":1554,"date":"2022-08-19T07:05:02","date_gmt":"2022-08-19T07:05:02","guid":{"rendered":"http:\/\/bodybagstock.com\/?post_type=product&#038;p=1554"},"modified":"2022-08-19T07:05:02","modified_gmt":"2022-08-19T07:05:02","slug":"body-bag","status":"publish","type":"product","link":"https:\/\/bodybagstock.com\/es\/producto\/bolsa-para-cadaveres\/","title":{"rendered":"Bolsa para cad\u00e1veres"},"content":{"rendered":"<p><strong data-rich-text-format-boundary=\"true\">Informaci\u00f3n general<\/strong> Bolsas sin PVC para cad\u00e1veres. Tenga en cuenta el uso final: -Hospitales (sin asas): WSANBODBUSH -Recogidas sobre el terreno (con asas): WSANBODBHW o HB -Para enfermedades infecciosas (con asas): WSANBODBHWEB -Costumbres funerarias, en cuanto a la selecci\u00f3n de colores.<\/p>\n<p><strong>Especificaciones<\/strong> Color: blanco o negro Material especial reforzado (2 capas) Tama\u00f1o: 2150 x 1100 mm Grosor: 300 micras Cremallera en forma de U con 2 correderas con grandes lazos met\u00e1licos en cada corredera 6 asas que no se astillan No PVC y no biodegradable Biodegradable : no En el suelo, la bolsa para cad\u00e1veres permanecer\u00e1 s\u00f3lida durante un periodo de entre 7 y 10 a\u00f1os Vida \u00fatil 10 a\u00f1os Certificado de origen Cart\u00f3n de exportaci\u00f3n de 5 capas 5 unidades\/caja<\/p>\n<p><strong>BOLSA CORPORAL, 200micras<\/strong> Color blanco Tacto suave y silencioso EVA Tama\u00f1o 2150 x 1000 mm Grosor: 200 micras Cremallera en forma de U con 2 correderas con grandes lazos met\u00e1licos en cada corredera No PVC y no biodegradable Biodegradable : no En el suelo, la bolsa permanecer\u00e1 s\u00f3lida durante un periodo de entre 2 y 5 a\u00f1os Vida \u00fatil 10 a\u00f1os Certificado de origen Caja de cart\u00f3n de exportaci\u00f3n de 5 capas 5 unidades\/caja<\/p>\n<p><strong>BOLSA CORPORAL, enfermedades infecciosas, 300micras<\/strong> 100% bolsa de cuerpo sin fugas Color Blanco Material especial reforzado con forro (2ply) Tama\u00f1o 2500 x 1200mm Espesor: 300 micras 2 soldaduras en toda la longitud 50 mm desde el lateral Cremallera en forma de U : cremallera completamente libre con 2 gu\u00edas con lazos de sujeci\u00f3n en cada gu\u00eda 6 asas no astillables No PVC y no degradable Biodegradable : no En el suelo, la bolsa para cad\u00e1veres permanecer\u00e1 s\u00f3lida durante un periodo de entre 7 y 10 a\u00f1os Vida \u00fatil 10 a\u00f1os Certificado de origen Caja de cart\u00f3n de exportaci\u00f3n de 5 capas 5 unidades\/caja<\/p>","protected":false},"excerpt":{"rendered":"<p>General information Non-PVC bags for corpses. Keep end-use in mind: -Hospitals (without grips): WSANBODBUSH -Field&#8230;<\/p>","protected":false},"featured_media":1555,"comment_status":"closed","ping_status":"closed","template":"","meta":{"_seopress_robots_primary_cat":"","_seopress_titles_title":"","_seopress_titles_desc":"","_seopress_robots_index":""},"_links":{"self":[{"href":"https:\/\/bodybagstock.com\/es\/wp-json\/wp\/v2\/product\/1554"}],"collection":[{"href":"https:\/\/bodybagstock.com\/es\/wp-json\/wp\/v2\/product"}],"about":[{"href":"https:\/\/bodybagstock.com\/es\/wp-json\/wp\/v2\/types\/product"}],"replies":[{"embeddable":true,"href":"https:\/\/bodybagstock.com\/es\/wp-json\/wp\/v2\/comments?post=1554"}],"wp:featuredmedia":[{"embeddable":true,"href":"https:\/\/bodybagstock.com\/es\/wp-json\/wp\/v2\/media\/1555"}],"wp:attachment":[{"href":"https:\/\/bodybagstock.com\/es\/wp-json\/wp\/v2\/media?parent=1554"}],"curies":[{"name":"wp","href":"https:\/\/api.w.org\/{rel}","templated":true}]}}