{"id":902,"date":"2019-06-17T05:57:49","date_gmt":"2019-06-17T05:57:49","guid":{"rendered":"http:\/\/bodybagstock.com\/?post_type=product&#038;p=902"},"modified":"2021-05-23T01:54:24","modified_gmt":"2021-05-23T01:54:24","slug":"bd19-heavy-duty-pvc-body-bag","status":"publish","type":"product","link":"https:\/\/bodybagstock.com\/de\/produkt\/bd19-heavy-duty-pvc-body-bag\/","title":{"rendered":"BD19 Strapazierf\u00e4higer PVC-K\u00f6rpersack"},"content":{"rendered":"<p>BD19 Strapazierf\u00e4higer PVC-K\u00f6rpersack<br \/>\n1) Dicke: 300 mircons<br \/>\n2) 3 Schichten<br \/>\n3) auslaufsicher<br \/>\n4) u Rei\u00dfverschluss<\/p>","protected":false},"excerpt":{"rendered":"<p>BD19 Heavy duty PVC body bag 1) Thickness: 300 mircons 2) 3 layers 3) leakproof&#8230;<\/p>","protected":false},"featured_media":903,"comment_status":"open","ping_status":"closed","template":"","meta":{"_seopress_robots_primary_cat":"","_seopress_titles_title":"","_seopress_titles_desc":"","_seopress_robots_index":""},"_links":{"self":[{"href":"https:\/\/bodybagstock.com\/de\/wp-json\/wp\/v2\/product\/902"}],"collection":[{"href":"https:\/\/bodybagstock.com\/de\/wp-json\/wp\/v2\/product"}],"about":[{"href":"https:\/\/bodybagstock.com\/de\/wp-json\/wp\/v2\/types\/product"}],"replies":[{"embeddable":true,"href":"https:\/\/bodybagstock.com\/de\/wp-json\/wp\/v2\/comments?post=902"}],"wp:featuredmedia":[{"embeddable":true,"href":"https:\/\/bodybagstock.com\/de\/wp-json\/wp\/v2\/media\/903"}],"wp:attachment":[{"href":"https:\/\/bodybagstock.com\/de\/wp-json\/wp\/v2\/media?parent=902"}],"curies":[{"name":"wp","href":"https:\/\/api.w.org\/{rel}","templated":true}]}}