{"id":896,"date":"2019-06-17T05:55:03","date_gmt":"2019-06-17T05:55:03","guid":{"rendered":"http:\/\/bodybagstock.com\/?post_type=product&#038;p=896"},"modified":"2019-12-02T10:21:22","modified_gmt":"2019-12-02T10:21:22","slug":"bd16-8-handles-non-woven-body-bag","status":"publish","type":"product","link":"https:\/\/bodybagstock.com\/de\/produkt\/bd16-8-griffe-nicht-gewebt-korper-tasche\/","title":{"rendered":"BD16 8 Griffe Vliesstoff-K\u00f6rpersack"},"content":{"rendered":"<p>BD16 8 Griffe Vliesstoff-K\u00f6rpersack<\/p>\n<p>1) PP WOVEN+PE, Dicke: 200gsm<br \/>\n2) U-Rei\u00dfverschluss, 8 Griffe<br \/>\n3) Gr\u00f6\u00dfe: 230\u00d792 cm<\/p>","protected":false},"excerpt":{"rendered":"<p>BD16 8 handles non-woven body bag 1) PP WOVEN+PE, thickness: 200gsm 2) U zipper, 8&#8230;<\/p>","protected":false},"featured_media":897,"comment_status":"open","ping_status":"closed","template":"","meta":{"_seopress_robots_primary_cat":"","_seopress_titles_title":"","_seopress_titles_desc":"","_seopress_robots_index":""},"_links":{"self":[{"href":"https:\/\/bodybagstock.com\/de\/wp-json\/wp\/v2\/product\/896"}],"collection":[{"href":"https:\/\/bodybagstock.com\/de\/wp-json\/wp\/v2\/product"}],"about":[{"href":"https:\/\/bodybagstock.com\/de\/wp-json\/wp\/v2\/types\/product"}],"replies":[{"embeddable":true,"href":"https:\/\/bodybagstock.com\/de\/wp-json\/wp\/v2\/comments?post=896"}],"wp:featuredmedia":[{"embeddable":true,"href":"https:\/\/bodybagstock.com\/de\/wp-json\/wp\/v2\/media\/897"}],"wp:attachment":[{"href":"https:\/\/bodybagstock.com\/de\/wp-json\/wp\/v2\/media?parent=896"}],"curies":[{"name":"wp","href":"https:\/\/api.w.org\/{rel}","templated":true}]}}