{"id":892,"date":"2019-06-17T05:53:24","date_gmt":"2019-06-17T05:53:24","guid":{"rendered":"http:\/\/bodybagstock.com\/?post_type=product&#038;p=892"},"modified":"2019-12-02T10:22:11","modified_gmt":"2019-12-02T10:22:11","slug":"bd14-heavy-duty-pvc-body-bag","status":"publish","type":"product","link":"https:\/\/bodybagstock.com\/de\/produkt\/bd14-heavy-duty-pvc-body-bag\/","title":{"rendered":"BD14 Strapazierf\u00e4higer PVC-K\u00f6rpersack"},"content":{"rendered":"<p>BD14 Strapazierf\u00e4higer PVC-K\u00f6rpersack<\/p>","protected":false},"excerpt":{"rendered":"<p>BD14 Strapazierf\u00e4higer PVC-K\u00f6rpersack<\/p>","protected":false},"featured_media":893,"comment_status":"open","ping_status":"closed","template":"","meta":{"_seopress_robots_primary_cat":"","_seopress_titles_title":"","_seopress_titles_desc":"","_seopress_robots_index":""},"_links":{"self":[{"href":"https:\/\/bodybagstock.com\/de\/wp-json\/wp\/v2\/product\/892"}],"collection":[{"href":"https:\/\/bodybagstock.com\/de\/wp-json\/wp\/v2\/product"}],"about":[{"href":"https:\/\/bodybagstock.com\/de\/wp-json\/wp\/v2\/types\/product"}],"replies":[{"embeddable":true,"href":"https:\/\/bodybagstock.com\/de\/wp-json\/wp\/v2\/comments?post=892"}],"wp:featuredmedia":[{"embeddable":true,"href":"https:\/\/bodybagstock.com\/de\/wp-json\/wp\/v2\/media\/893"}],"wp:attachment":[{"href":"https:\/\/bodybagstock.com\/de\/wp-json\/wp\/v2\/media?parent=892"}],"curies":[{"name":"wp","href":"https:\/\/api.w.org\/{rel}","templated":true}]}}