{"id":890,"date":"2019-06-17T05:52:47","date_gmt":"2019-06-17T05:52:47","guid":{"rendered":"http:\/\/bodybagstock.com\/?post_type=product&#038;p=890"},"modified":"2019-12-02T10:22:38","modified_gmt":"2019-12-02T10:22:38","slug":"bd13-non-woven-4-handles-body-bag","status":"publish","type":"product","link":"https:\/\/bodybagstock.com\/de\/produkt\/bd13-nicht-gewebt-4-griffe-korper-tasche\/","title":{"rendered":"BD13 Vliesstoff 4 Griffe K\u00f6rper Tasche"},"content":{"rendered":"<p>BD13 Vliesstoff 4 Griffe K\u00f6rper Tasche<\/p>\n<p>1)pp+pe(mit Vliesstoff \u00fcberzogenes pe)<br \/>\n2) Dicke:60gsm<br \/>\n3) Gr\u00f6\u00dfe 220\u00d785<br \/>\n4)4 Griffe<br \/>\n5) diese Art von Tasche ist Anzug f\u00fcr Kremation und Kind, Tier. halten 70kgs<\/p>","protected":false},"excerpt":{"rendered":"<p>BD13 Non-woven 4 handles body bag 1)pp+pe(non-woven covered pe) 2)thickness:60gsm 3)size 220&#215;85 4)4 handles 5)this&#8230;<\/p>","protected":false},"featured_media":891,"comment_status":"open","ping_status":"closed","template":"","meta":{"_seopress_robots_primary_cat":"","_seopress_titles_title":"","_seopress_titles_desc":"","_seopress_robots_index":""},"_links":{"self":[{"href":"https:\/\/bodybagstock.com\/de\/wp-json\/wp\/v2\/product\/890"}],"collection":[{"href":"https:\/\/bodybagstock.com\/de\/wp-json\/wp\/v2\/product"}],"about":[{"href":"https:\/\/bodybagstock.com\/de\/wp-json\/wp\/v2\/types\/product"}],"replies":[{"embeddable":true,"href":"https:\/\/bodybagstock.com\/de\/wp-json\/wp\/v2\/comments?post=890"}],"wp:featuredmedia":[{"embeddable":true,"href":"https:\/\/bodybagstock.com\/de\/wp-json\/wp\/v2\/media\/891"}],"wp:attachment":[{"href":"https:\/\/bodybagstock.com\/de\/wp-json\/wp\/v2\/media?parent=890"}],"curies":[{"name":"wp","href":"https:\/\/api.w.org\/{rel}","templated":true}]}}