{"id":886,"date":"2019-06-17T05:51:17","date_gmt":"2019-06-17T05:51:17","guid":{"rendered":"http:\/\/bodybagstock.com\/?post_type=product&#038;p=886"},"modified":"2019-12-02T10:23:37","modified_gmt":"2019-12-02T10:23:37","slug":"bd11-6-handles-peva-adult-body-bag-peva","status":"publish","type":"product","link":"https:\/\/bodybagstock.com\/de\/produkt\/bd11-6-griffe-peva-erwachsene-korper-tasche-peva\/","title":{"rendered":"BD11 6 Griffe PEVA Erwachsene K\u00f6rper Tasche PEVA"},"content":{"rendered":"<p>BD11 6 Griffe PEVA Erwachsene K\u00f6rper Tasche PEVA, 300MIRCONS, Gr\u00f6\u00dfe: 250X120CM, 6 Griffe, J ZIPPER, 2 PULLS, PACK DETAILS: 50X40X37CM,8ST\u00dcCK, BRUTTOGEWICHT PRO KARTON:18KG,<\/p>","protected":false},"excerpt":{"rendered":"<p>BD11 6 handles PEVA adult body bag PEVA, 300MIRCONS, SIZE: 250X120CM, 6 HANDLES, J ZIPPER,&#8230;<\/p>","protected":false},"featured_media":887,"comment_status":"open","ping_status":"closed","template":"","meta":{"_seopress_robots_primary_cat":"","_seopress_titles_title":"","_seopress_titles_desc":"","_seopress_robots_index":""},"_links":{"self":[{"href":"https:\/\/bodybagstock.com\/de\/wp-json\/wp\/v2\/product\/886"}],"collection":[{"href":"https:\/\/bodybagstock.com\/de\/wp-json\/wp\/v2\/product"}],"about":[{"href":"https:\/\/bodybagstock.com\/de\/wp-json\/wp\/v2\/types\/product"}],"replies":[{"embeddable":true,"href":"https:\/\/bodybagstock.com\/de\/wp-json\/wp\/v2\/comments?post=886"}],"wp:featuredmedia":[{"embeddable":true,"href":"https:\/\/bodybagstock.com\/de\/wp-json\/wp\/v2\/media\/887"}],"wp:attachment":[{"href":"https:\/\/bodybagstock.com\/de\/wp-json\/wp\/v2\/media?parent=886"}],"curies":[{"name":"wp","href":"https:\/\/api.w.org\/{rel}","templated":true}]}}