{"id":878,"date":"2019-06-17T05:48:19","date_gmt":"2019-06-17T05:48:19","guid":{"rendered":"http:\/\/bodybagstock.com\/?post_type=product&#038;p=878"},"modified":"2021-05-23T01:54:24","modified_gmt":"2021-05-23T01:54:24","slug":"bd7-peva-chlorine-free-body-bag-for-adult-230x110cm","status":"publish","type":"product","link":"https:\/\/bodybagstock.com\/de\/produkt\/bd7-peva-chlorfrei-korper-tasche-fur-erwachsene-230x110cm\/","title":{"rendered":"BD7 PEVA CHLORINFREIE K\u00f6rper Tasche f\u00fcr Erwachsene 230x110cm"},"content":{"rendered":"<p>BD7 PEVA CHLORINFREIE K\u00f6rper Tasche f\u00fcr Erwachsene 230x110cm<br \/>\nGr\u00f6\u00dfe 230 x 100 cm f\u00fcr Erwachsene OK f\u00fcr 100-125 Kilo (200-250 lbs) enthalten keine Chloride oder Kohlenstoffe: Chloride oder Kohlenstoff verschmutzen die Umwelt und k\u00f6nnen Sch\u00e4den an Retortenkammern verursachen. Leichens\u00e4cke sind nicht krebserregend f\u00fcr die Gesundheit von Bestattungspersonal, wenn sie f\u00fcr Ein\u00e4scherungen verwendet werden<br \/>\n6 seitliche Griffe im Leichensack, damit das Bestattungsteam den Sack sicher tragen kann<br \/>\nHei\u00dfversiegelt: f\u00fcr h\u00f6chste Festigkeit und Sicherheit<br \/>\nVollst\u00e4ndige Eind\u00e4mmung von durch Blut \u00fcbertragbaren Krankheitserregern<br \/>\nKnackpunkt von -25 bis -32\u00b0C<br \/>\nRei\u00dfverschluss U-f\u00f6rmig<br \/>\nNicht biologisch abbaubar<br \/>\nFl\u00fcssigkeitsretention, auslaufsicher<\/p>","protected":false},"excerpt":{"rendered":"<p>BD7 PEVA CHLORINE-FREE body bag for adult 230x110cm Size 230 x 100 cm for adults&#8230;<\/p>","protected":false},"featured_media":879,"comment_status":"open","ping_status":"closed","template":"","meta":{"_seopress_robots_primary_cat":"","_seopress_titles_title":"","_seopress_titles_desc":"","_seopress_robots_index":""},"_links":{"self":[{"href":"https:\/\/bodybagstock.com\/de\/wp-json\/wp\/v2\/product\/878"}],"collection":[{"href":"https:\/\/bodybagstock.com\/de\/wp-json\/wp\/v2\/product"}],"about":[{"href":"https:\/\/bodybagstock.com\/de\/wp-json\/wp\/v2\/types\/product"}],"replies":[{"embeddable":true,"href":"https:\/\/bodybagstock.com\/de\/wp-json\/wp\/v2\/comments?post=878"}],"wp:featuredmedia":[{"embeddable":true,"href":"https:\/\/bodybagstock.com\/de\/wp-json\/wp\/v2\/media\/879"}],"wp:attachment":[{"href":"https:\/\/bodybagstock.com\/de\/wp-json\/wp\/v2\/media?parent=878"}],"curies":[{"name":"wp","href":"https:\/\/api.w.org\/{rel}","templated":true}]}}