{"id":876,"date":"2019-06-17T05:47:24","date_gmt":"2019-06-17T05:47:24","guid":{"rendered":"http:\/\/bodybagstock.com\/?post_type=product&#038;p=876"},"modified":"2019-12-02T10:27:47","modified_gmt":"2019-12-02T10:27:47","slug":"bd6-germany-style-body-bag-for-adult-size","status":"publish","type":"product","link":"https:\/\/bodybagstock.com\/de\/produkt\/bd6-deutschland-stil-body-bag-fur-erwachsene-grose\/","title":{"rendered":"BD6 Deutschland Stil Leichensack - F\u00dcR ERWACHSENE GR\u00d6SSE"},"content":{"rendered":"<p>BD6 Deutschland Stil Leichensack - F\u00dcR ERWACHSENE GR\u00d6SSE<\/p>\n<p>Body Bag mit abgerundeten Rei\u00dfverschl\u00fcssen und 10 verst\u00e4rkten PP-Griffen an allen Seiten des Saums.<br \/>\nGr\u00f6\u00dfe 225cmx96cm, Farbe wei\u00df<br \/>\n+ Boden aus stabilem Kunststoffgewebe, Tasche rundum mit einer Naht vern\u00e4ht.<br \/>\n+ Hohe Belastbarkeit und Zugfestigkeit garantieren eine stabile und sichere Nutzung.<br \/>\n+ Verschlie\u00dfbare und versiegelbare, transparente Sicherheitstasche f\u00fcr Dokumente<br \/>\n+ Stabiles Modell mit Aufkleber (K\u00f6rper) und Metallschiebern, die direkt an der Tasche befestigt sind.<br \/>\n+ Vakuumverpackt, ca. 38 cm x 38 cm im gefalteten Zustand.<br \/>\n+ Maximale Belastung 500 kg.<br \/>\n+ Metallrei\u00dfverschluss mit Anh\u00e4ngern, dadurch leichteres \u00d6ffnen und Schlie\u00dfen von beiden Seiten.<\/p>","protected":false},"excerpt":{"rendered":"<p>BD6 Germany style body bag &#8211; FOR ADULT SIZE Body Bag with rounded zip fasteners&#8230;<\/p>","protected":false},"featured_media":877,"comment_status":"open","ping_status":"closed","template":"","meta":{"_seopress_robots_primary_cat":"","_seopress_titles_title":"","_seopress_titles_desc":"","_seopress_robots_index":""},"_links":{"self":[{"href":"https:\/\/bodybagstock.com\/de\/wp-json\/wp\/v2\/product\/876"}],"collection":[{"href":"https:\/\/bodybagstock.com\/de\/wp-json\/wp\/v2\/product"}],"about":[{"href":"https:\/\/bodybagstock.com\/de\/wp-json\/wp\/v2\/types\/product"}],"replies":[{"embeddable":true,"href":"https:\/\/bodybagstock.com\/de\/wp-json\/wp\/v2\/comments?post=876"}],"wp:featuredmedia":[{"embeddable":true,"href":"https:\/\/bodybagstock.com\/de\/wp-json\/wp\/v2\/media\/877"}],"wp:attachment":[{"href":"https:\/\/bodybagstock.com\/de\/wp-json\/wp\/v2\/media?parent=876"}],"curies":[{"name":"wp","href":"https:\/\/api.w.org\/{rel}","templated":true}]}}