{"id":874,"date":"2019-06-17T05:46:20","date_gmt":"2019-06-17T05:46:20","guid":{"rendered":"http:\/\/bodybagstock.com\/?post_type=product&#038;p=874"},"modified":"2021-05-23T01:56:11","modified_gmt":"2021-05-23T01:56:11","slug":"germany-style-body-bag-for-child-size","status":"publish","type":"product","link":"https:\/\/bodybagstock.com\/de\/produkt\/germany-style-body-bag-fur-kindergrose\/","title":{"rendered":"BD5 Germany style body bag - FOR CHILD SIZE"},"content":{"rendered":"<p>Germany style body bag - FOR CHILD SIZE<br \/>\nBody Bag mit abgerundeten Rei\u00dfverschl\u00fcssen und 10 verst\u00e4rkten PP-Griffs\u00e4umen an allen Seiten.<br \/>\nGr\u00f6\u00dfe 100cmx96cm, Farbe wei\u00df<br \/>\n+ Boden aus stabilem Kunststoffgewebe, Tasche rundum mit einer Naht vern\u00e4ht.<br \/>\n+ Hohe Belastbarkeit und Zugfestigkeit garantieren eine stabile und sichere Nutzung.<br \/>\n+ Verschlie\u00dfbare und versiegelbare, transparente Sicherheitstasche f\u00fcr Dokumente<br \/>\n+ Stabiles Modell mit Aufkleber (K\u00f6rper) und Metallschiebern, die direkt an der Tasche befestigt sind.<br \/>\n+ Vakuumverpackt, ca. 38 cm x 38 cm im gefalteten Zustand.<br \/>\n+ Maximale Belastung 500 kg.<br \/>\n+ Metallrei\u00dfverschluss mit Anh\u00e4ngern, daher leichter von beiden Seiten zu \u00f6ffnen und zu schlie\u00dfen.<\/p>","protected":false},"excerpt":{"rendered":"<p>Germany style body bag &#8211; FOR CHILD SIZE Body Bag with rounded zip fasteners and&#8230;<\/p>","protected":false},"featured_media":875,"comment_status":"open","ping_status":"closed","template":"","meta":{"_seopress_robots_primary_cat":"","_seopress_titles_title":"","_seopress_titles_desc":"","_seopress_robots_index":""},"_links":{"self":[{"href":"https:\/\/bodybagstock.com\/de\/wp-json\/wp\/v2\/product\/874"}],"collection":[{"href":"https:\/\/bodybagstock.com\/de\/wp-json\/wp\/v2\/product"}],"about":[{"href":"https:\/\/bodybagstock.com\/de\/wp-json\/wp\/v2\/types\/product"}],"replies":[{"embeddable":true,"href":"https:\/\/bodybagstock.com\/de\/wp-json\/wp\/v2\/comments?post=874"}],"wp:featuredmedia":[{"embeddable":true,"href":"https:\/\/bodybagstock.com\/de\/wp-json\/wp\/v2\/media\/875"}],"wp:attachment":[{"href":"https:\/\/bodybagstock.com\/de\/wp-json\/wp\/v2\/media?parent=874"}],"curies":[{"name":"wp","href":"https:\/\/api.w.org\/{rel}","templated":true}]}}