{"id":870,"date":"2019-06-17T05:42:54","date_gmt":"2019-06-17T05:42:54","guid":{"rendered":"http:\/\/bodybagstock.com\/?post_type=product&#038;p=870"},"modified":"2021-05-23T01:54:24","modified_gmt":"2021-05-23T01:54:24","slug":"bd3-stretcher-style-body-bag","status":"publish","type":"product","link":"https:\/\/bodybagstock.com\/de\/produkt\/bd3-stretcher-style-body-bag\/","title":{"rendered":"BD3 STRETCHER STYLE BODY BAG"},"content":{"rendered":"<p>STRETCHER STYLE BODY BAG K\u00f6rpersack im Stretcher-Stil, die Oberseite ist eine Bahre, die R\u00fcckseite ist ein K\u00f6rpersack.<br \/>\nPVC, 400microns Gr\u00f6\u00dfe: 186x65cm, 8 Griffe<\/p>","protected":false},"excerpt":{"rendered":"<p>STRETCHER STYLE BODY BAG Stretcher style body bag, upside is a stretcher, backside is a&#8230;<\/p>","protected":false},"featured_media":871,"comment_status":"open","ping_status":"closed","template":"","meta":{"_seopress_robots_primary_cat":"","_seopress_titles_title":"","_seopress_titles_desc":"","_seopress_robots_index":""},"_links":{"self":[{"href":"https:\/\/bodybagstock.com\/de\/wp-json\/wp\/v2\/product\/870"}],"collection":[{"href":"https:\/\/bodybagstock.com\/de\/wp-json\/wp\/v2\/product"}],"about":[{"href":"https:\/\/bodybagstock.com\/de\/wp-json\/wp\/v2\/types\/product"}],"replies":[{"embeddable":true,"href":"https:\/\/bodybagstock.com\/de\/wp-json\/wp\/v2\/comments?post=870"}],"wp:featuredmedia":[{"embeddable":true,"href":"https:\/\/bodybagstock.com\/de\/wp-json\/wp\/v2\/media\/871"}],"wp:attachment":[{"href":"https:\/\/bodybagstock.com\/de\/wp-json\/wp\/v2\/media?parent=870"}],"curies":[{"name":"wp","href":"https:\/\/api.w.org\/{rel}","templated":true}]}}