{"id":1508,"date":"2022-03-17T03:24:15","date_gmt":"2022-03-17T03:24:15","guid":{"rendered":"http:\/\/bodybagstock.com\/?post_type=product&#038;p=1508"},"modified":"2022-03-17T03:24:15","modified_gmt":"2022-03-17T03:24:15","slug":"body-bag-kit-body-bag-cotton-rope-chin-rest-absorbent-pad","status":"publish","type":"product","link":"https:\/\/bodybagstock.com\/de\/produkt\/body-bag-kit-body-bag-baumwollseil-kinnstutze-saugfahiges-kissen\/","title":{"rendered":"Leichensack-Kit - Leichensack, Baumwollseil, Kinnst\u00fctze, saugf\u00e4hige Unterlage"},"content":{"rendered":"<p>Leichensack-Kit - Leichensack, Baumwollseil, Kinnst\u00fctze, saugf\u00e4hige Unterlage<\/p>\n<div id='gallery-1' class='gallery galleryid-1508 gallery-columns-3 gallery-size-thumbnail'><figure class='gallery-item'>\n\t\t\t<div class='gallery-icon landscape'>\n\t\t\t\t<a href='https:\/\/bodybagstock.com\/de\/?attachment_id=1510'><img decoding=\"async\" width=\"150\" height=\"150\" src=\"https:\/\/bodybagstock.com\/wp-content\/uploads\/2022\/03\/bodybag_C23090H6BT200UI-1-1-150x150.jpg\" class=\"attachment-thumbnail size-thumbnail\" alt=\"bodybag_C23090H6BT200UI (1)\" aria-describedby=\"gallery-1-1510\" srcset=\"https:\/\/bodybagstock.com\/wp-content\/uploads\/2022\/03\/bodybag_C23090H6BT200UI-1-1-150x150.jpg 150w, https:\/\/bodybagstock.com\/wp-content\/uploads\/2022\/03\/bodybag_C23090H6BT200UI-1-1-300x300.jpg 300w, https:\/\/bodybagstock.com\/wp-content\/uploads\/2022\/03\/bodybag_C23090H6BT200UI-1-1-1024x1024.jpg 1024w, https:\/\/bodybagstock.com\/wp-content\/uploads\/2022\/03\/bodybag_C23090H6BT200UI-1-1-768x768.jpg 768w, https:\/\/bodybagstock.com\/wp-content\/uploads\/2022\/03\/bodybag_C23090H6BT200UI-1-1-1292x1292.jpg 1292w, https:\/\/bodybagstock.com\/wp-content\/uploads\/2022\/03\/bodybag_C23090H6BT200UI-1-1-936x936.jpg 936w, https:\/\/bodybagstock.com\/wp-content\/uploads\/2022\/03\/bodybag_C23090H6BT200UI-1-1-600x600.jpg 600w, https:\/\/bodybagstock.com\/wp-content\/uploads\/2022\/03\/bodybag_C23090H6BT200UI-1-1-100x100.jpg 100w, https:\/\/bodybagstock.com\/wp-content\/uploads\/2022\/03\/bodybag_C23090H6BT200UI-1-1.jpg 1500w\" sizes=\"(max-width: 150px) 100vw, 150px\" \/><\/a>\n\t\t\t<\/div>\n\t\t\t\t<figcaption class='wp-caption-text gallery-caption' id='gallery-1-1510'>\n\t\t\t\tbodybag_C23090H6BT200UI (1)\n\t\t\t\t<\/figcaption><\/figure><figure class='gallery-item'>\n\t\t\t<div class='gallery-icon landscape'>\n\t\t\t\t<a href='https:\/\/bodybagstock.com\/de\/?attachment_id=1511'><img decoding=\"async\" width=\"150\" height=\"150\" src=\"https:\/\/bodybagstock.com\/wp-content\/uploads\/2022\/03\/bodybag_C23090H6BT200UI-2-150x150.jpg\" class=\"attachment-thumbnail size-thumbnail\" alt=\"bodybag_C23090H6BT200UI (2)\" aria-describedby=\"gallery-1-1511\" srcset=\"https:\/\/bodybagstock.com\/wp-content\/uploads\/2022\/03\/bodybag_C23090H6BT200UI-2-150x150.jpg 150w, https:\/\/bodybagstock.com\/wp-content\/uploads\/2022\/03\/bodybag_C23090H6BT200UI-2-300x300.jpg 300w, https:\/\/bodybagstock.com\/wp-content\/uploads\/2022\/03\/bodybag_C23090H6BT200UI-2-1024x1024.jpg 1024w, https:\/\/bodybagstock.com\/wp-content\/uploads\/2022\/03\/bodybag_C23090H6BT200UI-2-768x768.jpg 768w, https:\/\/bodybagstock.com\/wp-content\/uploads\/2022\/03\/bodybag_C23090H6BT200UI-2-1292x1292.jpg 1292w, https:\/\/bodybagstock.com\/wp-content\/uploads\/2022\/03\/bodybag_C23090H6BT200UI-2-936x936.jpg 936w, https:\/\/bodybagstock.com\/wp-content\/uploads\/2022\/03\/bodybag_C23090H6BT200UI-2-600x600.jpg 600w, https:\/\/bodybagstock.com\/wp-content\/uploads\/2022\/03\/bodybag_C23090H6BT200UI-2-100x100.jpg 100w, https:\/\/bodybagstock.com\/wp-content\/uploads\/2022\/03\/bodybag_C23090H6BT200UI-2.jpg 1500w\" sizes=\"(max-width: 150px) 100vw, 150px\" \/><\/a>\n\t\t\t<\/div>\n\t\t\t\t<figcaption class='wp-caption-text gallery-caption' id='gallery-1-1511'>\n\t\t\t\tbodybag_C23090H6BT200UI (2)\n\t\t\t\t<\/figcaption><\/figure><figure class='gallery-item'>\n\t\t\t<div class='gallery-icon landscape'>\n\t\t\t\t<a href='https:\/\/bodybagstock.com\/de\/?attachment_id=1512'><img decoding=\"async\" width=\"150\" height=\"150\" src=\"https:\/\/bodybagstock.com\/wp-content\/uploads\/2022\/03\/bodybag_C23090H6BT200UI-3-150x150.jpg\" class=\"attachment-thumbnail size-thumbnail\" alt=\"bodybag_C23090H6BT200UI (3)\" aria-describedby=\"gallery-1-1512\" srcset=\"https:\/\/bodybagstock.com\/wp-content\/uploads\/2022\/03\/bodybag_C23090H6BT200UI-3-150x150.jpg 150w, https:\/\/bodybagstock.com\/wp-content\/uploads\/2022\/03\/bodybag_C23090H6BT200UI-3-300x300.jpg 300w, https:\/\/bodybagstock.com\/wp-content\/uploads\/2022\/03\/bodybag_C23090H6BT200UI-3-1024x1024.jpg 1024w, https:\/\/bodybagstock.com\/wp-content\/uploads\/2022\/03\/bodybag_C23090H6BT200UI-3-768x768.jpg 768w, https:\/\/bodybagstock.com\/wp-content\/uploads\/2022\/03\/bodybag_C23090H6BT200UI-3-1292x1292.jpg 1292w, https:\/\/bodybagstock.com\/wp-content\/uploads\/2022\/03\/bodybag_C23090H6BT200UI-3-936x936.jpg 936w, https:\/\/bodybagstock.com\/wp-content\/uploads\/2022\/03\/bodybag_C23090H6BT200UI-3-600x600.jpg 600w, https:\/\/bodybagstock.com\/wp-content\/uploads\/2022\/03\/bodybag_C23090H6BT200UI-3-100x100.jpg 100w, https:\/\/bodybagstock.com\/wp-content\/uploads\/2022\/03\/bodybag_C23090H6BT200UI-3.jpg 1500w\" sizes=\"(max-width: 150px) 100vw, 150px\" \/><\/a>\n\t\t\t<\/div>\n\t\t\t\t<figcaption class='wp-caption-text gallery-caption' id='gallery-1-1512'>\n\t\t\t\tbodybag_C23090H6BT200UI (3)\n\t\t\t\t<\/figcaption><\/figure><figure class='gallery-item'>\n\t\t\t<div class='gallery-icon landscape'>\n\t\t\t\t<a href='https:\/\/bodybagstock.com\/de\/?attachment_id=1513'><img loading=\"lazy\" decoding=\"async\" width=\"150\" height=\"150\" src=\"https:\/\/bodybagstock.com\/wp-content\/uploads\/2022\/03\/bodybag_C23090H6BT200UI-4-150x150.jpg\" class=\"attachment-thumbnail size-thumbnail\" alt=\"bodybag_C23090H6BT200UI (4)\" aria-describedby=\"gallery-1-1513\" srcset=\"https:\/\/bodybagstock.com\/wp-content\/uploads\/2022\/03\/bodybag_C23090H6BT200UI-4-150x150.jpg 150w, https:\/\/bodybagstock.com\/wp-content\/uploads\/2022\/03\/bodybag_C23090H6BT200UI-4-300x300.jpg 300w, https:\/\/bodybagstock.com\/wp-content\/uploads\/2022\/03\/bodybag_C23090H6BT200UI-4-1024x1024.jpg 1024w, https:\/\/bodybagstock.com\/wp-content\/uploads\/2022\/03\/bodybag_C23090H6BT200UI-4-768x768.jpg 768w, https:\/\/bodybagstock.com\/wp-content\/uploads\/2022\/03\/bodybag_C23090H6BT200UI-4-1292x1292.jpg 1292w, https:\/\/bodybagstock.com\/wp-content\/uploads\/2022\/03\/bodybag_C23090H6BT200UI-4-936x936.jpg 936w, https:\/\/bodybagstock.com\/wp-content\/uploads\/2022\/03\/bodybag_C23090H6BT200UI-4-600x600.jpg 600w, https:\/\/bodybagstock.com\/wp-content\/uploads\/2022\/03\/bodybag_C23090H6BT200UI-4-100x100.jpg 100w, https:\/\/bodybagstock.com\/wp-content\/uploads\/2022\/03\/bodybag_C23090H6BT200UI-4.jpg 1500w\" sizes=\"(max-width: 150px) 100vw, 150px\" \/><\/a>\n\t\t\t<\/div>\n\t\t\t\t<figcaption class='wp-caption-text gallery-caption' id='gallery-1-1513'>\n\t\t\t\tbodybag_C23090H6BT200UI (4)\n\t\t\t\t<\/figcaption><\/figure><figure class='gallery-item'>\n\t\t\t<div class='gallery-icon landscape'>\n\t\t\t\t<a href='https:\/\/bodybagstock.com\/de\/?attachment_id=1514'><img loading=\"lazy\" decoding=\"async\" width=\"150\" height=\"150\" src=\"https:\/\/bodybagstock.com\/wp-content\/uploads\/2022\/03\/bodybag_C23090H6BT200UI-5-150x150.jpg\" class=\"attachment-thumbnail size-thumbnail\" alt=\"bodybag_C23090H6BT200UI (5)\" aria-describedby=\"gallery-1-1514\" srcset=\"https:\/\/bodybagstock.com\/wp-content\/uploads\/2022\/03\/bodybag_C23090H6BT200UI-5-150x150.jpg 150w, https:\/\/bodybagstock.com\/wp-content\/uploads\/2022\/03\/bodybag_C23090H6BT200UI-5-300x300.jpg 300w, https:\/\/bodybagstock.com\/wp-content\/uploads\/2022\/03\/bodybag_C23090H6BT200UI-5-1024x1024.jpg 1024w, https:\/\/bodybagstock.com\/wp-content\/uploads\/2022\/03\/bodybag_C23090H6BT200UI-5-768x768.jpg 768w, https:\/\/bodybagstock.com\/wp-content\/uploads\/2022\/03\/bodybag_C23090H6BT200UI-5-1292x1292.jpg 1292w, https:\/\/bodybagstock.com\/wp-content\/uploads\/2022\/03\/bodybag_C23090H6BT200UI-5-936x936.jpg 936w, https:\/\/bodybagstock.com\/wp-content\/uploads\/2022\/03\/bodybag_C23090H6BT200UI-5-600x600.jpg 600w, https:\/\/bodybagstock.com\/wp-content\/uploads\/2022\/03\/bodybag_C23090H6BT200UI-5-100x100.jpg 100w, https:\/\/bodybagstock.com\/wp-content\/uploads\/2022\/03\/bodybag_C23090H6BT200UI-5.jpg 1500w\" sizes=\"(max-width: 150px) 100vw, 150px\" \/><\/a>\n\t\t\t<\/div>\n\t\t\t\t<figcaption class='wp-caption-text gallery-caption' id='gallery-1-1514'>\n\t\t\t\tbodybag_C23090H6BT200UI (5)\n\t\t\t\t<\/figcaption><\/figure><figure class='gallery-item'>\n\t\t\t<div class='gallery-icon landscape'>\n\t\t\t\t<a href='https:\/\/bodybagstock.com\/de\/?attachment_id=1515'><img loading=\"lazy\" decoding=\"async\" width=\"150\" height=\"150\" src=\"https:\/\/bodybagstock.com\/wp-content\/uploads\/2022\/03\/bodybag_C23090H6BT200UI-6-150x150.jpg\" class=\"attachment-thumbnail size-thumbnail\" alt=\"bodybag_C23090H6BT200UI (6)\" aria-describedby=\"gallery-1-1515\" srcset=\"https:\/\/bodybagstock.com\/wp-content\/uploads\/2022\/03\/bodybag_C23090H6BT200UI-6-150x150.jpg 150w, https:\/\/bodybagstock.com\/wp-content\/uploads\/2022\/03\/bodybag_C23090H6BT200UI-6-300x300.jpg 300w, https:\/\/bodybagstock.com\/wp-content\/uploads\/2022\/03\/bodybag_C23090H6BT200UI-6-1024x1024.jpg 1024w, https:\/\/bodybagstock.com\/wp-content\/uploads\/2022\/03\/bodybag_C23090H6BT200UI-6-768x768.jpg 768w, https:\/\/bodybagstock.com\/wp-content\/uploads\/2022\/03\/bodybag_C23090H6BT200UI-6-1292x1292.jpg 1292w, https:\/\/bodybagstock.com\/wp-content\/uploads\/2022\/03\/bodybag_C23090H6BT200UI-6-936x936.jpg 936w, https:\/\/bodybagstock.com\/wp-content\/uploads\/2022\/03\/bodybag_C23090H6BT200UI-6-600x600.jpg 600w, https:\/\/bodybagstock.com\/wp-content\/uploads\/2022\/03\/bodybag_C23090H6BT200UI-6-100x100.jpg 100w, https:\/\/bodybagstock.com\/wp-content\/uploads\/2022\/03\/bodybag_C23090H6BT200UI-6.jpg 1500w\" sizes=\"(max-width: 150px) 100vw, 150px\" \/><\/a>\n\t\t\t<\/div>\n\t\t\t\t<figcaption class='wp-caption-text gallery-caption' id='gallery-1-1515'>\n\t\t\t\tbodybag_C23090H6BT200UI (6)\n\t\t\t\t<\/figcaption><\/figure>\n\t\t<\/div>","protected":false},"excerpt":{"rendered":"<p>1.material:PVC<br \/>\n2. die Dicke: 200microns<br \/>\n3. die Gr\u00f6\u00dfe: 230*90<br \/>\n4 Farbe: Wei\u00df<br \/>\n5.4 Riemen Griffe<br \/>\n6.U Rei\u00dfverschluss<br \/>\n7.mit saugf\u00e4higem Kissen, 4 Seile Chainstrip<\/p>","protected":false},"featured_media":1509,"comment_status":"closed","ping_status":"closed","template":"","meta":{"_seopress_robots_primary_cat":"","_seopress_titles_title":"","_seopress_titles_desc":"","_seopress_robots_index":""},"_links":{"self":[{"href":"https:\/\/bodybagstock.com\/de\/wp-json\/wp\/v2\/product\/1508"}],"collection":[{"href":"https:\/\/bodybagstock.com\/de\/wp-json\/wp\/v2\/product"}],"about":[{"href":"https:\/\/bodybagstock.com\/de\/wp-json\/wp\/v2\/types\/product"}],"replies":[{"embeddable":true,"href":"https:\/\/bodybagstock.com\/de\/wp-json\/wp\/v2\/comments?post=1508"}],"wp:featuredmedia":[{"embeddable":true,"href":"https:\/\/bodybagstock.com\/de\/wp-json\/wp\/v2\/media\/1509"}],"wp:attachment":[{"href":"https:\/\/bodybagstock.com\/de\/wp-json\/wp\/v2\/media?parent=1508"}],"curies":[{"name":"wp","href":"https:\/\/api.w.org\/{rel}","templated":true}]}}