{"id":1282,"date":"2022-03-14T01:29:46","date_gmt":"2022-03-14T01:29:46","guid":{"rendered":"http:\/\/bodybagstock.com\/?post_type=product&#038;p=1282"},"modified":"2022-03-14T01:29:47","modified_gmt":"2022-03-14T01:29:47","slug":"standard-white-peva-chlorine-free-body-bag-adult-size-j-zipper","status":"publish","type":"product","link":"https:\/\/bodybagstock.com\/de\/produkt\/standard-weis-peva-chlorfrei-korper-tasche-erwachsene-grose-j-reisverschluss\/","title":{"rendered":"STANDARD WEISS PEVA CHLORFREI K\u00d6RPER TASCHE - ERWACHSENE GR\u00d6SSE-J REISSVERSCHLUSS"},"content":{"rendered":"<p>STANDARD WEISS PEVA CHLORFREI K\u00d6RPER TASCHE - ERWACHSENE GR\u00d6SSE-J REISSVERSCHLUSS<\/p>\n<div id='gallery-1' class='gallery galleryid-1282 gallery-columns-5 gallery-size-thumbnail'><figure class='gallery-item'>\n\t\t\t<div class='gallery-icon landscape'>\n\t\t\t\t<a href='https:\/\/bodybagstock.com\/de\/?attachment_id=1285'><img decoding=\"async\" width=\"150\" height=\"150\" src=\"https:\/\/bodybagstock.com\/wp-content\/uploads\/2022\/03\/bodybag_A23080BT200JI-3-150x150.jpg\" class=\"attachment-thumbnail size-thumbnail\" alt=\"Leichensack_A23080BT200JI (3)\" aria-describedby=\"gallery-1-1285\" srcset=\"https:\/\/bodybagstock.com\/wp-content\/uploads\/2022\/03\/bodybag_A23080BT200JI-3-150x150.jpg 150w, https:\/\/bodybagstock.com\/wp-content\/uploads\/2022\/03\/bodybag_A23080BT200JI-3-300x300.jpg 300w, https:\/\/bodybagstock.com\/wp-content\/uploads\/2022\/03\/bodybag_A23080BT200JI-3-1024x1024.jpg 1024w, https:\/\/bodybagstock.com\/wp-content\/uploads\/2022\/03\/bodybag_A23080BT200JI-3-768x768.jpg 768w, https:\/\/bodybagstock.com\/wp-content\/uploads\/2022\/03\/bodybag_A23080BT200JI-3-1292x1292.jpg 1292w, https:\/\/bodybagstock.com\/wp-content\/uploads\/2022\/03\/bodybag_A23080BT200JI-3-936x936.jpg 936w, https:\/\/bodybagstock.com\/wp-content\/uploads\/2022\/03\/bodybag_A23080BT200JI-3-600x600.jpg 600w, https:\/\/bodybagstock.com\/wp-content\/uploads\/2022\/03\/bodybag_A23080BT200JI-3-100x100.jpg 100w, https:\/\/bodybagstock.com\/wp-content\/uploads\/2022\/03\/bodybag_A23080BT200JI-3.jpg 1500w\" sizes=\"(max-width: 150px) 100vw, 150px\" \/><\/a>\n\t\t\t<\/div>\n\t\t\t\t<figcaption class='wp-caption-text gallery-caption' id='gallery-1-1285'>\n\t\t\t\tLeichensack_A23080BT200JI (3)\n\t\t\t\t<\/figcaption><\/figure><figure class='gallery-item'>\n\t\t\t<div class='gallery-icon landscape'>\n\t\t\t\t<a href='https:\/\/bodybagstock.com\/de\/?attachment_id=1284'><img decoding=\"async\" width=\"150\" height=\"150\" src=\"https:\/\/bodybagstock.com\/wp-content\/uploads\/2022\/03\/bodybag_A23080BT200JI-2-150x150.jpg\" class=\"attachment-thumbnail size-thumbnail\" alt=\"Leichensack_A23080BT200JI (2)\" aria-describedby=\"gallery-1-1284\" srcset=\"https:\/\/bodybagstock.com\/wp-content\/uploads\/2022\/03\/bodybag_A23080BT200JI-2-150x150.jpg 150w, https:\/\/bodybagstock.com\/wp-content\/uploads\/2022\/03\/bodybag_A23080BT200JI-2-300x300.jpg 300w, https:\/\/bodybagstock.com\/wp-content\/uploads\/2022\/03\/bodybag_A23080BT200JI-2-1024x1024.jpg 1024w, https:\/\/bodybagstock.com\/wp-content\/uploads\/2022\/03\/bodybag_A23080BT200JI-2-768x768.jpg 768w, https:\/\/bodybagstock.com\/wp-content\/uploads\/2022\/03\/bodybag_A23080BT200JI-2-1292x1292.jpg 1292w, https:\/\/bodybagstock.com\/wp-content\/uploads\/2022\/03\/bodybag_A23080BT200JI-2-936x936.jpg 936w, https:\/\/bodybagstock.com\/wp-content\/uploads\/2022\/03\/bodybag_A23080BT200JI-2-600x600.jpg 600w, https:\/\/bodybagstock.com\/wp-content\/uploads\/2022\/03\/bodybag_A23080BT200JI-2-100x100.jpg 100w, https:\/\/bodybagstock.com\/wp-content\/uploads\/2022\/03\/bodybag_A23080BT200JI-2.jpg 1500w\" sizes=\"(max-width: 150px) 100vw, 150px\" \/><\/a>\n\t\t\t<\/div>\n\t\t\t\t<figcaption class='wp-caption-text gallery-caption' id='gallery-1-1284'>\n\t\t\t\tLeichensack_A23080BT200JI (2)\n\t\t\t\t<\/figcaption><\/figure><figure class='gallery-item'>\n\t\t\t<div class='gallery-icon landscape'>\n\t\t\t\t<a href='https:\/\/bodybagstock.com\/de\/?attachment_id=1283'><img decoding=\"async\" width=\"150\" height=\"150\" src=\"https:\/\/bodybagstock.com\/wp-content\/uploads\/2022\/03\/bodybag_A23080BT200JI-1-150x150.jpg\" class=\"attachment-thumbnail size-thumbnail\" alt=\"Leichensack_A23080BT200JI (1)\" aria-describedby=\"gallery-1-1283\" srcset=\"https:\/\/bodybagstock.com\/wp-content\/uploads\/2022\/03\/bodybag_A23080BT200JI-1-150x150.jpg 150w, https:\/\/bodybagstock.com\/wp-content\/uploads\/2022\/03\/bodybag_A23080BT200JI-1-300x300.jpg 300w, https:\/\/bodybagstock.com\/wp-content\/uploads\/2022\/03\/bodybag_A23080BT200JI-1-1024x1024.jpg 1024w, https:\/\/bodybagstock.com\/wp-content\/uploads\/2022\/03\/bodybag_A23080BT200JI-1-768x768.jpg 768w, https:\/\/bodybagstock.com\/wp-content\/uploads\/2022\/03\/bodybag_A23080BT200JI-1-1292x1292.jpg 1292w, https:\/\/bodybagstock.com\/wp-content\/uploads\/2022\/03\/bodybag_A23080BT200JI-1-936x936.jpg 936w, https:\/\/bodybagstock.com\/wp-content\/uploads\/2022\/03\/bodybag_A23080BT200JI-1-600x600.jpg 600w, https:\/\/bodybagstock.com\/wp-content\/uploads\/2022\/03\/bodybag_A23080BT200JI-1-100x100.jpg 100w, https:\/\/bodybagstock.com\/wp-content\/uploads\/2022\/03\/bodybag_A23080BT200JI-1.jpg 1500w\" sizes=\"(max-width: 150px) 100vw, 150px\" \/><\/a>\n\t\t\t<\/div>\n\t\t\t\t<figcaption class='wp-caption-text gallery-caption' id='gallery-1-1283'>\n\t\t\t\tLeichensack_A23080BT200JI (1)\n\t\t\t\t<\/figcaption><\/figure><figure class='gallery-item'>\n\t\t\t<div class='gallery-icon landscape'>\n\t\t\t\t<a href='https:\/\/bodybagstock.com\/de\/?attachment_id=1287'><img loading=\"lazy\" decoding=\"async\" width=\"150\" height=\"150\" src=\"https:\/\/bodybagstock.com\/wp-content\/uploads\/2022\/03\/bodybag_A23080BT200JI-5-150x150.jpg\" class=\"attachment-thumbnail size-thumbnail\" alt=\"Leichensack_A23080BT200JI (5)\" aria-describedby=\"gallery-1-1287\" srcset=\"https:\/\/bodybagstock.com\/wp-content\/uploads\/2022\/03\/bodybag_A23080BT200JI-5-150x150.jpg 150w, https:\/\/bodybagstock.com\/wp-content\/uploads\/2022\/03\/bodybag_A23080BT200JI-5-300x300.jpg 300w, https:\/\/bodybagstock.com\/wp-content\/uploads\/2022\/03\/bodybag_A23080BT200JI-5-1024x1024.jpg 1024w, https:\/\/bodybagstock.com\/wp-content\/uploads\/2022\/03\/bodybag_A23080BT200JI-5-768x768.jpg 768w, https:\/\/bodybagstock.com\/wp-content\/uploads\/2022\/03\/bodybag_A23080BT200JI-5-1292x1292.jpg 1292w, https:\/\/bodybagstock.com\/wp-content\/uploads\/2022\/03\/bodybag_A23080BT200JI-5-936x936.jpg 936w, https:\/\/bodybagstock.com\/wp-content\/uploads\/2022\/03\/bodybag_A23080BT200JI-5-600x600.jpg 600w, https:\/\/bodybagstock.com\/wp-content\/uploads\/2022\/03\/bodybag_A23080BT200JI-5-100x100.jpg 100w, https:\/\/bodybagstock.com\/wp-content\/uploads\/2022\/03\/bodybag_A23080BT200JI-5.jpg 1500w\" sizes=\"(max-width: 150px) 100vw, 150px\" \/><\/a>\n\t\t\t<\/div>\n\t\t\t\t<figcaption class='wp-caption-text gallery-caption' id='gallery-1-1287'>\n\t\t\t\tLeichensack_A23080BT200JI (5)\n\t\t\t\t<\/figcaption><\/figure><figure class='gallery-item'>\n\t\t\t<div class='gallery-icon landscape'>\n\t\t\t\t<a href='https:\/\/bodybagstock.com\/de\/?attachment_id=1286'><img loading=\"lazy\" decoding=\"async\" width=\"150\" height=\"150\" src=\"https:\/\/bodybagstock.com\/wp-content\/uploads\/2022\/03\/bodybag_A23080BT200JI-4-150x150.jpg\" class=\"attachment-thumbnail size-thumbnail\" alt=\"Leichensack_A23080BT200JI (4)\" aria-describedby=\"gallery-1-1286\" srcset=\"https:\/\/bodybagstock.com\/wp-content\/uploads\/2022\/03\/bodybag_A23080BT200JI-4-150x150.jpg 150w, https:\/\/bodybagstock.com\/wp-content\/uploads\/2022\/03\/bodybag_A23080BT200JI-4-300x300.jpg 300w, https:\/\/bodybagstock.com\/wp-content\/uploads\/2022\/03\/bodybag_A23080BT200JI-4-1024x1024.jpg 1024w, https:\/\/bodybagstock.com\/wp-content\/uploads\/2022\/03\/bodybag_A23080BT200JI-4-768x768.jpg 768w, https:\/\/bodybagstock.com\/wp-content\/uploads\/2022\/03\/bodybag_A23080BT200JI-4-1292x1292.jpg 1292w, https:\/\/bodybagstock.com\/wp-content\/uploads\/2022\/03\/bodybag_A23080BT200JI-4-936x936.jpg 936w, https:\/\/bodybagstock.com\/wp-content\/uploads\/2022\/03\/bodybag_A23080BT200JI-4-600x600.jpg 600w, https:\/\/bodybagstock.com\/wp-content\/uploads\/2022\/03\/bodybag_A23080BT200JI-4-100x100.jpg 100w, https:\/\/bodybagstock.com\/wp-content\/uploads\/2022\/03\/bodybag_A23080BT200JI-4.jpg 1500w\" sizes=\"(max-width: 150px) 100vw, 150px\" \/><\/a>\n\t\t\t<\/div>\n\t\t\t\t<figcaption class='wp-caption-text gallery-caption' id='gallery-1-1286'>\n\t\t\t\tLeichensack_A23080BT200JI (4)\n\t\t\t\t<\/figcaption><\/figure>\n\t\t<\/div>\n\n<p>&nbsp;<\/p>","protected":false},"excerpt":{"rendered":"<p>Besonderheiten:<br \/>\n1. Material: PEVA<br \/>\n2. Dicke:200microns<br \/>\n3. Gr\u00f6\u00dfe:230*90cm<br \/>\n4. Farbe:wei\u00df<br \/>\n5. J Rei\u00dfverschluss<br \/>\n6. Keine Griffe<br \/>\n7. mit Ausweistasche<\/p>","protected":false},"featured_media":1283,"comment_status":"closed","ping_status":"closed","template":"","meta":{"_seopress_robots_primary_cat":"","_seopress_titles_title":"","_seopress_titles_desc":"","_seopress_robots_index":""},"_links":{"self":[{"href":"https:\/\/bodybagstock.com\/de\/wp-json\/wp\/v2\/product\/1282"}],"collection":[{"href":"https:\/\/bodybagstock.com\/de\/wp-json\/wp\/v2\/product"}],"about":[{"href":"https:\/\/bodybagstock.com\/de\/wp-json\/wp\/v2\/types\/product"}],"replies":[{"embeddable":true,"href":"https:\/\/bodybagstock.com\/de\/wp-json\/wp\/v2\/comments?post=1282"}],"wp:featuredmedia":[{"embeddable":true,"href":"https:\/\/bodybagstock.com\/de\/wp-json\/wp\/v2\/media\/1283"}],"wp:attachment":[{"href":"https:\/\/bodybagstock.com\/de\/wp-json\/wp\/v2\/media?parent=1282"}],"curies":[{"name":"wp","href":"https:\/\/api.w.org\/{rel}","templated":true}]}}