{"id":1272,"date":"2022-03-12T10:13:45","date_gmt":"2022-03-12T10:13:45","guid":{"rendered":"http:\/\/bodybagstock.com\/?post_type=product&#038;p=1272"},"modified":"2022-03-12T10:16:05","modified_gmt":"2022-03-12T10:16:05","slug":"white-chlorine-free-body-bag-child-size-150100-j-zippe","status":"publish","type":"product","link":"https:\/\/bodybagstock.com\/de\/produkt\/weis-chlorfrei-korper-tasche-kind-grose-150100-j-zippe\/","title":{"rendered":"WEISSE CHLORFREIE K\u00d6RPERTASCHE - KINDERGR\u00d6SSE-150*100- J zippe"},"content":{"rendered":"<p>WEISSE CHLORFREIE K\u00d6RPERTASCHE - KINDERGR\u00d6SSE-150*100- J zippe<\/p>\n<div id='gallery-1' class='gallery galleryid-1272 gallery-columns-3 gallery-size-thumbnail'><figure class='gallery-item'>\n\t\t\t<div class='gallery-icon landscape'>\n\t\t\t\t<a href='https:\/\/bodybagstock.com\/de\/?attachment_id=1274'><img decoding=\"async\" width=\"150\" height=\"150\" src=\"https:\/\/bodybagstock.com\/wp-content\/uploads\/2022\/03\/bodybag_KA150100H4BT300JI-1-3-150x150.jpg\" class=\"attachment-thumbnail size-thumbnail\" alt=\"\" srcset=\"https:\/\/bodybagstock.com\/wp-content\/uploads\/2022\/03\/bodybag_KA150100H4BT300JI-1-3-150x150.jpg 150w, https:\/\/bodybagstock.com\/wp-content\/uploads\/2022\/03\/bodybag_KA150100H4BT300JI-1-3-300x300.jpg 300w, https:\/\/bodybagstock.com\/wp-content\/uploads\/2022\/03\/bodybag_KA150100H4BT300JI-1-3-1024x1024.jpg 1024w, https:\/\/bodybagstock.com\/wp-content\/uploads\/2022\/03\/bodybag_KA150100H4BT300JI-1-3-768x768.jpg 768w, https:\/\/bodybagstock.com\/wp-content\/uploads\/2022\/03\/bodybag_KA150100H4BT300JI-1-3-1292x1292.jpg 1292w, https:\/\/bodybagstock.com\/wp-content\/uploads\/2022\/03\/bodybag_KA150100H4BT300JI-1-3-936x936.jpg 936w, https:\/\/bodybagstock.com\/wp-content\/uploads\/2022\/03\/bodybag_KA150100H4BT300JI-1-3-600x600.jpg 600w, https:\/\/bodybagstock.com\/wp-content\/uploads\/2022\/03\/bodybag_KA150100H4BT300JI-1-3-100x100.jpg 100w, https:\/\/bodybagstock.com\/wp-content\/uploads\/2022\/03\/bodybag_KA150100H4BT300JI-1-3.jpg 1500w\" sizes=\"(max-width: 150px) 100vw, 150px\" \/><\/a>\n\t\t\t<\/div><\/figure><figure class='gallery-item'>\n\t\t\t<div class='gallery-icon landscape'>\n\t\t\t\t<a href='https:\/\/bodybagstock.com\/de\/?attachment_id=1275'><img decoding=\"async\" width=\"150\" height=\"150\" src=\"https:\/\/bodybagstock.com\/wp-content\/uploads\/2022\/03\/bodybag_KA150100H4BT300JI-2-1-150x150.jpg\" class=\"attachment-thumbnail size-thumbnail\" alt=\"\" srcset=\"https:\/\/bodybagstock.com\/wp-content\/uploads\/2022\/03\/bodybag_KA150100H4BT300JI-2-1-150x150.jpg 150w, https:\/\/bodybagstock.com\/wp-content\/uploads\/2022\/03\/bodybag_KA150100H4BT300JI-2-1-300x300.jpg 300w, https:\/\/bodybagstock.com\/wp-content\/uploads\/2022\/03\/bodybag_KA150100H4BT300JI-2-1-1024x1024.jpg 1024w, https:\/\/bodybagstock.com\/wp-content\/uploads\/2022\/03\/bodybag_KA150100H4BT300JI-2-1-768x768.jpg 768w, https:\/\/bodybagstock.com\/wp-content\/uploads\/2022\/03\/bodybag_KA150100H4BT300JI-2-1-1292x1292.jpg 1292w, https:\/\/bodybagstock.com\/wp-content\/uploads\/2022\/03\/bodybag_KA150100H4BT300JI-2-1-936x936.jpg 936w, https:\/\/bodybagstock.com\/wp-content\/uploads\/2022\/03\/bodybag_KA150100H4BT300JI-2-1-600x600.jpg 600w, https:\/\/bodybagstock.com\/wp-content\/uploads\/2022\/03\/bodybag_KA150100H4BT300JI-2-1-100x100.jpg 100w, https:\/\/bodybagstock.com\/wp-content\/uploads\/2022\/03\/bodybag_KA150100H4BT300JI-2-1.jpg 1500w\" sizes=\"(max-width: 150px) 100vw, 150px\" \/><\/a>\n\t\t\t<\/div><\/figure><figure class='gallery-item'>\n\t\t\t<div class='gallery-icon landscape'>\n\t\t\t\t<a href='https:\/\/bodybagstock.com\/de\/?attachment_id=1276'><img decoding=\"async\" width=\"150\" height=\"150\" src=\"https:\/\/bodybagstock.com\/wp-content\/uploads\/2022\/03\/bodybag_KA150100H4BT300JI-3-1-150x150.jpg\" class=\"attachment-thumbnail size-thumbnail\" alt=\"\" srcset=\"https:\/\/bodybagstock.com\/wp-content\/uploads\/2022\/03\/bodybag_KA150100H4BT300JI-3-1-150x150.jpg 150w, https:\/\/bodybagstock.com\/wp-content\/uploads\/2022\/03\/bodybag_KA150100H4BT300JI-3-1-300x300.jpg 300w, https:\/\/bodybagstock.com\/wp-content\/uploads\/2022\/03\/bodybag_KA150100H4BT300JI-3-1-1024x1024.jpg 1024w, https:\/\/bodybagstock.com\/wp-content\/uploads\/2022\/03\/bodybag_KA150100H4BT300JI-3-1-768x768.jpg 768w, https:\/\/bodybagstock.com\/wp-content\/uploads\/2022\/03\/bodybag_KA150100H4BT300JI-3-1-1292x1292.jpg 1292w, https:\/\/bodybagstock.com\/wp-content\/uploads\/2022\/03\/bodybag_KA150100H4BT300JI-3-1-936x936.jpg 936w, https:\/\/bodybagstock.com\/wp-content\/uploads\/2022\/03\/bodybag_KA150100H4BT300JI-3-1-600x600.jpg 600w, https:\/\/bodybagstock.com\/wp-content\/uploads\/2022\/03\/bodybag_KA150100H4BT300JI-3-1-100x100.jpg 100w, https:\/\/bodybagstock.com\/wp-content\/uploads\/2022\/03\/bodybag_KA150100H4BT300JI-3-1.jpg 1500w\" sizes=\"(max-width: 150px) 100vw, 150px\" \/><\/a>\n\t\t\t<\/div><\/figure><figure class='gallery-item'>\n\t\t\t<div class='gallery-icon landscape'>\n\t\t\t\t<a href='https:\/\/bodybagstock.com\/de\/?attachment_id=1277'><img loading=\"lazy\" decoding=\"async\" width=\"150\" height=\"150\" src=\"https:\/\/bodybagstock.com\/wp-content\/uploads\/2022\/03\/bodybag_KA150100H4BT300JI-4-1-150x150.jpg\" class=\"attachment-thumbnail size-thumbnail\" alt=\"\" srcset=\"https:\/\/bodybagstock.com\/wp-content\/uploads\/2022\/03\/bodybag_KA150100H4BT300JI-4-1-150x150.jpg 150w, https:\/\/bodybagstock.com\/wp-content\/uploads\/2022\/03\/bodybag_KA150100H4BT300JI-4-1-300x300.jpg 300w, https:\/\/bodybagstock.com\/wp-content\/uploads\/2022\/03\/bodybag_KA150100H4BT300JI-4-1-1024x1024.jpg 1024w, https:\/\/bodybagstock.com\/wp-content\/uploads\/2022\/03\/bodybag_KA150100H4BT300JI-4-1-768x768.jpg 768w, https:\/\/bodybagstock.com\/wp-content\/uploads\/2022\/03\/bodybag_KA150100H4BT300JI-4-1-1292x1292.jpg 1292w, https:\/\/bodybagstock.com\/wp-content\/uploads\/2022\/03\/bodybag_KA150100H4BT300JI-4-1-936x936.jpg 936w, https:\/\/bodybagstock.com\/wp-content\/uploads\/2022\/03\/bodybag_KA150100H4BT300JI-4-1-600x600.jpg 600w, https:\/\/bodybagstock.com\/wp-content\/uploads\/2022\/03\/bodybag_KA150100H4BT300JI-4-1-100x100.jpg 100w, https:\/\/bodybagstock.com\/wp-content\/uploads\/2022\/03\/bodybag_KA150100H4BT300JI-4-1.jpg 1500w\" sizes=\"(max-width: 150px) 100vw, 150px\" \/><\/a>\n\t\t\t<\/div><\/figure>\n\t\t<\/div>","protected":false},"excerpt":{"rendered":"<p>Besonderheiten:<br \/>\n1. Material: PEVA<br \/>\n2. Dicke:300microns<br \/>\n3. die Gr\u00f6\u00dfe: 150*100cm<br \/>\n4. die Farbe: wei\u00df<br \/>\n5. J Rei\u00dfverschluss<br \/>\n6. 4 eingebaute Griffe<br \/>\n7. mit Ausweistasche<br \/>\n8. mit Saugeinlage<br \/>\n9. 1,1 kg\/St\u00fcck<\/p>","protected":false},"featured_media":1273,"comment_status":"closed","ping_status":"closed","template":"","meta":{"_seopress_robots_primary_cat":"","_seopress_titles_title":"","_seopress_titles_desc":"","_seopress_robots_index":""},"_links":{"self":[{"href":"https:\/\/bodybagstock.com\/de\/wp-json\/wp\/v2\/product\/1272"}],"collection":[{"href":"https:\/\/bodybagstock.com\/de\/wp-json\/wp\/v2\/product"}],"about":[{"href":"https:\/\/bodybagstock.com\/de\/wp-json\/wp\/v2\/types\/product"}],"replies":[{"embeddable":true,"href":"https:\/\/bodybagstock.com\/de\/wp-json\/wp\/v2\/comments?post=1272"}],"wp:featuredmedia":[{"embeddable":true,"href":"https:\/\/bodybagstock.com\/de\/wp-json\/wp\/v2\/media\/1273"}],"wp:attachment":[{"href":"https:\/\/bodybagstock.com\/de\/wp-json\/wp\/v2\/media?parent=1272"}],"curies":[{"name":"wp","href":"https:\/\/api.w.org\/{rel}","templated":true}]}}