{"id":1071,"date":"2021-03-19T10:11:45","date_gmt":"2021-03-19T10:11:45","guid":{"rendered":"http:\/\/bodybagstock.com\/?post_type=product&#038;p=1071"},"modified":"2021-03-19T10:17:45","modified_gmt":"2021-03-19T10:17:45","slug":"biodegradable-peva-cadaver-bag-bd28","status":"publish","type":"product","link":"https:\/\/bodybagstock.com\/de\/produkt\/biologisch-abbaubarer-peva-leichensack-bd28\/","title":{"rendered":"Biologisch abbaubarer Leichensack aus PEVA - BD28"},"content":{"rendered":"<p>Biologisch abbaubarer Leichensack aus PEVA - BD28<\/p>\n<p>Hitzeversiegelte N\u00e4hte, 100% auslaufsicher Erf\u00fcllt die OSHA-Vorschrift 3130 (berufliche Exposition gegen\u00fcber durch Blut \u00fcbertragbaren Krankheitserregern)<\/p>\n<p>Gefertigt aus schwarzem PEVA<\/p>\n<p>Verst\u00e4rkter, gebogener (C) Rei\u00dfverschluss, zwei rostfreie Rei\u00dfverschl\u00fcsse, Rei\u00dfverschluss-Verschlussschlaufe<\/p>\n<p>4-seitig hei\u00dfversiegelt<\/p>\n<p>Inklusive 3 Zehenschilder<\/p>\n<p>Gewichtskapazit\u00e4t: 400 lbs<\/p>","protected":false},"excerpt":{"rendered":"<p>Biologisch abbaubarer Leichensack aus PEVA - BD28<\/p>","protected":false},"featured_media":1074,"comment_status":"open","ping_status":"closed","template":"","meta":{"_seopress_robots_primary_cat":"","_seopress_titles_title":"","_seopress_titles_desc":"","_seopress_robots_index":""},"_links":{"self":[{"href":"https:\/\/bodybagstock.com\/de\/wp-json\/wp\/v2\/product\/1071"}],"collection":[{"href":"https:\/\/bodybagstock.com\/de\/wp-json\/wp\/v2\/product"}],"about":[{"href":"https:\/\/bodybagstock.com\/de\/wp-json\/wp\/v2\/types\/product"}],"replies":[{"embeddable":true,"href":"https:\/\/bodybagstock.com\/de\/wp-json\/wp\/v2\/comments?post=1071"}],"wp:featuredmedia":[{"embeddable":true,"href":"https:\/\/bodybagstock.com\/de\/wp-json\/wp\/v2\/media\/1074"}],"wp:attachment":[{"href":"https:\/\/bodybagstock.com\/de\/wp-json\/wp\/v2\/media?parent=1071"}],"curies":[{"name":"wp","href":"https:\/\/api.w.org\/{rel}","templated":true}]}}