{"id":1067,"date":"2021-03-19T08:13:42","date_gmt":"2021-03-19T08:13:42","guid":{"rendered":"http:\/\/bodybagstock.com\/?post_type=product&#038;p=1067"},"modified":"2021-03-19T08:24:54","modified_gmt":"2021-03-19T08:24:54","slug":"body-bag-human-remains-400-mic","status":"publish","type":"product","link":"https:\/\/bodybagstock.com\/de\/produkt\/leichensack-menschliche-uberreste-400-mic\/","title":{"rendered":"Leichensack Menschliche \u00dcberreste - 400 MIC - BD24"},"content":{"rendered":"<p><em><strong>Leichensack Menschliche \u00dcberreste - 400 MIC<\/strong><\/em><\/p>\n<p>L\u00e4nge: 95 Zoll (240 cm). Breite: 40 Zoll (100 cm)<\/p>\n<p>Hergestellt aus strapazierf\u00e4higem, 400 Mikrometer dickem, chlorfreiem PEVA-Material<\/p>\n<p>Ausgestattet mit einer Gurtbandschlaufe auf jeder Seite und einer Gurtbandschlaufe an jeder der vier Ecken<\/p>\n<p>Verst\u00e4rkter G-Rei\u00dfverschluss, zwei rostfreie Rei\u00dfverschl\u00fcsse<\/p>\n<p>Hei\u00dfversiegelt, 100% Auslaufsicher<\/p>\n<p>Tragf\u00e4higkeit: 220 kg.<\/p>\n<p>Inklusive 3 Zehenschilder<\/p>","protected":false},"excerpt":{"rendered":"<p>Body Bag Human Remains &#8211; 400 MIC Length 95 inches (240 cm). Width: 40 inches&#8230;<\/p>","protected":false},"featured_media":1068,"comment_status":"open","ping_status":"closed","template":"","meta":{"_seopress_robots_primary_cat":"","_seopress_titles_title":"","_seopress_titles_desc":"","_seopress_robots_index":""},"_links":{"self":[{"href":"https:\/\/bodybagstock.com\/de\/wp-json\/wp\/v2\/product\/1067"}],"collection":[{"href":"https:\/\/bodybagstock.com\/de\/wp-json\/wp\/v2\/product"}],"about":[{"href":"https:\/\/bodybagstock.com\/de\/wp-json\/wp\/v2\/types\/product"}],"replies":[{"embeddable":true,"href":"https:\/\/bodybagstock.com\/de\/wp-json\/wp\/v2\/comments?post=1067"}],"wp:featuredmedia":[{"embeddable":true,"href":"https:\/\/bodybagstock.com\/de\/wp-json\/wp\/v2\/media\/1068"}],"wp:attachment":[{"href":"https:\/\/bodybagstock.com\/de\/wp-json\/wp\/v2\/media?parent=1067"}],"curies":[{"name":"wp","href":"https:\/\/api.w.org\/{rel}","templated":true}]}}