{"id":1064,"date":"2021-03-19T03:27:34","date_gmt":"2021-03-19T03:27:34","guid":{"rendered":"http:\/\/bodybagstock.com\/?post_type=product&#038;p=1064"},"modified":"2021-03-19T08:25:18","modified_gmt":"2021-03-19T08:25:18","slug":"blue-disaster-bag-with-inner-liner-8-handle-adult-size","status":"publish","type":"product","link":"https:\/\/bodybagstock.com\/de\/produkt\/blauer-katastrophensack-mit-innenfutter-8-griff-erwachsenengrose\/","title":{"rendered":"Blauer Katastrophensack mit Innenfutter - 8 Griffe - Erwachsenengr\u00f6\u00dfe - BD23"},"content":{"rendered":"<p>Blaue Katastrophentasche mit Innenauskleidung - 8 Griffe<\/p>\n<p>Konstruiert aus strapazierf\u00e4higem 15 Mil blauem Vinyl \/ PVC<\/p>\n<p>6 Verst\u00e4rkte Griffe mit Gewebe<\/p>\n<p>Gerader Rei\u00dfverschluss, zwei rostfreie Rei\u00dfverschl\u00fcsse, Rei\u00dfverschluss-Verschlussschlaufe<\/p>\n<p>Hei\u00dfversiegelt, 100% Auslaufsicher<\/p>\n<p>Inklusive 3 Zehenschilder<\/p>","protected":false},"excerpt":{"rendered":"<p>Blue Disaster Bag with Inner Liner &#8211; 8 Handle Constructed Of Heavy Duty 15 Mil&#8230;<\/p>","protected":false},"featured_media":1065,"comment_status":"open","ping_status":"closed","template":"","meta":{"_seopress_robots_primary_cat":"","_seopress_titles_title":"","_seopress_titles_desc":"","_seopress_robots_index":""},"_links":{"self":[{"href":"https:\/\/bodybagstock.com\/de\/wp-json\/wp\/v2\/product\/1064"}],"collection":[{"href":"https:\/\/bodybagstock.com\/de\/wp-json\/wp\/v2\/product"}],"about":[{"href":"https:\/\/bodybagstock.com\/de\/wp-json\/wp\/v2\/types\/product"}],"replies":[{"embeddable":true,"href":"https:\/\/bodybagstock.com\/de\/wp-json\/wp\/v2\/comments?post=1064"}],"wp:featuredmedia":[{"embeddable":true,"href":"https:\/\/bodybagstock.com\/de\/wp-json\/wp\/v2\/media\/1065"}],"wp:attachment":[{"href":"https:\/\/bodybagstock.com\/de\/wp-json\/wp\/v2\/media?parent=1064"}],"curies":[{"name":"wp","href":"https:\/\/api.w.org\/{rel}","templated":true}]}}