{"id":525,"date":"2021-03-19T07:31:12","date_gmt":"2021-03-19T07:31:12","guid":{"rendered":"http:\/\/localhost\/furniture\/wordpress\/?page_id=525"},"modified":"2021-03-22T10:47:53","modified_gmt":"2021-03-22T10:47:53","slug":"faq","status":"publish","type":"page","link":"https:\/\/bodybagstock.com\/de\/faq\/","title":{"rendered":"FAQ"},"content":{"rendered":"<div class=\"vc_row wpb_row vc_row-fluid remove-header-padding\"><div class=\"wpb_column vc_column_container vc_col-sm-12\"><div class=\"vc_column-inner\"><div class=\"wpb_wrapper\"><\/div><\/div><\/div><\/div><div class=\"vc_row wpb_row vc_row-fluid mb10\"><div class=\"wpb_column vc_column_container vc_col-sm-12\"><div class=\"vc_column-inner\"><div class=\"wpb_wrapper\"><h3 style=\"color: #070e1e;text-align: left\" class=\"vc_custom_heading\" >Informationen zum Versand<\/h3><\/div><\/div><\/div><\/div><div class=\"vc_row wpb_row vc_row-fluid mb40\"><div class=\"wpb_column vc_column_container vc_col-sm-12\"><div class=\"vc_column-inner\"><div class=\"wpb_wrapper\"><div class=\"icon-layout-2 mb30\">\r\n                         <div class=\"d_flex icon-block flex-column align-items-start\">\r\n        <div class=\"icon-wrap\"><\/div>\r\n         <div class=\"icon-content d_flex flex-column align-items-start\">\r\n         <h5 >Unterst\u00fctzen Sie spezielles Design f\u00fcr Produkte und Verpackungen?<\/h5>         \r\n         <div style=\"color: #1c5b23;\">Nat\u00fcrlich k\u00f6nnen wir auch Sonderanfertigungen f\u00fcr Leichens\u00e4cke nach Kundenw\u00fcnschen anfertigen. Wie tun Anpassung f\u00fcr Griffe &amp; Rei\u00dfverschl\u00fcsse. <\/div>\r\n         <\/div>\r\n        <\/div>\r\n                    <\/div><div class=\"icon-layout-2 mb30\">\r\n                         <div class=\"d_flex icon-block flex-column align-items-start\">\r\n        <div class=\"icon-wrap\"><\/div>\r\n         <div class=\"icon-content d_flex flex-column align-items-start\">\r\n         <h5 >Wie lange wird die Lieferzeit sein?<\/h5>         \r\n         <div style=\"color: #2c7a25;\">Normalerweise betr\u00e4gt die Lieferzeit 1 Monat f\u00fcr Mengen unter 10000 St\u00fcck f\u00fcr geschwei\u00dfte Griffe. N\u00e4hen Griffe \"K\u00f6rper Tasche wird etwa 1-2 Monate vor allem f\u00fcr gewebte Material. <\/div>\r\n         <\/div>\r\n        <\/div>\r\n                    <\/div><div class=\"icon-layout-2 mb30\">\r\n                         <div class=\"d_flex icon-block flex-column align-items-start\">\r\n        <div class=\"icon-wrap\"><\/div>\r\n         <div class=\"icon-content d_flex flex-column align-items-start\">\r\n         <h5 >Versenden Sie auch ins Ausland?<\/h5>         \r\n         <div style=\"color: #237230;\">Unsere Leichens\u00e4cke werden in die ganze Welt verschickt. Design f\u00fcr den Einsatz bei Mensch und Tier. <\/div>\r\n         <\/div>\r\n        <\/div>\r\n                    <\/div><div class=\"icon-layout-2 mb30\">\r\n                         <div class=\"d_flex icon-block flex-column align-items-start\">\r\n        <div class=\"icon-wrap\"><\/div>\r\n         <div class=\"icon-content d_flex flex-column align-items-start\">\r\n         <h5 >Wie sieht es mit dem MOQ aus?<\/h5>         \r\n         <div style=\"color: #295e1d;\">Normalerweise betr\u00e4gt die Mindestbestellmenge 100 St\u00fcck f\u00fcr PVC- und PEVA-Material auf der Grundlage eines einfachen Designs. Farbe wird wei\u00df oder schwarz sein. Wenn spezielle Design und Farbe, MOQ wird 500 St\u00fcck mindestens sein. <\/div>\r\n         <\/div>\r\n        <\/div>\r\n                    <\/div><\/div><\/div><\/div><\/div><div data-vc-full-width=\"true\" data-vc-full-width-init=\"false\" data-vc-stretch-content=\"true\" class=\"vc_row wpb_row vc_row-fluid vc_custom_1550569922468 vc_row-has-fill vc_row-no-padding\"><div class=\"wpb_column vc_column_container vc_col-sm-3\"><div class=\"vc_column-inner\"><div class=\"wpb_wrapper\"><\/div><\/div><\/div><div class=\"pt60 pb60 wpb_column vc_column_container vc_col-sm-6\"><div class=\"vc_column-inner\"><div class=\"wpb_wrapper\"><h4 style=\"color: #222222;text-align: left\" class=\"vc_custom_heading mb10\" >Wenn Sie Ihre Frage nicht finden, schicken Sie mir eine E-Mail: sales@bodybagstock.com<\/h4><\/div><\/div><\/div><div class=\"wpb_column vc_column_container vc_col-sm-3\"><div class=\"vc_column-inner\"><div class=\"wpb_wrapper\"><\/div><\/div><\/div><\/div><div class=\"vc_row-full-width vc_clearfix\"><\/div><div class=\"vc_row wpb_row vc_row-fluid mt70 mb30\"><div class=\"wpb_column vc_column_container vc_col-sm-2\"><div class=\"vc_column-inner\"><div class=\"wpb_wrapper\"><\/div><\/div><\/div><div class=\"wpb_column vc_column_container vc_col-sm-2\"><div class=\"vc_column-inner\"><div class=\"wpb_wrapper\"><\/div><\/div><\/div><\/div>","protected":false},"excerpt":{"rendered":"Shipping Information Do you support special design for products &amp; packaging? Of course we can...","protected":false},"author":1,"featured_media":0,"parent":0,"menu_order":0,"comment_status":"closed","ping_status":"closed","template":"","meta":{"_seopress_robots_primary_cat":"","_seopress_titles_title":"","_seopress_titles_desc":"","_seopress_robots_index":"","footnotes":""},"_links":{"self":[{"href":"https:\/\/bodybagstock.com\/de\/wp-json\/wp\/v2\/pages\/525"}],"collection":[{"href":"https:\/\/bodybagstock.com\/de\/wp-json\/wp\/v2\/pages"}],"about":[{"href":"https:\/\/bodybagstock.com\/de\/wp-json\/wp\/v2\/types\/page"}],"author":[{"embeddable":true,"href":"https:\/\/bodybagstock.com\/de\/wp-json\/wp\/v2\/users\/1"}],"replies":[{"embeddable":true,"href":"https:\/\/bodybagstock.com\/de\/wp-json\/wp\/v2\/comments?post=525"}],"version-history":[{"count":17,"href":"https:\/\/bodybagstock.com\/de\/wp-json\/wp\/v2\/pages\/525\/revisions"}],"predecessor-version":[{"id":1176,"href":"https:\/\/bodybagstock.com\/de\/wp-json\/wp\/v2\/pages\/525\/revisions\/1176"}],"wp:attachment":[{"href":"https:\/\/bodybagstock.com\/de\/wp-json\/wp\/v2\/media?parent=525"}],"curies":[{"name":"wp","href":"https:\/\/api.w.org\/{rel}","templated":true}]}}